{"id":486,"date":"2017-04-23T21:02:59","date_gmt":"2017-04-23T19:02:59","guid":{"rendered":"https:\/\/mozartdinner.cz\/vyber-terminu\/"},"modified":"2017-04-23T21:02:59","modified_gmt":"2017-04-23T19:02:59","slug":"vyber-terminu","status":"publish","type":"page","link":"https:\/\/mozartdinner.cz\/cs\/vyber-terminu\/","title":{"rendered":"V\u00fdb\u011br term\u00ednu"},"content":{"rendered":"","protected":false},"excerpt":{"rendered":"","protected":false},"author":1,"featured_media":0,"parent":0,"menu_order":0,"comment_status":"closed","ping_status":"closed","template":"page_event_list.php","meta":{"footnotes":""},"class_list":["post-486","page","type-page","status-publish","hentry"],"yoast_head":"<!-- This site is optimized with the Yoast SEO plugin v27.2 - https:\/\/yoast.com\/product\/yoast-seo-wordpress\/ -->\n<title>V\u00fdb\u011br term\u00ednu - Mozart Dinner *****<\/title>\n<meta name=\"robots\" content=\"index, follow, max-snippet:-1, max-image-preview:large, max-video-preview:-1\" \/>\n<link rel=\"canonical\" href=\"https:\/\/mozartdinner.cz\/cs\/vyber-terminu\/\" \/>\n<meta property=\"og:locale\" content=\"cs_CZ\" \/>\n<meta property=\"og:type\" content=\"article\" \/>\n<meta property=\"og:title\" content=\"V\u00fdb\u011br term\u00ednu - Mozart Dinner *****\" \/>\n<meta property=\"og:url\" content=\"https:\/\/mozartdinner.cz\/cs\/vyber-terminu\/\" \/>\n<meta property=\"og:site_name\" content=\"Mozart Dinner *****\" \/>\n<meta name=\"twitter:card\" content=\"summary_large_image\" \/>\n<script type=\"application\/ld+json\" class=\"yoast-schema-graph\">{\"@context\":\"https:\/\/schema.org\",\"@graph\":[{\"@type\":\"WebPage\",\"@id\":\"https:\/\/mozartdinner.cz\/cs\/vyber-terminu\/\",\"url\":\"https:\/\/mozartdinner.cz\/cs\/vyber-terminu\/\",\"name\":\"V\u00fdb\u011br term\u00ednu - Mozart Dinner *****\",\"isPartOf\":{\"@id\":\"https:\/\/mozartdinner.cz\/#website\"},\"datePublished\":\"2017-04-23T19:02:59+00:00\",\"breadcrumb\":{\"@id\":\"https:\/\/mozartdinner.cz\/cs\/vyber-terminu\/#breadcrumb\"},\"inLanguage\":\"cs\",\"potentialAction\":[{\"@type\":\"ReadAction\",\"target\":[\"https:\/\/mozartdinner.cz\/cs\/vyber-terminu\/\"]}]},{\"@type\":\"BreadcrumbList\",\"@id\":\"https:\/\/mozartdinner.cz\/cs\/vyber-terminu\/#breadcrumb\",\"itemListElement\":[{\"@type\":\"ListItem\",\"position\":1,\"name\":\"Home\",\"item\":\"https:\/\/mozartdinner.cz\/cs\/\"},{\"@type\":\"ListItem\",\"position\":2,\"name\":\"V\u00fdb\u011br term\u00ednu\"}]},{\"@type\":\"WebSite\",\"@id\":\"https:\/\/mozartdinner.cz\/#website\",\"url\":\"https:\/\/mozartdinner.cz\/\",\"name\":\"Mozart Dinner *****\",\"description\":\"Your private opera theater in Prague\",\"potentialAction\":[{\"@type\":\"SearchAction\",\"target\":{\"@type\":\"EntryPoint\",\"urlTemplate\":\"https:\/\/mozartdinner.cz\/?s={search_term_string}\"},\"query-input\":{\"@type\":\"PropertyValueSpecification\",\"valueRequired\":true,\"valueName\":\"search_term_string\"}}],\"inLanguage\":\"cs\"}]}<\/script>\n<!-- \/ Yoast SEO plugin. -->","yoast_head_json":{"title":"V\u00fdb\u011br term\u00ednu - Mozart Dinner *****","robots":{"index":"index","follow":"follow","max-snippet":"max-snippet:-1","max-image-preview":"max-image-preview:large","max-video-preview":"max-video-preview:-1"},"canonical":"https:\/\/mozartdinner.cz\/cs\/vyber-terminu\/","og_locale":"cs_CZ","og_type":"article","og_title":"V\u00fdb\u011br term\u00ednu - Mozart Dinner *****","og_url":"https:\/\/mozartdinner.cz\/cs\/vyber-terminu\/","og_site_name":"Mozart Dinner *****","twitter_card":"summary_large_image","schema":{"@context":"https:\/\/schema.org","@graph":[{"@type":"WebPage","@id":"https:\/\/mozartdinner.cz\/cs\/vyber-terminu\/","url":"https:\/\/mozartdinner.cz\/cs\/vyber-terminu\/","name":"V\u00fdb\u011br term\u00ednu - Mozart Dinner *****","isPartOf":{"@id":"https:\/\/mozartdinner.cz\/#website"},"datePublished":"2017-04-23T19:02:59+00:00","breadcrumb":{"@id":"https:\/\/mozartdinner.cz\/cs\/vyber-terminu\/#breadcrumb"},"inLanguage":"cs","potentialAction":[{"@type":"ReadAction","target":["https:\/\/mozartdinner.cz\/cs\/vyber-terminu\/"]}]},{"@type":"BreadcrumbList","@id":"https:\/\/mozartdinner.cz\/cs\/vyber-terminu\/#breadcrumb","itemListElement":[{"@type":"ListItem","position":1,"name":"Home","item":"https:\/\/mozartdinner.cz\/cs\/"},{"@type":"ListItem","position":2,"name":"V\u00fdb\u011br term\u00ednu"}]},{"@type":"WebSite","@id":"https:\/\/mozartdinner.cz\/#website","url":"https:\/\/mozartdinner.cz\/","name":"Mozart Dinner *****","description":"Your private opera theater in Prague","potentialAction":[{"@type":"SearchAction","target":{"@type":"EntryPoint","urlTemplate":"https:\/\/mozartdinner.cz\/?s={search_term_string}"},"query-input":{"@type":"PropertyValueSpecification","valueRequired":true,"valueName":"search_term_string"}}],"inLanguage":"cs"}]}},"publishpress_future_workflow_manual_trigger":{"enabledWorkflows":[]},"_links":{"self":[{"href":"https:\/\/mozartdinner.cz\/cs\/wp-json\/wp\/v2\/pages\/486","targetHints":{"allow":["GET"]}}],"collection":[{"href":"https:\/\/mozartdinner.cz\/cs\/wp-json\/wp\/v2\/pages"}],"about":[{"href":"https:\/\/mozartdinner.cz\/cs\/wp-json\/wp\/v2\/types\/page"}],"author":[{"embeddable":true,"href":"https:\/\/mozartdinner.cz\/cs\/wp-json\/wp\/v2\/users\/1"}],"replies":[{"embeddable":true,"href":"https:\/\/mozartdinner.cz\/cs\/wp-json\/wp\/v2\/comments?post=486"}],"version-history":[{"count":0,"href":"https:\/\/mozartdinner.cz\/cs\/wp-json\/wp\/v2\/pages\/486\/revisions"}],"wp:attachment":[{"href":"https:\/\/mozartdinner.cz\/cs\/wp-json\/wp\/v2\/media?parent=486"}],"curies":[{"name":"wp","href":"https:\/\/api.w.org\/{rel}","templated":true}]}}