{"id":4095,"date":"2018-03-26T15:27:20","date_gmt":"2018-03-26T13:27:20","guid":{"rendered":"https:\/\/mozartdinner.cz\/?page_id=4095"},"modified":"2018-06-02T17:03:37","modified_gmt":"2018-06-02T15:03:37","slug":"silvestr-menu-v-obecnim-dome","status":"publish","type":"page","link":"https:\/\/mozartdinner.cz\/cs\/silvestr-menu-v-obecnim-dome\/","title":{"rendered":"Silvestr \u2013 Menu v Obecn\u00edm dom\u011b"},"content":{"rendered":"<div class=\"row\">\n<div class=\"col-lg-6 col-sm-6 col-md-6 col-xs-12 no-margin-on-last-p\">\n<p><a href=\"https:\/\/mozartdinner.cz\/wp-content\/uploads\/2018\/03\/food-obecni-05.jpg\"><img loading=\"lazy\" decoding=\"async\" class=\"alignleft wp-image-3989 size-full\" src=\"https:\/\/mozartdinner.cz\/wp-content\/uploads\/2018\/03\/food-obecni-05-tm.jpg\" alt=\"\" width=\"535\" height=\"171\" \/><\/a><\/p>\n<h3 class=\"nadpis-odrazka\">Vegetari\u00e1nsk\u00e9 menu<\/h3>\n<p>Kroketa z koz\u00edho s\u00fdra se \u0161pen\u00e1tem<\/p>\n<p>Raj\u010datov\u00fd tatar\u00e1k na ope\u010den\u00e9m toastu s avok\u00e1dem<\/p>\n<p>Pol\u00e9vka z Jeruzal\u00e9msk\u00fdch arty\u010dok\u016f s \u010dokol\u00e1dovou sol\u00ed a krutony<\/p>\n<p>Gnudi s cherry raj\u010daty, bazalkou a parmaz\u00e1nem<\/p>\n<p>Bramborov\u00fd fondant s restovan\u00fdmi houbami, houbov\u00e1 om\u00e1\u010dka a pe\u010den\u00fd bok choy<\/p>\n<p>Makronka s vanilkov\u00fdm kr\u00e9mem \u010derstv\u00fdmi malinami a malinov\u00fdm sorbetem<\/p>\n<\/div>\n<div class=\"col-lg-6 col-sm-6 col-md-6 col-xs-12 no-margin-on-last-p\">\n<p><a href=\"https:\/\/mozartdinner.cz\/wp-content\/uploads\/2018\/03\/food-obecni-06.jpg\"><img loading=\"lazy\" decoding=\"async\" class=\"alignleft wp-image-3993 size-full\" src=\"https:\/\/mozartdinner.cz\/wp-content\/uploads\/2018\/03\/food-obecni-06-tm.jpg\" alt=\"\" width=\"535\" height=\"171\" \/><\/a><\/p>\n<h3 class=\"nadpis-odrazka\">D\u011btsk\u00e9 menu<\/h3>\n<p>Siln\u00fd hov\u011bz\u00ed v\u00fdvar se zeleninou, masem a nudlemi<\/p>\n<p>Fil\u00edrovan\u00e9 ku\u0159ec\u00ed prso, kapustov\u00e9 rag\u00fa, pe\u010den\u00e9 bat\u00e1tov\u00e9 hranolky<\/p>\n<p>Makronka s vanilkov\u00fdm kr\u00e9mem, \u010derstv\u00fdmi malinami a malinov\u00fdm sorbetem<\/p>\n<\/div>\n<\/div>\n<p><a class=\"mf-button mf-button-auto-width hell-woo-add-me-cart\" style=\"margin-top: 34px;\" href=\"#\" rel=\"nofollow\" data-prdid=\"3823\">REZERVACE VSTUPENKY<\/a><\/p>\n","protected":false},"excerpt":{"rendered":"<p>Vegetari\u00e1nsk\u00e9 menu Kroketa z koz\u00edho s\u00fdra se \u0161pen\u00e1tem Raj\u010datov\u00fd tatar\u00e1k na ope\u010den\u00e9m toastu s avok\u00e1dem Pol\u00e9vka z Jeruzal\u00e9msk\u00fdch arty\u010dok\u016f s \u010dokol\u00e1dovou sol\u00ed a krutony Gnudi s cherry raj\u010daty, bazalkou a parmaz\u00e1nem Bramborov\u00fd fondant s restovan\u00fdmi houbami, houbov\u00e1 om\u00e1\u010dka a pe\u010den\u00fd bok choy Makronka s vanilkov\u00fdm kr\u00e9mem \u010derstv\u00fdmi malinami a malinov\u00fdm sorbetem D\u011btsk\u00e9 menu Siln\u00fd hov\u011bz\u00ed [&hellip;]<\/p>\n","protected":false},"author":3,"featured_media":0,"parent":0,"menu_order":0,"comment_status":"closed","ping_status":"closed","template":"","meta":{"footnotes":""},"class_list":["post-4095","page","type-page","status-publish","hentry"],"yoast_head":"<!-- This site is optimized with the Yoast SEO plugin v27.5 - https:\/\/yoast.com\/product\/yoast-seo-wordpress\/ -->\n<title>Silvestr \u2013 Menu v Obecn\u00edm dom\u011b - Mozart Dinner *****<\/title>\n<meta name=\"robots\" content=\"index, follow, max-snippet:-1, max-image-preview:large, max-video-preview:-1\" \/>\n<link rel=\"canonical\" href=\"https:\/\/mozartdinner.cz\/cs\/silvestr-menu-v-obecnim-dome\/\" \/>\n<meta property=\"og:locale\" content=\"cs_CZ\" \/>\n<meta property=\"og:type\" content=\"article\" \/>\n<meta property=\"og:title\" content=\"Silvestr \u2013 Menu v Obecn\u00edm dom\u011b - Mozart Dinner *****\" \/>\n<meta property=\"og:description\" content=\"Vegetari\u00e1nsk\u00e9 menu Kroketa z koz\u00edho s\u00fdra se \u0161pen\u00e1tem Raj\u010datov\u00fd tatar\u00e1k na ope\u010den\u00e9m toastu s avok\u00e1dem Pol\u00e9vka z Jeruzal\u00e9msk\u00fdch arty\u010dok\u016f s \u010dokol\u00e1dovou sol\u00ed a krutony Gnudi s cherry raj\u010daty, bazalkou a parmaz\u00e1nem Bramborov\u00fd fondant s restovan\u00fdmi houbami, houbov\u00e1 om\u00e1\u010dka a pe\u010den\u00fd bok choy Makronka s vanilkov\u00fdm kr\u00e9mem \u010derstv\u00fdmi malinami a malinov\u00fdm sorbetem D\u011btsk\u00e9 menu Siln\u00fd hov\u011bz\u00ed [&hellip;]\" \/>\n<meta property=\"og:url\" content=\"https:\/\/mozartdinner.cz\/cs\/silvestr-menu-v-obecnim-dome\/\" \/>\n<meta property=\"og:site_name\" content=\"Mozart Dinner *****\" \/>\n<meta property=\"article:modified_time\" content=\"2018-06-02T15:03:37+00:00\" \/>\n<meta property=\"og:image\" content=\"https:\/\/mozartdinner.cz\/wp-content\/uploads\/2018\/03\/food-obecni-05-tm.jpg\" \/>\n<meta name=\"twitter:card\" content=\"summary_large_image\" \/>\n<meta name=\"twitter:label1\" content=\"Odhadovan\u00e1 doba \u010dten\u00ed\" \/>\n\t<meta name=\"twitter:data1\" content=\"1 minuta\" \/>\n<script type=\"application\/ld+json\" class=\"yoast-schema-graph\">{\"@context\":\"https:\\\/\\\/schema.org\",\"@graph\":[{\"@type\":\"WebPage\",\"@id\":\"https:\\\/\\\/mozartdinner.cz\\\/cs\\\/silvestr-menu-v-obecnim-dome\\\/\",\"url\":\"https:\\\/\\\/mozartdinner.cz\\\/cs\\\/silvestr-menu-v-obecnim-dome\\\/\",\"name\":\"Silvestr \u2013 Menu v Obecn\u00edm dom\u011b - Mozart Dinner *****\",\"isPartOf\":{\"@id\":\"https:\\\/\\\/mozartdinner.cz\\\/#website\"},\"primaryImageOfPage\":{\"@id\":\"https:\\\/\\\/mozartdinner.cz\\\/cs\\\/silvestr-menu-v-obecnim-dome\\\/#primaryimage\"},\"image\":{\"@id\":\"https:\\\/\\\/mozartdinner.cz\\\/cs\\\/silvestr-menu-v-obecnim-dome\\\/#primaryimage\"},\"thumbnailUrl\":\"https:\\\/\\\/mozartdinner.cz\\\/wp-content\\\/uploads\\\/2018\\\/03\\\/food-obecni-05-tm.jpg\",\"datePublished\":\"2018-03-26T13:27:20+00:00\",\"dateModified\":\"2018-06-02T15:03:37+00:00\",\"breadcrumb\":{\"@id\":\"https:\\\/\\\/mozartdinner.cz\\\/cs\\\/silvestr-menu-v-obecnim-dome\\\/#breadcrumb\"},\"inLanguage\":\"cs\",\"potentialAction\":[{\"@type\":\"ReadAction\",\"target\":[\"https:\\\/\\\/mozartdinner.cz\\\/cs\\\/silvestr-menu-v-obecnim-dome\\\/\"]}]},{\"@type\":\"ImageObject\",\"inLanguage\":\"cs\",\"@id\":\"https:\\\/\\\/mozartdinner.cz\\\/cs\\\/silvestr-menu-v-obecnim-dome\\\/#primaryimage\",\"url\":\"https:\\\/\\\/mozartdinner.cz\\\/wp-content\\\/uploads\\\/2018\\\/03\\\/food-obecni-05-tm.jpg\",\"contentUrl\":\"https:\\\/\\\/mozartdinner.cz\\\/wp-content\\\/uploads\\\/2018\\\/03\\\/food-obecni-05-tm.jpg\"},{\"@type\":\"BreadcrumbList\",\"@id\":\"https:\\\/\\\/mozartdinner.cz\\\/cs\\\/silvestr-menu-v-obecnim-dome\\\/#breadcrumb\",\"itemListElement\":[{\"@type\":\"ListItem\",\"position\":1,\"name\":\"Home\",\"item\":\"https:\\\/\\\/mozartdinner.cz\\\/cs\\\/\"},{\"@type\":\"ListItem\",\"position\":2,\"name\":\"Silvestr \u2013 Menu v Obecn\u00edm dom\u011b\"}]},{\"@type\":\"WebSite\",\"@id\":\"https:\\\/\\\/mozartdinner.cz\\\/#website\",\"url\":\"https:\\\/\\\/mozartdinner.cz\\\/\",\"name\":\"Mozart Dinner *****\",\"description\":\"Your private opera theater in Prague\",\"potentialAction\":[{\"@type\":\"SearchAction\",\"target\":{\"@type\":\"EntryPoint\",\"urlTemplate\":\"https:\\\/\\\/mozartdinner.cz\\\/?s={search_term_string}\"},\"query-input\":{\"@type\":\"PropertyValueSpecification\",\"valueRequired\":true,\"valueName\":\"search_term_string\"}}],\"inLanguage\":\"cs\"}]}<\/script>\n<!-- \/ Yoast SEO plugin. -->","yoast_head_json":{"title":"Silvestr \u2013 Menu v Obecn\u00edm dom\u011b - Mozart Dinner *****","robots":{"index":"index","follow":"follow","max-snippet":"max-snippet:-1","max-image-preview":"max-image-preview:large","max-video-preview":"max-video-preview:-1"},"canonical":"https:\/\/mozartdinner.cz\/cs\/silvestr-menu-v-obecnim-dome\/","og_locale":"cs_CZ","og_type":"article","og_title":"Silvestr \u2013 Menu v Obecn\u00edm dom\u011b - Mozart Dinner *****","og_description":"Vegetari\u00e1nsk\u00e9 menu Kroketa z koz\u00edho s\u00fdra se \u0161pen\u00e1tem Raj\u010datov\u00fd tatar\u00e1k na ope\u010den\u00e9m toastu s avok\u00e1dem Pol\u00e9vka z Jeruzal\u00e9msk\u00fdch arty\u010dok\u016f s \u010dokol\u00e1dovou sol\u00ed a krutony Gnudi s cherry raj\u010daty, bazalkou a parmaz\u00e1nem Bramborov\u00fd fondant s restovan\u00fdmi houbami, houbov\u00e1 om\u00e1\u010dka a pe\u010den\u00fd bok choy Makronka s vanilkov\u00fdm kr\u00e9mem \u010derstv\u00fdmi malinami a malinov\u00fdm sorbetem D\u011btsk\u00e9 menu Siln\u00fd hov\u011bz\u00ed [&hellip;]","og_url":"https:\/\/mozartdinner.cz\/cs\/silvestr-menu-v-obecnim-dome\/","og_site_name":"Mozart Dinner *****","article_modified_time":"2018-06-02T15:03:37+00:00","og_image":[{"url":"https:\/\/mozartdinner.cz\/wp-content\/uploads\/2018\/03\/food-obecni-05-tm.jpg","type":"","width":"","height":""}],"twitter_card":"summary_large_image","twitter_misc":{"Odhadovan\u00e1 doba \u010dten\u00ed":"1 minuta"},"schema":{"@context":"https:\/\/schema.org","@graph":[{"@type":"WebPage","@id":"https:\/\/mozartdinner.cz\/cs\/silvestr-menu-v-obecnim-dome\/","url":"https:\/\/mozartdinner.cz\/cs\/silvestr-menu-v-obecnim-dome\/","name":"Silvestr \u2013 Menu v Obecn\u00edm dom\u011b - Mozart Dinner *****","isPartOf":{"@id":"https:\/\/mozartdinner.cz\/#website"},"primaryImageOfPage":{"@id":"https:\/\/mozartdinner.cz\/cs\/silvestr-menu-v-obecnim-dome\/#primaryimage"},"image":{"@id":"https:\/\/mozartdinner.cz\/cs\/silvestr-menu-v-obecnim-dome\/#primaryimage"},"thumbnailUrl":"https:\/\/mozartdinner.cz\/wp-content\/uploads\/2018\/03\/food-obecni-05-tm.jpg","datePublished":"2018-03-26T13:27:20+00:00","dateModified":"2018-06-02T15:03:37+00:00","breadcrumb":{"@id":"https:\/\/mozartdinner.cz\/cs\/silvestr-menu-v-obecnim-dome\/#breadcrumb"},"inLanguage":"cs","potentialAction":[{"@type":"ReadAction","target":["https:\/\/mozartdinner.cz\/cs\/silvestr-menu-v-obecnim-dome\/"]}]},{"@type":"ImageObject","inLanguage":"cs","@id":"https:\/\/mozartdinner.cz\/cs\/silvestr-menu-v-obecnim-dome\/#primaryimage","url":"https:\/\/mozartdinner.cz\/wp-content\/uploads\/2018\/03\/food-obecni-05-tm.jpg","contentUrl":"https:\/\/mozartdinner.cz\/wp-content\/uploads\/2018\/03\/food-obecni-05-tm.jpg"},{"@type":"BreadcrumbList","@id":"https:\/\/mozartdinner.cz\/cs\/silvestr-menu-v-obecnim-dome\/#breadcrumb","itemListElement":[{"@type":"ListItem","position":1,"name":"Home","item":"https:\/\/mozartdinner.cz\/cs\/"},{"@type":"ListItem","position":2,"name":"Silvestr \u2013 Menu v Obecn\u00edm dom\u011b"}]},{"@type":"WebSite","@id":"https:\/\/mozartdinner.cz\/#website","url":"https:\/\/mozartdinner.cz\/","name":"Mozart Dinner *****","description":"Your private opera theater in Prague","potentialAction":[{"@type":"SearchAction","target":{"@type":"EntryPoint","urlTemplate":"https:\/\/mozartdinner.cz\/?s={search_term_string}"},"query-input":{"@type":"PropertyValueSpecification","valueRequired":true,"valueName":"search_term_string"}}],"inLanguage":"cs"}]}},"publishpress_future_workflow_manual_trigger":{"enabledWorkflows":[]},"_links":{"self":[{"href":"https:\/\/mozartdinner.cz\/cs\/wp-json\/wp\/v2\/pages\/4095","targetHints":{"allow":["GET"]}}],"collection":[{"href":"https:\/\/mozartdinner.cz\/cs\/wp-json\/wp\/v2\/pages"}],"about":[{"href":"https:\/\/mozartdinner.cz\/cs\/wp-json\/wp\/v2\/types\/page"}],"author":[{"embeddable":true,"href":"https:\/\/mozartdinner.cz\/cs\/wp-json\/wp\/v2\/users\/3"}],"replies":[{"embeddable":true,"href":"https:\/\/mozartdinner.cz\/cs\/wp-json\/wp\/v2\/comments?post=4095"}],"version-history":[{"count":8,"href":"https:\/\/mozartdinner.cz\/cs\/wp-json\/wp\/v2\/pages\/4095\/revisions"}],"predecessor-version":[{"id":5093,"href":"https:\/\/mozartdinner.cz\/cs\/wp-json\/wp\/v2\/pages\/4095\/revisions\/5093"}],"wp:attachment":[{"href":"https:\/\/mozartdinner.cz\/cs\/wp-json\/wp\/v2\/media?parent=4095"}],"curies":[{"name":"wp","href":"https:\/\/api.w.org\/{rel}","templated":true}]}}