{"id":4081,"date":"2018-03-26T12:37:43","date_gmt":"2018-03-26T10:37:43","guid":{"rendered":"https:\/\/mozartdinner.cz\/silvestrovska-galavecere\/silvestrovska-galavecere-s-mozartem\/"},"modified":"2024-03-26T10:52:48","modified_gmt":"2024-03-26T09:52:48","slug":"silvestrovsky-galavecer-s-mozartem-2024","status":"publish","type":"page","link":"https:\/\/mozartdinner.cz\/cs\/silvestrovsky-galavecer-s-mozartem-2024\/","title":{"rendered":"Silvestrovsk\u00fd galave\u010der s Mozartem v s\u00e1le Boccaccio"},"content":{"rendered":"<h2>Silvestrovsk\u00fd galave\u010der s Mozartem<\/h2>\n<div class=\"hell-accordition\">P\u0159ij\u010fte oslavit Nov\u00fd rok na jedine\u010dnou Silvestrovskou galave\u010de\u0159i s Mozartem v n\u00e1dhern\u00e9m novobarokn\u00edm tane\u010dn\u00edm s\u00e1le Boccaccio.<\/div>\n<p>Na silvestrovsk\u00fd ve\u010der jsme pro v\u00e1s p\u0159ipravili v\u00fdjime\u010dn\u00fd program se slavnostn\u00ed \u0161estichodovou ve\u010de\u0159\u00ed. Vychutnejte si Mozartovy \u00e1rie, duety a instrument\u00e1ln\u00ed skladby v pod\u00e1n\u00ed t\u011bch nejlep\u0161\u00edch \u010desk\u00fdch um\u011blc\u016f. Po p\u016flnoci se pak pono\u0159te do nejkr\u00e1sn\u011bj\u0161\u00edch val\u010d\u00edk\u016f od Johanna Strausse II., po kter\u00fdch bude n\u00e1sledovat Frank Sinatra Gala. To v\u0161e ji\u017e tradi\u010dn\u011b v n\u00e1dhern\u00e9m pam\u00e1tkov\u011b chr\u00e1n\u011bn\u00e9m s\u00e1le Boccaccio. <strong>Doporu\u010den\u00e9 oble\u010den\u00ed &#8211; dlouh\u00e1 ve\u010dern\u00ed toaleta pro d\u00e1my a smoking pro p\u00e1ny.<\/strong><\/p>\n<h1>Program Silvestrovsk\u00e9ho galave\u010dera<\/h1>\n<p>Silvestrovsk\u00fd program za\u010d\u00edn\u00e1 v 19:30 speci\u00e1ln\u00edm welcome drinkem a kon\u010d\u00ed p\u0159ibli\u017en\u011b v 1:30 r\u00e1no.<\/p>\n<h3 class=\"nadpis-odrazka\"><strong>19:30 P\u0159\u00edchod \u2013 Welcome drink a amuse bouche<\/strong><\/h3>\n<h3 class=\"nadpis-odrazka\"><strong>20:00 Pralinky z Foie Gras se \u0161alotkov\u00fdm chutney a om\u00e1\u010dkou z lesn\u00edch plod\u016f<\/strong><\/h3>\n<div class=\"row\">\n<div class=\"col-xs-12 col-sm-6 col-md-4 col-lg-4\"><img loading=\"lazy\" decoding=\"async\" class=\"wp-image-21291 size-full alignnone\" style=\"margin-top: 25px;\" src=\"https:\/\/mozartdinner.cz\/wp-content\/uploads\/2022\/09\/thumb-predkrm.jpg\" alt=\"novoro\u010dn\u00ed galave\u010der s mozartem menu1\" width=\"200\" height=\"200\" srcset=\"https:\/\/mozartdinner.cz\/wp-content\/uploads\/2022\/09\/thumb-predkrm.jpg 300w, https:\/\/mozartdinner.cz\/wp-content\/uploads\/2022\/09\/thumb-predkrm-100x100.jpg 100w\" sizes=\"auto, (max-width: 200px) 100vw, 200px\" \/><\/div>\n<div class=\"col-xs-12 col-sm-6 col-md-8 col-lg-8\">\n<p style=\"margin-top: 30px;\"><strong>20:30 &#8211; za\u010d\u00e1tek prvn\u00ed \u010d\u00e1sti<\/strong><br \/>\n<strong>Don Giovanni<\/strong><\/p>\n<ul>\n<li>Aria Leporella \u2013 \u201cNotte e giorno faticar\u201d<\/li>\n<li>Duet Zerlina and Masetto \u2013 \u201cGiovinette che fate l\u00b4amore\u201d<\/li>\n<li>\u201cMal\u00e1 no\u010dn\u00ed hudba \u2013 Allegro\u201d (1. v\u011bta)<\/li>\n<li>Aria Zerlina \u2013 \u201cBatti, batti o bel Masetto\u201d<\/li>\n<li>\u201cMal\u00e1 no\u010dn\u00ed hudba \u2013 Romance\u201d (2. v\u011bta)<\/li>\n<li>Duet Giovanniho a Zerliny \u201cL\u00e0 ci darem la mano\u201d<\/li>\n<\/ul>\n<\/div>\n<\/div>\n<h3 class=\"nadpis-odrazka\"><strong>20:50 Siln\u00fd dr\u016fbe\u017e\u00ed v\u00fdvar s ko\u0159enovou zeleninou a raviolkami pln\u011bn\u00fdmi dr\u016fbe\u017e\u00edmi j\u00e1try<\/strong><\/h3>\n<div class=\"row\">\n<div class=\"col-xs-12 col-sm-6 col-md-4 col-lg-4\"><img loading=\"lazy\" decoding=\"async\" class=\"wp-image-21291 size-full alignnone\" style=\"margin-top: 25px;\" src=\"https:\/\/mozartdinner.cz\/wp-content\/uploads\/2022\/06\/jidlo-2022-silvestr-2.jpg\" alt=\"novoro\u010dn\u00ed galave\u010der s mozartem menu2\" width=\"200\" height=\"200\" \/><\/div>\n<div class=\"col-xs-12 col-sm-6 col-md-8 col-lg-8\">\n<p style=\"margin-top: 40px;\"><strong>21:20 &#8211; za\u010d\u00e1tek 2. \u010d\u00e1sti<\/strong><br \/>\n<strong>To nejlep\u0161\u00ed z Mozartov\u00fdch oper<\/strong><\/p>\n<ul>\n<li>Aria Figaro \u2013 \u201cNon pi\u00fa andrai\u201d z opery \u201cFigarova svatba\u201d<\/li>\n<li>Aria Cherubino \u2013 \u201cVoi che sapete\u201d from \u201cFigarova svatba\u201d<\/li>\n<li>\u201cDivertimento in D major \u2013 Allegro\u201d<\/li>\n<li>Aria Leporella \u2013 \u201cMadamina\u201d from \u201cDon Giovanni\u201d<\/li>\n<li>\u201cDivertimento in D major \u2013 Presto\u201d<\/li>\n<li>Duet Susanna and Figaro \u2013 \u201cTutto \u00e9 tranquillo\u2026Pace, pace\u201d z opery \u201cFigarova svatba\u201d<\/li>\n<\/ul>\n<\/div>\n<\/div>\n<h3 class=\"nadpis-odrazka\"><strong>21:50 Limetkov\u00fd sorbet s kapkou vodky<\/strong><\/h3>\n<div class=\"row\">\n<div class=\"col-xs-12 col-sm-6 col-md-4 col-lg-4\"><img loading=\"lazy\" decoding=\"async\" class=\"wp-image-21291 size-full alignnone\" style=\"margin-top: 25px;\" src=\"https:\/\/mozartdinner.cz\/wp-content\/uploads\/2022\/11\/jidlo-2022-v2-main-7-thumb.jpg\" alt=\"novoro\u010dn\u00ed galave\u010der s mozartem menu3\" width=\"200\" height=\"200\" \/><\/div>\n<div class=\"col-xs-12 col-sm-6 col-md-8 col-lg-8\">\n<p style=\"margin-top: 40px;\"><strong>22:20 &#8211; za\u010d\u00e1tek 3. \u010d\u00e1sti<\/strong><br \/>\n<strong>Kouzeln\u00e1 fl\u00e9tna<\/strong><\/p>\n<ul>\n<li>Duet Papageno and Pamina \u2013 \u201cBei M\u00e4nnern welche Liebe f\u00fchlen\u201d<\/li>\n<li>\u201cMal\u00e1 no\u010dn\u00ed hudba \u2013 Menuetto\u201d (3. v\u011bta)<\/li>\n<li>Aria Pamina \u2013 \u201cAch ich f\u00fchl\u2019s\u201d<\/li>\n<li>Aria Papageno \u2013 \u201cEin M\u00e4dchen oder Weibchen\u201d<\/li>\n<li>Duet Papageno a Papagena \u2013 \u201cPa-pa\u201d<\/li>\n<\/ul>\n<\/div>\n<\/div>\n<h3 class=\"nadpis-odrazka\"><strong>22:40 Grilovan\u00e1 kachn\u00ed prsa s om\u00e1\u010dkou z foie gras, marmel\u00e1dou z \u010derven\u00e9ho zel\u00ed a pe\u010den\u00fdmi \u0161kub\u00e1nky<\/strong><\/h3>\n<div class=\"row\">\n<div class=\"col-xs-12 col-sm-6 col-md-4 col-lg-4\"><img loading=\"lazy\" decoding=\"async\" class=\"wp-image-21291 size-full alignnone\" style=\"margin-top: 25px;\" src=\"https:\/\/mozartdinner.cz\/wp-content\/uploads\/2022\/06\/jidlo-2022-silvestr-3.jpg\" alt=\"menu4 grilovana kachni prsa\" width=\"200\" height=\"200\" \/><\/div>\n<div class=\"col-xs-12 col-sm-6 col-md-8 col-lg-8\">\n<p style=\"margin-top: 30px;\"><strong>23:10 &#8211; za\u010d\u00e1tek 4. \u010d\u00e1sti<\/strong><br \/>\n<strong>Silvestr<\/strong><\/p>\n<ul>\n<li>\u201cKaiser Walzer\u201d \u2013 J. Strauss<\/li>\n<li>\u201cAll I Ask of You\u201d \u2013 A. L. Webber<\/li>\n<li>\u201cUnter Donner und Blitz\u201d Polka schnell \u2013 J. Strauss<\/li>\n<li>\u201cMeine Lippen Sie k\u00fcssen so hei\u00df \u2026\u201d. \u2013 F. Leh\u00e1r<\/li>\n<li>\u00c1rie Dona Giovanniho \u2013 \u201cFinch\u00b4 han dal vino\u201d \u2013 W. A. Mozart<\/li>\n<li>\u201cTritsch-Tratsch-Polka\u201d \u2013 J. Strauss<\/li>\n<li>\u201cLippen schweigen\u201d \u2013 F. Leh\u00e1r<\/li>\n<\/ul>\n<\/div>\n<\/div>\n<h3 class=\"nadpis-odrazka\"><strong>23:30 \u010cokol\u00e1dov\u00fd dort\u00edk<\/strong><\/h3>\n<div class=\"col-xs-12 col-sm-12 col-md-12 col-lg-12\"><img loading=\"lazy\" decoding=\"async\" class=\"wp-image-21291 size-full alignnone\" style=\"margin-top: 25px;\" src=\"https:\/\/mozartdinner.cz\/wp-content\/uploads\/2022\/11\/jidlo-2022-v2-main-8-thumb.jpg\" alt=\"menu5 cokoladovy dortik\" width=\"200\" height=\"200\" \/><\/div>\n<h3 class=\"nadpis-odrazka\"><strong>23:58 Novoro\u010dn\u00ed p\u0159\u00edpitek<\/strong><\/h3>\n<div class=\"row\">\n<div class=\"col-xs-12 col-sm-6 col-md-4 col-lg-4\"><img loading=\"lazy\" decoding=\"async\" class=\"wp-image-20020 size-full alignnone\" style=\"margin-top: 25px;\" src=\"https:\/\/mozartdinner.cz\/wp-content\/uploads\/2022\/06\/zpevaci.jpg\" alt=\"new years eve mozart dinner zpevaci\" width=\"200\" height=\"200\" srcset=\"https:\/\/mozartdinner.cz\/wp-content\/uploads\/2022\/06\/zpevaci.jpg 300w, https:\/\/mozartdinner.cz\/wp-content\/uploads\/2022\/06\/zpevaci-100x100.jpg 100w\" sizes=\"auto, (max-width: 200px) 100vw, 200px\" \/><\/div>\n<div class=\"col-xs-12 col-sm-6 col-md-8 col-lg-8\">\n<p style=\"margin-top: 60px;\"><strong>00:00 Novoro\u010dn\u00ed val\u010d\u00edk<\/strong><\/p>\n<ul>\n<li>Na kr\u00e1sn\u00e9m modr\u00e9m Dunaji \u2013 Johann Strauss<\/li>\n<li>Val\u010d\u00edk &#8222;V\u00edde\u0148sk\u00e1 krev &#8211; Johann Strauss<\/li>\n<li><strong>P\u016flno\u010dn\u00ed \u0161unka s \u010do\u010dkou a r\u016fzn\u00e9 druhy dopl\u0148k\u016f, \u010derstv\u00fd chl\u00e9b<\/strong><\/li>\n<\/ul>\n<\/div>\n<\/div>\n<h3 class=\"nadpis-odrazka\"><strong>00:15 \u2013 1:30 Silvestrovsk\u00e1 gala &#8211; Frank Sinatra<\/strong><\/h3>\n<div class=\"row\">\n<div class=\"col-xs-12 col-sm-6 col-md-4 col-lg-4\"><img loading=\"lazy\" decoding=\"async\" class=\"wp-image-9844 size-full alignnone\" style=\"margin-top: 25px;\" src=\"https:\/\/mozartdinner.cz\/wp-content\/uploads\/2018\/03\/Jazz_4_sqr_small.jpg\" alt=\"silvestrovk\u00e1 gala a jazz\" width=\"200\" height=\"200\" srcset=\"https:\/\/mozartdinner.cz\/wp-content\/uploads\/2018\/03\/Jazz_4_sqr_small.jpg 247w, https:\/\/mozartdinner.cz\/wp-content\/uploads\/2018\/03\/Jazz_4_sqr_small-100x100.jpg 100w\" sizes=\"auto, (max-width: 200px) 100vw, 200px\" \/><\/div>\n<div class=\"col-xs-12 col-sm-6 col-md-8 col-lg-8\">\n<ul>\n<li><strong>S\u00f3lista Daniel Kl\u00e1nsk\u00fd vystoup\u00ed spole\u010dn\u011b s pianistou a p\u0159edvedou nejkr\u00e1sn\u011bj\u0161\u00ed skladby od Franka Sinatry. Tan\u010dete, poslouchejte a u\u017e\u00edvejte si v\u00fdjime\u010dn\u00e9 atmosf\u00e9ry.<\/strong><\/li>\n<\/ul>\n<\/div>\n<\/div>\n<h3 class=\"nadpis-odrazka\"><strong>Silvestrovsk\u00fd galave\u010der s Mozartem (31. 12.) v Boccaccio s\u00e1le v Grand Hotelu Bohemia<\/strong> &#8211; Cena za 1 osobu<\/h3>\n<p><span style=\"font-size: 12pt;\">s <strong>uv\u00edtac\u00edm n\u00e1pojem, 2 kanapky, n\u00e1pojov\u00fdm bal\u00ed\u010dkem<\/strong> (neomezen\u00e1 konzumace vody a nealko n\u00e1poj\u016f, 1 l\u00e1hev v\u00edna, 1 \u0161\u00e1lek \u010daje nebo k\u00e1vy), <strong>silvestrovsk\u00e9 6chodov\u00e9 galave\u010de\u0159e,silvestrovsk\u00e9ho programu a p\u016flno\u010dn\u00edho p\u0159\u00edpitku<\/strong>. <a href=\"https:\/\/mozartdinner.cz\/cs\/silvestr-menu\/\">Vegetari\u00e1nsk\u00e9 a d\u011btsk\u00e9 menu<\/a>.<\/span><\/p>\n<div class=\"row\">\n<div class=\"col-xs-8 col-sm-6 col-md-4 col-lg-4\">\n<p>1 osoba u stolu pro 8<\/p>\n<p>1 osoba u stolu pro 2<\/p>\n<p>1 osoba u stolu pro 2 v prvn\u00ed \u0159ad\u011b<\/p>\n<p>1 osoba v exkluzivn\u00ed l\u00f3\u017ei pro 2 \u2013 4 osoby<\/p>\n<p>1 d\u00edt\u011b do 12 let \u2013 st\u016fl dle v\u00fdb\u011bru<\/p>\n<\/div>\n<div class=\"col-xs-4 col-sm-6 col-md-4 col-lg-4\">\n<p>11 990 K\u010d<\/p>\n<p>13 990 K\u010d<\/p>\n<p>15 990 K\u010d<\/p>\n<p>15 990 K\u010d<\/p>\n<p>9 990 K\u010d<\/p>\n<\/div>\n<\/div>\n<p><a class=\"mf-button mf-button-auto-width\" style=\"margin-top: 34px;\" href=\"https:\/\/mozartdinner.cz\/cs\/vyber-terminu\/\">REZERVACE VSTUPENEK<\/a><br \/>\n<a class=\"mf-button mf-button-auto-width hell-woo-add-me-cart\" style=\"margin-top: 34px; display: none;\" rel=\"nofollow\" data-prdid=\"3771\">REZERVACE VSTUPENEK<\/a><\/p>\n","protected":false},"excerpt":{"rendered":"<p>Silvestrovsk\u00fd galave\u010der s Mozartem P\u0159ij\u010fte oslavit Nov\u00fd rok na jedine\u010dnou Silvestrovskou galave\u010de\u0159i s Mozartem v n\u00e1dhern\u00e9m novobarokn\u00edm tane\u010dn\u00edm s\u00e1le Boccaccio. Na silvestrovsk\u00fd ve\u010der jsme pro v\u00e1s p\u0159ipravili v\u00fdjime\u010dn\u00fd program se slavnostn\u00ed \u0161estichodovou ve\u010de\u0159\u00ed. Vychutnejte si Mozartovy \u00e1rie, duety a instrument\u00e1ln\u00ed skladby v pod\u00e1n\u00ed t\u011bch nejlep\u0161\u00edch \u010desk\u00fdch um\u011blc\u016f. Po p\u016flnoci se pak pono\u0159te do nejkr\u00e1sn\u011bj\u0161\u00edch val\u010d\u00edk\u016f [&hellip;]<\/p>\n","protected":false},"author":3,"featured_media":0,"parent":0,"menu_order":0,"comment_status":"closed","ping_status":"closed","template":"","meta":{"footnotes":""},"class_list":["post-4081","page","type-page","status-publish","hentry"],"yoast_head":"<!-- This site is optimized with the Yoast SEO plugin v27.2 - https:\/\/yoast.com\/product\/yoast-seo-wordpress\/ -->\n<title>Silvestrovsk\u00fd galave\u010der s Mozartem v s\u00e1le Boccaccio - Mozart Dinner *****<\/title>\n<meta name=\"description\" content=\"Silvestrovsk\u00fd galave\u010der s Mozartem. Oslavte Silvestra s Mozartem. Rozlu\u010dte se s rokem 2024 p\u0159i v\u00fdjime\u010dn\u00e9m programu a vra\u0165te se zp\u011bt v \u010dase.\" \/>\n<meta name=\"robots\" content=\"index, follow, max-snippet:-1, max-image-preview:large, max-video-preview:-1\" \/>\n<link rel=\"canonical\" href=\"https:\/\/mozartdinner.cz\/cs\/silvestrovsky-galavecer-s-mozartem-2024\/\" \/>\n<meta property=\"og:locale\" content=\"cs_CZ\" \/>\n<meta property=\"og:type\" content=\"article\" \/>\n<meta property=\"og:title\" content=\"Silvestrovsk\u00fd galave\u010der s Mozartem v s\u00e1le Boccaccio - Mozart Dinner *****\" \/>\n<meta property=\"og:description\" content=\"Silvestrovsk\u00fd galave\u010der s Mozartem. Oslavte Silvestra s Mozartem. Rozlu\u010dte se s rokem 2024 p\u0159i v\u00fdjime\u010dn\u00e9m programu a vra\u0165te se zp\u011bt v \u010dase.\" \/>\n<meta property=\"og:url\" content=\"https:\/\/mozartdinner.cz\/cs\/silvestrovsky-galavecer-s-mozartem-2024\/\" \/>\n<meta property=\"og:site_name\" content=\"Mozart Dinner *****\" \/>\n<meta property=\"article:modified_time\" content=\"2024-03-26T09:52:48+00:00\" \/>\n<meta property=\"og:image\" content=\"https:\/\/mozartdinner.cz\/wp-content\/uploads\/2022\/09\/thumb-predkrm.jpg\" \/>\n<meta name=\"twitter:card\" content=\"summary_large_image\" \/>\n<meta name=\"twitter:label1\" content=\"Odhadovan\u00e1 doba \u010dten\u00ed\" \/>\n\t<meta name=\"twitter:data1\" content=\"4 minuty\" \/>\n<script type=\"application\/ld+json\" class=\"yoast-schema-graph\">{\"@context\":\"https:\/\/schema.org\",\"@graph\":[{\"@type\":\"WebPage\",\"@id\":\"https:\/\/mozartdinner.cz\/cs\/silvestrovsky-galavecer-s-mozartem-2024\/\",\"url\":\"https:\/\/mozartdinner.cz\/cs\/silvestrovsky-galavecer-s-mozartem-2024\/\",\"name\":\"Silvestrovsk\u00fd galave\u010der s Mozartem v s\u00e1le Boccaccio - Mozart Dinner *****\",\"isPartOf\":{\"@id\":\"https:\/\/mozartdinner.cz\/#website\"},\"primaryImageOfPage\":{\"@id\":\"https:\/\/mozartdinner.cz\/cs\/silvestrovsky-galavecer-s-mozartem-2024\/#primaryimage\"},\"image\":{\"@id\":\"https:\/\/mozartdinner.cz\/cs\/silvestrovsky-galavecer-s-mozartem-2024\/#primaryimage\"},\"thumbnailUrl\":\"https:\/\/mozartdinner.cz\/wp-content\/uploads\/2022\/09\/thumb-predkrm.jpg\",\"datePublished\":\"2018-03-26T10:37:43+00:00\",\"dateModified\":\"2024-03-26T09:52:48+00:00\",\"description\":\"Silvestrovsk\u00fd galave\u010der s Mozartem. Oslavte Silvestra s Mozartem. Rozlu\u010dte se s rokem 2024 p\u0159i v\u00fdjime\u010dn\u00e9m programu a vra\u0165te se zp\u011bt v \u010dase.\",\"breadcrumb\":{\"@id\":\"https:\/\/mozartdinner.cz\/cs\/silvestrovsky-galavecer-s-mozartem-2024\/#breadcrumb\"},\"inLanguage\":\"cs\",\"potentialAction\":[{\"@type\":\"ReadAction\",\"target\":[\"https:\/\/mozartdinner.cz\/cs\/silvestrovsky-galavecer-s-mozartem-2024\/\"]}]},{\"@type\":\"ImageObject\",\"inLanguage\":\"cs\",\"@id\":\"https:\/\/mozartdinner.cz\/cs\/silvestrovsky-galavecer-s-mozartem-2024\/#primaryimage\",\"url\":\"https:\/\/mozartdinner.cz\/wp-content\/uploads\/2022\/09\/thumb-predkrm.jpg\",\"contentUrl\":\"https:\/\/mozartdinner.cz\/wp-content\/uploads\/2022\/09\/thumb-predkrm.jpg\"},{\"@type\":\"BreadcrumbList\",\"@id\":\"https:\/\/mozartdinner.cz\/cs\/silvestrovsky-galavecer-s-mozartem-2024\/#breadcrumb\",\"itemListElement\":[{\"@type\":\"ListItem\",\"position\":1,\"name\":\"Home\",\"item\":\"https:\/\/mozartdinner.cz\/cs\/\"},{\"@type\":\"ListItem\",\"position\":2,\"name\":\"Silvestrovsk\u00fd galave\u010der s Mozartem v s\u00e1le Boccaccio\"}]},{\"@type\":\"WebSite\",\"@id\":\"https:\/\/mozartdinner.cz\/#website\",\"url\":\"https:\/\/mozartdinner.cz\/\",\"name\":\"Mozart Dinner *****\",\"description\":\"Your private opera theater in Prague\",\"potentialAction\":[{\"@type\":\"SearchAction\",\"target\":{\"@type\":\"EntryPoint\",\"urlTemplate\":\"https:\/\/mozartdinner.cz\/?s={search_term_string}\"},\"query-input\":{\"@type\":\"PropertyValueSpecification\",\"valueRequired\":true,\"valueName\":\"search_term_string\"}}],\"inLanguage\":\"cs\"}]}<\/script>\n<!-- \/ Yoast SEO plugin. -->","yoast_head_json":{"title":"Silvestrovsk\u00fd galave\u010der s Mozartem v s\u00e1le Boccaccio - Mozart Dinner *****","description":"Silvestrovsk\u00fd galave\u010der s Mozartem. Oslavte Silvestra s Mozartem. Rozlu\u010dte se s rokem 2024 p\u0159i v\u00fdjime\u010dn\u00e9m programu a vra\u0165te se zp\u011bt v \u010dase.","robots":{"index":"index","follow":"follow","max-snippet":"max-snippet:-1","max-image-preview":"max-image-preview:large","max-video-preview":"max-video-preview:-1"},"canonical":"https:\/\/mozartdinner.cz\/cs\/silvestrovsky-galavecer-s-mozartem-2024\/","og_locale":"cs_CZ","og_type":"article","og_title":"Silvestrovsk\u00fd galave\u010der s Mozartem v s\u00e1le Boccaccio - Mozart Dinner *****","og_description":"Silvestrovsk\u00fd galave\u010der s Mozartem. Oslavte Silvestra s Mozartem. Rozlu\u010dte se s rokem 2024 p\u0159i v\u00fdjime\u010dn\u00e9m programu a vra\u0165te se zp\u011bt v \u010dase.","og_url":"https:\/\/mozartdinner.cz\/cs\/silvestrovsky-galavecer-s-mozartem-2024\/","og_site_name":"Mozart Dinner *****","article_modified_time":"2024-03-26T09:52:48+00:00","og_image":[{"url":"https:\/\/mozartdinner.cz\/wp-content\/uploads\/2022\/09\/thumb-predkrm.jpg","type":"","width":"","height":""}],"twitter_card":"summary_large_image","twitter_misc":{"Odhadovan\u00e1 doba \u010dten\u00ed":"4 minuty"},"schema":{"@context":"https:\/\/schema.org","@graph":[{"@type":"WebPage","@id":"https:\/\/mozartdinner.cz\/cs\/silvestrovsky-galavecer-s-mozartem-2024\/","url":"https:\/\/mozartdinner.cz\/cs\/silvestrovsky-galavecer-s-mozartem-2024\/","name":"Silvestrovsk\u00fd galave\u010der s Mozartem v s\u00e1le Boccaccio - Mozart Dinner *****","isPartOf":{"@id":"https:\/\/mozartdinner.cz\/#website"},"primaryImageOfPage":{"@id":"https:\/\/mozartdinner.cz\/cs\/silvestrovsky-galavecer-s-mozartem-2024\/#primaryimage"},"image":{"@id":"https:\/\/mozartdinner.cz\/cs\/silvestrovsky-galavecer-s-mozartem-2024\/#primaryimage"},"thumbnailUrl":"https:\/\/mozartdinner.cz\/wp-content\/uploads\/2022\/09\/thumb-predkrm.jpg","datePublished":"2018-03-26T10:37:43+00:00","dateModified":"2024-03-26T09:52:48+00:00","description":"Silvestrovsk\u00fd galave\u010der s Mozartem. Oslavte Silvestra s Mozartem. Rozlu\u010dte se s rokem 2024 p\u0159i v\u00fdjime\u010dn\u00e9m programu a vra\u0165te se zp\u011bt v \u010dase.","breadcrumb":{"@id":"https:\/\/mozartdinner.cz\/cs\/silvestrovsky-galavecer-s-mozartem-2024\/#breadcrumb"},"inLanguage":"cs","potentialAction":[{"@type":"ReadAction","target":["https:\/\/mozartdinner.cz\/cs\/silvestrovsky-galavecer-s-mozartem-2024\/"]}]},{"@type":"ImageObject","inLanguage":"cs","@id":"https:\/\/mozartdinner.cz\/cs\/silvestrovsky-galavecer-s-mozartem-2024\/#primaryimage","url":"https:\/\/mozartdinner.cz\/wp-content\/uploads\/2022\/09\/thumb-predkrm.jpg","contentUrl":"https:\/\/mozartdinner.cz\/wp-content\/uploads\/2022\/09\/thumb-predkrm.jpg"},{"@type":"BreadcrumbList","@id":"https:\/\/mozartdinner.cz\/cs\/silvestrovsky-galavecer-s-mozartem-2024\/#breadcrumb","itemListElement":[{"@type":"ListItem","position":1,"name":"Home","item":"https:\/\/mozartdinner.cz\/cs\/"},{"@type":"ListItem","position":2,"name":"Silvestrovsk\u00fd galave\u010der s Mozartem v s\u00e1le Boccaccio"}]},{"@type":"WebSite","@id":"https:\/\/mozartdinner.cz\/#website","url":"https:\/\/mozartdinner.cz\/","name":"Mozart Dinner *****","description":"Your private opera theater in Prague","potentialAction":[{"@type":"SearchAction","target":{"@type":"EntryPoint","urlTemplate":"https:\/\/mozartdinner.cz\/?s={search_term_string}"},"query-input":{"@type":"PropertyValueSpecification","valueRequired":true,"valueName":"search_term_string"}}],"inLanguage":"cs"}]}},"publishpress_future_workflow_manual_trigger":{"enabledWorkflows":[]},"_links":{"self":[{"href":"https:\/\/mozartdinner.cz\/cs\/wp-json\/wp\/v2\/pages\/4081","targetHints":{"allow":["GET"]}}],"collection":[{"href":"https:\/\/mozartdinner.cz\/cs\/wp-json\/wp\/v2\/pages"}],"about":[{"href":"https:\/\/mozartdinner.cz\/cs\/wp-json\/wp\/v2\/types\/page"}],"author":[{"embeddable":true,"href":"https:\/\/mozartdinner.cz\/cs\/wp-json\/wp\/v2\/users\/3"}],"replies":[{"embeddable":true,"href":"https:\/\/mozartdinner.cz\/cs\/wp-json\/wp\/v2\/comments?post=4081"}],"version-history":[{"count":52,"href":"https:\/\/mozartdinner.cz\/cs\/wp-json\/wp\/v2\/pages\/4081\/revisions"}],"predecessor-version":[{"id":29091,"href":"https:\/\/mozartdinner.cz\/cs\/wp-json\/wp\/v2\/pages\/4081\/revisions\/29091"}],"wp:attachment":[{"href":"https:\/\/mozartdinner.cz\/cs\/wp-json\/wp\/v2\/media?parent=4081"}],"curies":[{"name":"wp","href":"https:\/\/api.w.org\/{rel}","templated":true}]}}