{"id":281,"date":"2017-04-21T19:59:09","date_gmt":"2017-04-21T17:59:09","guid":{"rendered":"https:\/\/mozartdinner.cz\/sleva-20-na-pivni-turu\/"},"modified":"2017-04-21T19:59:25","modified_gmt":"2017-04-21T17:59:25","slug":"sleva-20-na-pivni-turu","status":"publish","type":"page","link":"https:\/\/mozartdinner.cz\/cs\/sleva-20-na-pivni-turu\/","title":{"rendered":"Sleva 20 % na Pivn\u00ed t\u00faru"},"content":{"rendered":"<p>S\u00a0n\u00e1kupem jak\u00e9koliv vstupenky na Ve\u010de\u0159i s\u00a0Mozartem z\u00edsk\u00e1te automaticky slevu 20 % na Pivn\u00ed t\u00faru U Medv\u00eddk\u016f nebo U Flek\u016f pro stejn\u00fd po\u010det osob, jako jste jich zakoupili na Ve\u010de\u0159i s Mozartem. Slevu m\u016f\u017eete uplatnit na ve\u010dern\u00ed pokladn\u011b po p\u0159edlo\u017een\u00ed platn\u00e9 vstupenky na Ve\u010de\u0159i s\u00a0Mozartem (je nutn\u00e1 telefonick\u00e1 rezervace minim\u00e1ln\u011b 24 hodin p\u0159ed za\u010d\u00e1tkem akce), nebo p\u0159i vlo\u017een\u00ed promo k\u00f3du do\u00a0e-shopu <a href=\"https:\/\/www.beertours.cz\" target=\"_blank\" rel=\"nofollow\">www.BeerTours.cz<\/a>. Promo k\u00f3d obdr\u017e\u00edte spole\u010dn\u011b se vstupenkou. <\/p>\n<p>T\u011b\u0161\u00edme se na v\u00e1s!<\/p>\n<p><img loading=\"lazy\" decoding=\"async\" class=\"alignnone size-full wp-image-229\" src=\"https:\/\/mozartdinner.cz\/wp-content\/uploads\/2017\/04\/beer-tours.jpg\" alt=\"\" width=\"1138\" height=\"401\" srcset=\"https:\/\/mozartdinner.cz\/wp-content\/uploads\/2017\/04\/beer-tours.jpg 1138w, https:\/\/mozartdinner.cz\/wp-content\/uploads\/2017\/04\/beer-tours-600x211.jpg 600w, https:\/\/mozartdinner.cz\/wp-content\/uploads\/2017\/04\/beer-tours-768x271.jpg 768w, https:\/\/mozartdinner.cz\/wp-content\/uploads\/2017\/04\/beer-tours-1024x361.jpg 1024w\" sizes=\"auto, (max-width: 1138px) 100vw, 1138px\" \/><\/p>\n","protected":false},"excerpt":{"rendered":"<p>S\u00a0n\u00e1kupem jak\u00e9koliv vstupenky na Ve\u010de\u0159i s\u00a0Mozartem z\u00edsk\u00e1te automaticky slevu 20 % na Pivn\u00ed t\u00faru U Medv\u00eddk\u016f nebo U Flek\u016f pro stejn\u00fd po\u010det osob, jako jste jich zakoupili na Ve\u010de\u0159i s Mozartem. Slevu m\u016f\u017eete uplatnit na ve\u010dern\u00ed pokladn\u011b po p\u0159edlo\u017een\u00ed platn\u00e9 vstupenky na Ve\u010de\u0159i s\u00a0Mozartem (je nutn\u00e1 telefonick\u00e1 rezervace minim\u00e1ln\u011b 24 hodin p\u0159ed za\u010d\u00e1tkem akce), nebo [&hellip;]<\/p>\n","protected":false},"author":1,"featured_media":0,"parent":0,"menu_order":0,"comment_status":"closed","ping_status":"closed","template":"","meta":{"footnotes":""},"class_list":["post-281","page","type-page","status-publish","hentry"],"yoast_head":"<!-- This site is optimized with the Yoast SEO plugin v27.6 - https:\/\/yoast.com\/product\/yoast-seo-wordpress\/ -->\n<title>Sleva 20 % na Pivn\u00ed t\u00faru - Mozart Dinner *****<\/title>\n<meta name=\"robots\" content=\"index, follow, max-snippet:-1, max-image-preview:large, max-video-preview:-1\" \/>\n<link rel=\"canonical\" href=\"https:\/\/mozartdinner.cz\/cs\/sleva-20-na-pivni-turu\/\" \/>\n<meta property=\"og:locale\" content=\"cs_CZ\" \/>\n<meta property=\"og:type\" content=\"article\" \/>\n<meta property=\"og:title\" content=\"Sleva 20 % na Pivn\u00ed t\u00faru - Mozart Dinner *****\" \/>\n<meta property=\"og:description\" content=\"S\u00a0n\u00e1kupem jak\u00e9koliv vstupenky na Ve\u010de\u0159i s\u00a0Mozartem z\u00edsk\u00e1te automaticky slevu 20 % na Pivn\u00ed t\u00faru U Medv\u00eddk\u016f nebo U Flek\u016f pro stejn\u00fd po\u010det osob, jako jste jich zakoupili na Ve\u010de\u0159i s Mozartem. Slevu m\u016f\u017eete uplatnit na ve\u010dern\u00ed pokladn\u011b po p\u0159edlo\u017een\u00ed platn\u00e9 vstupenky na Ve\u010de\u0159i s\u00a0Mozartem (je nutn\u00e1 telefonick\u00e1 rezervace minim\u00e1ln\u011b 24 hodin p\u0159ed za\u010d\u00e1tkem akce), nebo [&hellip;]\" \/>\n<meta property=\"og:url\" content=\"https:\/\/mozartdinner.cz\/cs\/sleva-20-na-pivni-turu\/\" \/>\n<meta property=\"og:site_name\" content=\"Mozart Dinner *****\" \/>\n<meta property=\"article:modified_time\" content=\"2017-04-21T17:59:25+00:00\" \/>\n<meta property=\"og:image\" content=\"https:\/\/mozartdinner.cz\/wp-content\/uploads\/2017\/04\/beer-tours.jpg\" \/>\n<meta name=\"twitter:card\" content=\"summary_large_image\" \/>\n<meta name=\"twitter:label1\" content=\"Odhadovan\u00e1 doba \u010dten\u00ed\" \/>\n\t<meta name=\"twitter:data1\" content=\"1 minuta\" \/>\n<script type=\"application\/ld+json\" class=\"yoast-schema-graph\">{\"@context\":\"https:\\\/\\\/schema.org\",\"@graph\":[{\"@type\":\"WebPage\",\"@id\":\"https:\\\/\\\/mozartdinner.cz\\\/cs\\\/sleva-20-na-pivni-turu\\\/\",\"url\":\"https:\\\/\\\/mozartdinner.cz\\\/cs\\\/sleva-20-na-pivni-turu\\\/\",\"name\":\"Sleva 20 % na Pivn\u00ed t\u00faru - Mozart Dinner *****\",\"isPartOf\":{\"@id\":\"https:\\\/\\\/mozartdinner.cz\\\/#website\"},\"primaryImageOfPage\":{\"@id\":\"https:\\\/\\\/mozartdinner.cz\\\/cs\\\/sleva-20-na-pivni-turu\\\/#primaryimage\"},\"image\":{\"@id\":\"https:\\\/\\\/mozartdinner.cz\\\/cs\\\/sleva-20-na-pivni-turu\\\/#primaryimage\"},\"thumbnailUrl\":\"https:\\\/\\\/mozartdinner.cz\\\/wp-content\\\/uploads\\\/2017\\\/04\\\/beer-tours.jpg\",\"datePublished\":\"2017-04-21T17:59:09+00:00\",\"dateModified\":\"2017-04-21T17:59:25+00:00\",\"breadcrumb\":{\"@id\":\"https:\\\/\\\/mozartdinner.cz\\\/cs\\\/sleva-20-na-pivni-turu\\\/#breadcrumb\"},\"inLanguage\":\"cs\",\"potentialAction\":[{\"@type\":\"ReadAction\",\"target\":[\"https:\\\/\\\/mozartdinner.cz\\\/cs\\\/sleva-20-na-pivni-turu\\\/\"]}]},{\"@type\":\"ImageObject\",\"inLanguage\":\"cs\",\"@id\":\"https:\\\/\\\/mozartdinner.cz\\\/cs\\\/sleva-20-na-pivni-turu\\\/#primaryimage\",\"url\":\"https:\\\/\\\/mozartdinner.cz\\\/wp-content\\\/uploads\\\/2017\\\/04\\\/beer-tours.jpg\",\"contentUrl\":\"https:\\\/\\\/mozartdinner.cz\\\/wp-content\\\/uploads\\\/2017\\\/04\\\/beer-tours.jpg\"},{\"@type\":\"BreadcrumbList\",\"@id\":\"https:\\\/\\\/mozartdinner.cz\\\/cs\\\/sleva-20-na-pivni-turu\\\/#breadcrumb\",\"itemListElement\":[{\"@type\":\"ListItem\",\"position\":1,\"name\":\"Home\",\"item\":\"https:\\\/\\\/mozartdinner.cz\\\/cs\\\/\"},{\"@type\":\"ListItem\",\"position\":2,\"name\":\"Sleva 20 % na Pivn\u00ed t\u00faru\"}]},{\"@type\":\"WebSite\",\"@id\":\"https:\\\/\\\/mozartdinner.cz\\\/#website\",\"url\":\"https:\\\/\\\/mozartdinner.cz\\\/\",\"name\":\"Mozart Dinner *****\",\"description\":\"Your private opera theater in Prague\",\"potentialAction\":[{\"@type\":\"SearchAction\",\"target\":{\"@type\":\"EntryPoint\",\"urlTemplate\":\"https:\\\/\\\/mozartdinner.cz\\\/?s={search_term_string}\"},\"query-input\":{\"@type\":\"PropertyValueSpecification\",\"valueRequired\":true,\"valueName\":\"search_term_string\"}}],\"inLanguage\":\"cs\"}]}<\/script>\n<!-- \/ Yoast SEO plugin. -->","yoast_head_json":{"title":"Sleva 20 % na Pivn\u00ed t\u00faru - Mozart Dinner *****","robots":{"index":"index","follow":"follow","max-snippet":"max-snippet:-1","max-image-preview":"max-image-preview:large","max-video-preview":"max-video-preview:-1"},"canonical":"https:\/\/mozartdinner.cz\/cs\/sleva-20-na-pivni-turu\/","og_locale":"cs_CZ","og_type":"article","og_title":"Sleva 20 % na Pivn\u00ed t\u00faru - Mozart Dinner *****","og_description":"S\u00a0n\u00e1kupem jak\u00e9koliv vstupenky na Ve\u010de\u0159i s\u00a0Mozartem z\u00edsk\u00e1te automaticky slevu 20 % na Pivn\u00ed t\u00faru U Medv\u00eddk\u016f nebo U Flek\u016f pro stejn\u00fd po\u010det osob, jako jste jich zakoupili na Ve\u010de\u0159i s Mozartem. Slevu m\u016f\u017eete uplatnit na ve\u010dern\u00ed pokladn\u011b po p\u0159edlo\u017een\u00ed platn\u00e9 vstupenky na Ve\u010de\u0159i s\u00a0Mozartem (je nutn\u00e1 telefonick\u00e1 rezervace minim\u00e1ln\u011b 24 hodin p\u0159ed za\u010d\u00e1tkem akce), nebo [&hellip;]","og_url":"https:\/\/mozartdinner.cz\/cs\/sleva-20-na-pivni-turu\/","og_site_name":"Mozart Dinner *****","article_modified_time":"2017-04-21T17:59:25+00:00","og_image":[{"url":"https:\/\/mozartdinner.cz\/wp-content\/uploads\/2017\/04\/beer-tours.jpg","type":"","width":"","height":""}],"twitter_card":"summary_large_image","twitter_misc":{"Odhadovan\u00e1 doba \u010dten\u00ed":"1 minuta"},"schema":{"@context":"https:\/\/schema.org","@graph":[{"@type":"WebPage","@id":"https:\/\/mozartdinner.cz\/cs\/sleva-20-na-pivni-turu\/","url":"https:\/\/mozartdinner.cz\/cs\/sleva-20-na-pivni-turu\/","name":"Sleva 20 % na Pivn\u00ed t\u00faru - Mozart Dinner *****","isPartOf":{"@id":"https:\/\/mozartdinner.cz\/#website"},"primaryImageOfPage":{"@id":"https:\/\/mozartdinner.cz\/cs\/sleva-20-na-pivni-turu\/#primaryimage"},"image":{"@id":"https:\/\/mozartdinner.cz\/cs\/sleva-20-na-pivni-turu\/#primaryimage"},"thumbnailUrl":"https:\/\/mozartdinner.cz\/wp-content\/uploads\/2017\/04\/beer-tours.jpg","datePublished":"2017-04-21T17:59:09+00:00","dateModified":"2017-04-21T17:59:25+00:00","breadcrumb":{"@id":"https:\/\/mozartdinner.cz\/cs\/sleva-20-na-pivni-turu\/#breadcrumb"},"inLanguage":"cs","potentialAction":[{"@type":"ReadAction","target":["https:\/\/mozartdinner.cz\/cs\/sleva-20-na-pivni-turu\/"]}]},{"@type":"ImageObject","inLanguage":"cs","@id":"https:\/\/mozartdinner.cz\/cs\/sleva-20-na-pivni-turu\/#primaryimage","url":"https:\/\/mozartdinner.cz\/wp-content\/uploads\/2017\/04\/beer-tours.jpg","contentUrl":"https:\/\/mozartdinner.cz\/wp-content\/uploads\/2017\/04\/beer-tours.jpg"},{"@type":"BreadcrumbList","@id":"https:\/\/mozartdinner.cz\/cs\/sleva-20-na-pivni-turu\/#breadcrumb","itemListElement":[{"@type":"ListItem","position":1,"name":"Home","item":"https:\/\/mozartdinner.cz\/cs\/"},{"@type":"ListItem","position":2,"name":"Sleva 20 % na Pivn\u00ed t\u00faru"}]},{"@type":"WebSite","@id":"https:\/\/mozartdinner.cz\/#website","url":"https:\/\/mozartdinner.cz\/","name":"Mozart Dinner *****","description":"Your private opera theater in Prague","potentialAction":[{"@type":"SearchAction","target":{"@type":"EntryPoint","urlTemplate":"https:\/\/mozartdinner.cz\/?s={search_term_string}"},"query-input":{"@type":"PropertyValueSpecification","valueRequired":true,"valueName":"search_term_string"}}],"inLanguage":"cs"}]}},"publishpress_future_workflow_manual_trigger":{"enabledWorkflows":[]},"_links":{"self":[{"href":"https:\/\/mozartdinner.cz\/cs\/wp-json\/wp\/v2\/pages\/281","targetHints":{"allow":["GET"]}}],"collection":[{"href":"https:\/\/mozartdinner.cz\/cs\/wp-json\/wp\/v2\/pages"}],"about":[{"href":"https:\/\/mozartdinner.cz\/cs\/wp-json\/wp\/v2\/types\/page"}],"author":[{"embeddable":true,"href":"https:\/\/mozartdinner.cz\/cs\/wp-json\/wp\/v2\/users\/1"}],"replies":[{"embeddable":true,"href":"https:\/\/mozartdinner.cz\/cs\/wp-json\/wp\/v2\/comments?post=281"}],"version-history":[{"count":1,"href":"https:\/\/mozartdinner.cz\/cs\/wp-json\/wp\/v2\/pages\/281\/revisions"}],"predecessor-version":[{"id":282,"href":"https:\/\/mozartdinner.cz\/cs\/wp-json\/wp\/v2\/pages\/281\/revisions\/282"}],"wp:attachment":[{"href":"https:\/\/mozartdinner.cz\/cs\/wp-json\/wp\/v2\/media?parent=281"}],"curies":[{"name":"wp","href":"https:\/\/api.w.org\/{rel}","templated":true}]}}