{"id":238,"date":"2017-04-21T18:51:24","date_gmt":"2017-04-21T16:51:24","guid":{"rendered":"https:\/\/mozartdinner.cz\/obchodni-podminky\/"},"modified":"2021-06-01T10:22:59","modified_gmt":"2021-06-01T08:22:59","slug":"obchodni-podminky","status":"publish","type":"page","link":"https:\/\/mozartdinner.cz\/cs\/obchodni-podminky\/","title":{"rendered":"Obchodn\u00ed podm\u00ednky"},"content":{"rendered":"<h3 class=\"nadpis-odrazka\">Ochrana osobn\u00edch \u00fadaj\u016f<\/h3>\n<p>V souladu s na\u0159\u00edzen\u00edm Evropsk\u00e9ho parlamentu a Rady \u010d. 2016\/679, o ochran\u011b osobn\u00edch \u00fadaj\u016f (GDPR) a p\u0159edpisy souvisej\u00edc\u00edmi v platn\u00e9m zn\u011bn\u00ed, zaru\u010duje Live City s. r. o. dodr\u017eovat ml\u010denlivost o osobn\u00edch \u00fadaj\u00edch z\u00e1kazn\u00edka a poskytovat jim dostate\u010dnou ochranu tak, aby nemohlo doj\u00edt k neopr\u00e1vn\u011bn\u00e9mu nebo nahodil\u00e9mu p\u0159\u00edstupu k osobn\u00edm \u00fadaj\u016fm, jejich zm\u011bn\u011b, zni\u010den\u00ed \u010di ztr\u00e1t\u011b, neopr\u00e1vn\u011bn\u00fdm p\u0159enos\u016fm, k jejich neopr\u00e1vn\u011bn\u00e9mu zpracov\u00e1n\u00ed, jako\u017e i k jin\u00e9mu zneu\u017eit\u00ed osobn\u00edch \u00fadaj\u016f. Nebudou prodan\u00e9 nebo p\u0159eveden\u00e9 na t\u0159et\u00ed osobu a bude jich u\u017eito v\u00fdhradn\u011b pro \u00fa\u010dely spole\u010dnosti Live City s.r.o.<br \/>\nLive City s.r.o. zpracov\u00e1v\u00e1 osobn\u00ed \u00fadaje za \u00fa\u010delem uzav\u0159en\u00ed a napl\u0148ov\u00e1n\u00ed pr\u00e1v a povinnost\u00ed vypl\u00fdvaj\u00edc\u00edch ze smlouvy. Zpracov\u00e1van\u00fdm osobn\u00edm \u00fadaj\u016fm je poskytov\u00e1n nejvy\u0161\u0161\u00ed standard ochrany v souladu s pr\u00e1vn\u00edmi p\u0159edpisy na \u00faseku ochrany osobn\u00edch \u00fadaj\u016f.<br \/>\nLive City s.r.o. zpracov\u00e1v\u00e1 osobn\u00ed \u00fadaje v p\u0159esn\u011b takov\u00e9 podob\u011b, v jak\u00e9 je z\u00edsk\u00e1 od z\u00e1kazn\u00edka, v souladu se stanoven\u00fdm \u00fa\u010delem, pro jak\u00fd jsou zpracov\u00e1ny a v rozsahu nezbytn\u00e9m pro napln\u011bn\u00ed takov\u00e9ho \u00fa\u010delu, a uchov\u00e1v\u00e1 je pouze po dobu nezbytnou k \u00fa\u010delu jejich zpracov\u00e1n\u00ed.<br \/>\nLive City s.r.o. dodr\u017euje z\u00e1sady zpracov\u00e1n\u00ed osobn\u00edch \u00fadaj\u016f, tedy: z\u00e1konnost, korektnost, transparentnost, omezen\u00ed \u00fa\u010delu, minimalizace \u00fadaj\u016f, p\u0159esnost, omezen\u00ed ulo\u017een\u00ed, integrita a d\u016fv\u011brnost.<\/p>\n<h3 class=\"nadpis-odrazka\">D\u00e1rkov\u00e9 vstupenky a poukazy<\/h3>\n<p>D\u00e1rkov\u00e9 vstupenky a poukazy jsou nevratn\u00e9 a nen\u00ed mo\u017en\u00e9 je stornovat. Rezervaci term\u00ednu je nutn\u00e9 u\u010dinit alespo\u0148 1 m\u011bs\u00edc p\u0159ed vypr\u0161en\u00edm platnosti d\u00e1rkov\u00e9 vstupenky a poukazu, a to na adrese info@MozartDinner.cz nebo na tel. \u010d. +420 778 091 222. Rezervace term\u00ednu bude v\u017edy p\u00edsemn\u011b potvrzena ze strany po\u0159adatele.<br \/>\nV p\u0159\u00edpad\u011b, \u017ee se z\u00e1kazn\u00edk nez\u00fa\u010dastn\u00ed Ve\u010de\u0159e s Mozartem v po\u0159adatelem p\u00edsemn\u011b potvrzen\u00e9m term\u00ednu, nen\u00ed mo\u017en\u00e1 \u017e\u00e1dn\u00e1 finan\u010dn\u00ed ani jak\u00e1koli jin\u00e1 n\u00e1hrada.<br \/>\nPlatnost d\u00e1rkov\u00e9 vstupenky a poukazu je mo\u017en\u00e9 z\u00a0d\u016fvodu omezen\u00ed zp\u016fsoben\u00fdch pandemi\u00ed Covid-19 \u00a0a na z\u00e1klad\u011b p\u00edsemn\u00e9ho potvrzen\u00ed po\u0159adatelem prodlou\u017eit na dobu dle domluvy mezi po\u0159adatelem a z\u00e1kazn\u00edkem.<br \/>\nZm\u011bny menu, n\u00e1poj\u016f, term\u00ednu, programu a \u00fa\u010dinkuj\u00edc\u00edch jsou vyhrazeny.<\/p>\n<h3 class=\"nadpis-odrazka\">Storno z\u00e1kazn\u00edkem<\/h3>\n<p>V\u0161echny pln\u011b zaplacen\u00e9 a potvrzen\u00e9 rezervace jsou nevratn\u00e9 a nen\u00ed mo\u017en\u00e9 je stornovat. Term\u00edn zakoupen\u00e9 Ve\u010de\u0159e s Mozartem je mo\u017en\u00e9 zm\u011bnit, a to alespo\u0148 2 pracovn\u00ed dny p\u0159ed p\u016fvodn\u00edm term\u00ednem kon\u00e1n\u00ed akce (v z\u00e1vislosti na dostupnosti a dal\u0161\u00ed dohod\u011b s Live City s. r. o. na adrese info@mozartdinner.cz nebo na tel. \u010d. +420 778 091 222).<br \/>\nV p\u0159\u00edpad\u011b, \u017ee se z\u00e1kazn\u00edk nez\u00fa\u010dastn\u00ed Ve\u010de\u0159e s Mozartem v p\u016fvodn\u00edm nebo s Live City s. r. o. p\u00edsemn\u011b odsouhlasen\u00e9m n\u00e1hradn\u00edm term\u00ednu, nen\u00ed mo\u017en\u00e1 \u017e\u00e1dn\u00e1 finan\u010dn\u00ed ani jak\u00e1koli jin\u00e1 n\u00e1hrada.<br \/>\nZm\u011bny term\u00ednu, programu, menu, n\u00e1poj\u016f a \u00fa\u010dinkuj\u00edc\u00edch jsou vyhrazeny.<\/p>\n<h3 class=\"nadpis-odrazka\">Reklamace a zru\u0161en\u00ed Ve\u010de\u0159e s Mozartem<\/h3>\n<p>Reklamace mus\u00ed b\u00fdt v\u017edy p\u0159edlo\u017eena prodejci, u kter\u00e9ho byly zakoupeny vstupenky a poukazy.<br \/>\nV p\u0159\u00edpad\u011b zru\u0161en\u00ed Ve\u010de\u0159e s Mozartem prob\u00edh\u00e1 vracen\u00ed vstupn\u00e9ho na prodejn\u00edm m\u00edst\u011b, kde byla vstupenka a poukaz zakoupeny.<br \/>\nVstupenky a poukazy zakoupen\u00e9 on-line na www.MozartDinner.cz budou vr\u00e1ceny bankovn\u00edm p\u0159evodem na bankovn\u00ed \u00fa\u010det pou\u017eit\u00fd k zaplacen\u00ed vstupenek a poukaz\u016f.<br \/>\nP\u0159\u00edpadn\u00e9 dotazy zas\u00edlejte na adresu info@mozartdinner.cz.<\/p>\n<h3 class=\"nadpis-odrazka\">Smlouva<\/h3>\n<p>Pokud se strany nedohodnou jinak, smlouva se pova\u017euje za uzav\u0159enou v okam\u017eiku, kdy z\u00e1kazn\u00edk provede rezervaci n\u00e1sledovanou okam\u017eitou platbou v pln\u00e9 v\u00fd\u0161i (prost\u0159ednictv\u00edm zabezpe\u010den\u00e9 on-line platebn\u00ed br\u00e1ny) a Live City s. r. o. ode\u0161le e-vstupenku a e-poukaz, nebo d\u00e1rkovou vstupenku a \u00a0poukaz prost\u0159ednictv\u00edm e-mailu jako potvrzen\u00ed objednan\u00fdch slu\u017eeb.<\/p>\n<h3 class=\"nadpis-odrazka\">Platebn\u00ed podm\u00ednky<\/h3>\n<p>Platby kreditn\u00edmi kartami jsou pro on-line rezervaci akceptov\u00e1ny pouze prost\u0159ednictv\u00edm zabezpe\u010den\u00e9 platebn\u00ed br\u00e1ny na www.MozartDinner.cz<br \/>\nCen\u00edk zve\u0159ejn\u011bn\u00fd on-line obsahuje v\u0161echny aktu\u00e1ln\u011b provozovan\u00e9 slu\u017eby. Jak\u00e9koli nov\u00e9 speci\u00e1ln\u00ed akce a nab\u00eddky se nevztahuj\u00ed na st\u00e1vaj\u00edc\u00ed e-vstupenku a e-poukaz.<\/p>\n<h3 class=\"nadpis-odrazka\">COVID-19<\/h3>\n<p>Za vstupenky a poukazy, nebo d\u00e1rkov\u00e9 vstupenky a poukazy zakoupen\u00e9 od 20. 5. 2020 bude v p\u0159\u00edpad\u011b omezen\u00ed z d\u016fvodu pandemie COVID-19 vr\u00e1ceno vstupn\u00e9 (ode\u010dteny budou pouze bankovn\u00ed poplatky), nebo bude zm\u011bn\u011bn term\u00edn dle mo\u017enost\u00ed z\u00e1kazn\u00edka.<\/p>\n<h3 class=\"nadpis-odrazka\">Menu<\/h3>\n<p>Menu zakoupen\u00e9 prost\u0159ednictv\u00edm poukazu je ve slo\u017een\u00ed a gram\u00e1\u017ei zve\u0159ejn\u011bn\u00fdch na www.mozartdinner.cz. Menu je ve variant\u00e1ch s masem, ryb\u00ed, vegetari\u00e1nsk\u00e9 a d\u011btsk\u00e9.<br \/>\nV\u00fdb\u011br menu je nutn\u00e9 ozn\u00e1mit minim\u00e1ln\u011b 24 hodin p\u0159ed zah\u00e1jen\u00edm Ve\u010de\u0159e s Mozartem po\u0159adateli, na adresu info@mozartdinner.cz nebo na telefon 778 091\u00a0222 v\u00a0p\u0159\u00edpad\u011b, \u017ee nebyl v\u00fdb\u011br proveden v\u00a0e-shopu www.mozartdinner.cz. Menu potvrzen\u00e9 po\u0159adatelem, nebo vybran\u00e9 v\u00a0e-shopu www.mozartdinner.cz ji\u017e nen\u00ed mo\u017en\u00e9 m\u011bnit. V p\u0159\u00edpad\u011b, \u017ee v\u00fdb\u011br menu nebude po\u0159adateli nahl\u00e1\u0161en na kontakty uveden\u00e9 v\u00fd\u0161e do 24 hodin p\u0159ed zah\u00e1jen\u00edm Ve\u010de\u0159e s Mozartem, bude z\u00e1kazn\u00edkovi na za\u010d\u00e1tku Ve\u010de\u0159e s Mozartem p\u0159id\u011bleno podle zakoupen\u00e9 cenov\u00e9 kategorie takov\u00e9 menu, kter\u00e9 bude m\u00edt po\u0159adatel k dispozici.<br \/>\nV p\u0159\u00edpad\u011b, \u017ee n\u00e1kup poukazu prob\u011bhne m\u00e9n\u011b ne\u017e 24 hodin p\u0159ed zah\u00e1jen\u00edm Ve\u010de\u0159e s Mozartem, je nutn\u00e9 nahl\u00e1sit v\u00fdb\u011br menu bezprost\u0159edn\u011b po zakoupen\u00ed poukazu na kontakty uveden\u00e9 v\u00fd\u0161e. Menu potvrzen\u00e9 po\u0159adatelem ji\u017e nen\u00ed mo\u017en\u00e9 m\u011bnit. V p\u0159\u00edpad\u011b, \u017ee v\u00fdb\u011br menu nebude po\u0159adateli nahl\u00e1\u0161en na kontakty uveden\u00e9 v\u00fd\u0161e bezprost\u0159edn\u011b po zakoupen\u00ed poukazu, bude z\u00e1kazn\u00edkovi na za\u010d\u00e1tku Ve\u010de\u0159e s Mozartem p\u0159id\u011bleno podle zakoupen\u00e9 cenov\u00e9 kategorie takov\u00e9 menu, kter\u00e9 bude m\u00edt po\u0159adatel k dispozici.<br \/>\nMenu je mo\u017en\u00e9 konzumovat pouze v\u00a0pauz\u00e1ch mezi koncerty.<\/p>\n<h3 class=\"nadpis-odrazka\">N\u00e1poje<\/h3>\n<p>V p\u0159\u00edpad\u011b, \u017ee n\u00e1poje nejsou zakoupen\u00e9 s\u00a0poukazem na menu, plat\u00ed se na m\u00edst\u011b. Platby kreditn\u00ed kartou mohou b\u00fdt znemo\u017en\u011bny hor\u0161\u00edm sign\u00e1lem v podzemn\u00edm historick\u00e9m s\u00e1le. Pak je mo\u017en\u00e1 platba na recepci hotelu o dv\u011b patra v\u00fd\u0161e.<br \/>\nN\u00e1poje je mo\u017en\u00e9 objedn\u00e1vat a konzumovat pouze v pauz\u00e1ch mezi koncerty.<br \/>\nCeny n\u00e1poj\u016f jsou ur\u010deny cen\u00edkem n\u00e1poj\u016f zve\u0159ejn\u011bn\u00fdm na internetov\u00fdch str\u00e1nk\u00e1ch www.mozartdinner.cz (d\u00e1le jen Cen\u00edk).<\/p>\n<h3 class=\"nadpis-odrazka\">Neomezen\u00e9 n\u00e1pojov\u00e9 bal\u00ed\u010dky<\/h3>\n<p>Neomezen\u00e9 n\u00e1pojov\u00e9 bal\u00ed\u010dky, kter\u00e9 lze p\u0159ikoupit ke v\u0161em kategori\u00edm voucher\u016f, obsahuj\u00ed neomezenou konzumaci nealkoholick\u00fdch a tepl\u00fdch n\u00e1poj\u016f, piva a v\u00edna (neobsahuj\u00ed tvrd\u00fd alkohol). Neomezen\u00fd n\u00e1pojov\u00fd bal\u00ed\u010dek lze vyu\u017e\u00edt a\u017e do konce akce, tzn. p\u0159ibli\u017en\u011b do 21:30. V kategorii d\u011btsk\u00e9ho voucheru lze p\u0159ikoupit neomezen\u00fd n\u00e1pojov\u00fd bal\u00ed\u010dek, kter\u00fd obsahuje neomezenou konzumaci nealkoholick\u00fdch n\u00e1poj\u016f a \u010daje. N\u00e1poje obsa\u017een\u00e9 v n\u00e1pojov\u00e9m bal\u00ed\u010dku a zakoupen\u00e9 poukazem nen\u00ed mo\u017en\u00e9 m\u011bnit za jin\u00e9, ani nen\u00ed mo\u017en\u00e9 m\u011bnit jejich po\u010det. Objemy n\u00e1poj\u016f v n\u00e1pojov\u00e9m bal\u00ed\u010dku jsou z\u00e1visl\u00e9 na v\u00fdb\u011bru konkr\u00e9tn\u00edch n\u00e1poj\u016f na m\u00edst\u011b a \u0159\u00edd\u00ed se Cen\u00edkem. Na m\u00edst\u011b je mo\u017en\u00e9 dokoupit dal\u0161\u00ed n\u00e1poje dle Cen\u00edku. Platba za tyto n\u00e1poje na m\u00edst\u011b se \u0159\u00edd\u00ed odstavcem N\u00e1poje t\u011bchto obchodn\u00edch podm\u00ednek.<br \/>\nN\u00e1poje je mo\u017en\u00e9 objedn\u00e1vat a konzumovat pouze v pauz\u00e1ch mezi koncerty.<\/p>\n<h3 class=\"nadpis-odrazka\">Dal\u0161\u00ed<\/h3>\n<p>Live City s. r. o. nenese odpov\u011bdnost za jak\u00e9koli \u00fajmy na zdrav\u00ed, nemoci nebo smrt, po\u0161kozen\u00ed nebo ztr\u00e1tu osobn\u00edch p\u0159edm\u011bt\u016f, kr\u00e1de\u017e zp\u016fsobenou z\u00e1kazn\u00edkovi.<\/p>\n<h3 class=\"nadpis-odrazka\">Z\u00e1v\u011bre\u010dn\u00e1 ustanoven\u00ed<\/h3>\n<p>Smluvn\u00ed vztahy z\u00e1kazn\u00edka a Live City s. r. o. se \u0159\u00edd\u00ed \u010desk\u00fdm pr\u00e1vem. V p\u0159\u00edpad\u011b jak\u00fdchkoli rozpor\u016f mezi jazykov\u00fdmi verzemi, bude rozhoduj\u00edc\u00ed verze \u010desk\u00e1. Tyto v\u0161eobecn\u00e9 podm\u00ednky jsou \u00fa\u010dinn\u00e9 od 1. 9. 2012, nahrazuj\u00ed v\u0161echny p\u0159edchoz\u00ed v\u0161eobecn\u00e9 obchodn\u00ed podm\u00ednky.<\/p>\n<h3 class=\"nadpis-odrazka\">Po\u0159adatel<\/h3>\n<p>Live City s.r.o.<br \/>\nI\u010cO: 28527950<br \/>\nDI\u010c: CZ28527950<\/p>\n<p>Tel.: +420 778 091 222<br \/>\nE-mail:\u00a0<a href=\"mailto:info@mozartdinner.cz\">info@mozartdinner.cz<\/a><br \/>\nwww:\u00a0<a href=\"https:\/\/www.mozartdinner.cz\/\">www.MozartDinner.cz<\/a><\/p>\n<h3 class=\"nadpis-odrazka\">Banka<\/h3>\n<p>Fio banka a. s.<br \/>\n\u010c\u00edslo konta: 2200961331\/2010<br \/>\nIBAN: CZ7520100000002200961331<br \/>\nBIC \/ SWIFT: FIOBCZPPXXX<\/p>\n","protected":false},"excerpt":{"rendered":"<p>Ochrana osobn\u00edch \u00fadaj\u016f V souladu s na\u0159\u00edzen\u00edm Evropsk\u00e9ho parlamentu a Rady \u010d. 2016\/679, o ochran\u011b osobn\u00edch \u00fadaj\u016f (GDPR) a p\u0159edpisy souvisej\u00edc\u00edmi v platn\u00e9m zn\u011bn\u00ed, zaru\u010duje Live City s. r. o. dodr\u017eovat ml\u010denlivost o osobn\u00edch \u00fadaj\u00edch z\u00e1kazn\u00edka a poskytovat jim dostate\u010dnou ochranu tak, aby nemohlo doj\u00edt k neopr\u00e1vn\u011bn\u00e9mu nebo nahodil\u00e9mu p\u0159\u00edstupu k osobn\u00edm \u00fadaj\u016fm, jejich zm\u011bn\u011b, [&hellip;]<\/p>\n","protected":false},"author":1,"featured_media":0,"parent":0,"menu_order":0,"comment_status":"closed","ping_status":"closed","template":"","meta":{"footnotes":""},"class_list":["post-238","page","type-page","status-publish","hentry"],"yoast_head":"<!-- This site is optimized with the Yoast SEO plugin v27.2 - https:\/\/yoast.com\/product\/yoast-seo-wordpress\/ -->\n<title>Obchodn\u00ed podm\u00ednky - Mozart Dinner *****<\/title>\n<meta name=\"robots\" content=\"index, follow, max-snippet:-1, max-image-preview:large, max-video-preview:-1\" \/>\n<link rel=\"canonical\" href=\"https:\/\/mozartdinner.cz\/cs\/obchodni-podminky\/\" \/>\n<meta property=\"og:locale\" content=\"cs_CZ\" \/>\n<meta property=\"og:type\" content=\"article\" \/>\n<meta property=\"og:title\" content=\"Obchodn\u00ed podm\u00ednky - Mozart Dinner *****\" \/>\n<meta property=\"og:description\" content=\"Ochrana osobn\u00edch \u00fadaj\u016f V souladu s na\u0159\u00edzen\u00edm Evropsk\u00e9ho parlamentu a Rady \u010d. 2016\/679, o ochran\u011b osobn\u00edch \u00fadaj\u016f (GDPR) a p\u0159edpisy souvisej\u00edc\u00edmi v platn\u00e9m zn\u011bn\u00ed, zaru\u010duje Live City s. r. o. dodr\u017eovat ml\u010denlivost o osobn\u00edch \u00fadaj\u00edch z\u00e1kazn\u00edka a poskytovat jim dostate\u010dnou ochranu tak, aby nemohlo doj\u00edt k neopr\u00e1vn\u011bn\u00e9mu nebo nahodil\u00e9mu p\u0159\u00edstupu k osobn\u00edm \u00fadaj\u016fm, jejich zm\u011bn\u011b, [&hellip;]\" \/>\n<meta property=\"og:url\" content=\"https:\/\/mozartdinner.cz\/cs\/obchodni-podminky\/\" \/>\n<meta property=\"og:site_name\" content=\"Mozart Dinner *****\" \/>\n<meta property=\"article:modified_time\" content=\"2021-06-01T08:22:59+00:00\" \/>\n<meta name=\"twitter:card\" content=\"summary_large_image\" \/>\n<meta name=\"twitter:label1\" content=\"Odhadovan\u00e1 doba \u010dten\u00ed\" \/>\n\t<meta name=\"twitter:data1\" content=\"5 minut\" \/>\n<script type=\"application\/ld+json\" class=\"yoast-schema-graph\">{\"@context\":\"https:\/\/schema.org\",\"@graph\":[{\"@type\":\"WebPage\",\"@id\":\"https:\/\/mozartdinner.cz\/cs\/obchodni-podminky\/\",\"url\":\"https:\/\/mozartdinner.cz\/cs\/obchodni-podminky\/\",\"name\":\"Obchodn\u00ed podm\u00ednky - Mozart Dinner *****\",\"isPartOf\":{\"@id\":\"https:\/\/mozartdinner.cz\/#website\"},\"datePublished\":\"2017-04-21T16:51:24+00:00\",\"dateModified\":\"2021-06-01T08:22:59+00:00\",\"breadcrumb\":{\"@id\":\"https:\/\/mozartdinner.cz\/cs\/obchodni-podminky\/#breadcrumb\"},\"inLanguage\":\"cs\",\"potentialAction\":[{\"@type\":\"ReadAction\",\"target\":[\"https:\/\/mozartdinner.cz\/cs\/obchodni-podminky\/\"]}]},{\"@type\":\"BreadcrumbList\",\"@id\":\"https:\/\/mozartdinner.cz\/cs\/obchodni-podminky\/#breadcrumb\",\"itemListElement\":[{\"@type\":\"ListItem\",\"position\":1,\"name\":\"Home\",\"item\":\"https:\/\/mozartdinner.cz\/cs\/\"},{\"@type\":\"ListItem\",\"position\":2,\"name\":\"Obchodn\u00ed podm\u00ednky\"}]},{\"@type\":\"WebSite\",\"@id\":\"https:\/\/mozartdinner.cz\/#website\",\"url\":\"https:\/\/mozartdinner.cz\/\",\"name\":\"Mozart Dinner *****\",\"description\":\"Your private opera theater in Prague\",\"potentialAction\":[{\"@type\":\"SearchAction\",\"target\":{\"@type\":\"EntryPoint\",\"urlTemplate\":\"https:\/\/mozartdinner.cz\/?s={search_term_string}\"},\"query-input\":{\"@type\":\"PropertyValueSpecification\",\"valueRequired\":true,\"valueName\":\"search_term_string\"}}],\"inLanguage\":\"cs\"}]}<\/script>\n<!-- \/ Yoast SEO plugin. -->","yoast_head_json":{"title":"Obchodn\u00ed podm\u00ednky - Mozart Dinner *****","robots":{"index":"index","follow":"follow","max-snippet":"max-snippet:-1","max-image-preview":"max-image-preview:large","max-video-preview":"max-video-preview:-1"},"canonical":"https:\/\/mozartdinner.cz\/cs\/obchodni-podminky\/","og_locale":"cs_CZ","og_type":"article","og_title":"Obchodn\u00ed podm\u00ednky - Mozart Dinner *****","og_description":"Ochrana osobn\u00edch \u00fadaj\u016f V souladu s na\u0159\u00edzen\u00edm Evropsk\u00e9ho parlamentu a Rady \u010d. 2016\/679, o ochran\u011b osobn\u00edch \u00fadaj\u016f (GDPR) a p\u0159edpisy souvisej\u00edc\u00edmi v platn\u00e9m zn\u011bn\u00ed, zaru\u010duje Live City s. r. o. dodr\u017eovat ml\u010denlivost o osobn\u00edch \u00fadaj\u00edch z\u00e1kazn\u00edka a poskytovat jim dostate\u010dnou ochranu tak, aby nemohlo doj\u00edt k neopr\u00e1vn\u011bn\u00e9mu nebo nahodil\u00e9mu p\u0159\u00edstupu k osobn\u00edm \u00fadaj\u016fm, jejich zm\u011bn\u011b, [&hellip;]","og_url":"https:\/\/mozartdinner.cz\/cs\/obchodni-podminky\/","og_site_name":"Mozart Dinner *****","article_modified_time":"2021-06-01T08:22:59+00:00","twitter_card":"summary_large_image","twitter_misc":{"Odhadovan\u00e1 doba \u010dten\u00ed":"5 minut"},"schema":{"@context":"https:\/\/schema.org","@graph":[{"@type":"WebPage","@id":"https:\/\/mozartdinner.cz\/cs\/obchodni-podminky\/","url":"https:\/\/mozartdinner.cz\/cs\/obchodni-podminky\/","name":"Obchodn\u00ed podm\u00ednky - Mozart Dinner *****","isPartOf":{"@id":"https:\/\/mozartdinner.cz\/#website"},"datePublished":"2017-04-21T16:51:24+00:00","dateModified":"2021-06-01T08:22:59+00:00","breadcrumb":{"@id":"https:\/\/mozartdinner.cz\/cs\/obchodni-podminky\/#breadcrumb"},"inLanguage":"cs","potentialAction":[{"@type":"ReadAction","target":["https:\/\/mozartdinner.cz\/cs\/obchodni-podminky\/"]}]},{"@type":"BreadcrumbList","@id":"https:\/\/mozartdinner.cz\/cs\/obchodni-podminky\/#breadcrumb","itemListElement":[{"@type":"ListItem","position":1,"name":"Home","item":"https:\/\/mozartdinner.cz\/cs\/"},{"@type":"ListItem","position":2,"name":"Obchodn\u00ed podm\u00ednky"}]},{"@type":"WebSite","@id":"https:\/\/mozartdinner.cz\/#website","url":"https:\/\/mozartdinner.cz\/","name":"Mozart Dinner *****","description":"Your private opera theater in Prague","potentialAction":[{"@type":"SearchAction","target":{"@type":"EntryPoint","urlTemplate":"https:\/\/mozartdinner.cz\/?s={search_term_string}"},"query-input":{"@type":"PropertyValueSpecification","valueRequired":true,"valueName":"search_term_string"}}],"inLanguage":"cs"}]}},"publishpress_future_workflow_manual_trigger":{"enabledWorkflows":[]},"_links":{"self":[{"href":"https:\/\/mozartdinner.cz\/cs\/wp-json\/wp\/v2\/pages\/238","targetHints":{"allow":["GET"]}}],"collection":[{"href":"https:\/\/mozartdinner.cz\/cs\/wp-json\/wp\/v2\/pages"}],"about":[{"href":"https:\/\/mozartdinner.cz\/cs\/wp-json\/wp\/v2\/types\/page"}],"author":[{"embeddable":true,"href":"https:\/\/mozartdinner.cz\/cs\/wp-json\/wp\/v2\/users\/1"}],"replies":[{"embeddable":true,"href":"https:\/\/mozartdinner.cz\/cs\/wp-json\/wp\/v2\/comments?post=238"}],"version-history":[{"count":13,"href":"https:\/\/mozartdinner.cz\/cs\/wp-json\/wp\/v2\/pages\/238\/revisions"}],"predecessor-version":[{"id":16217,"href":"https:\/\/mozartdinner.cz\/cs\/wp-json\/wp\/v2\/pages\/238\/revisions\/16217"}],"wp:attachment":[{"href":"https:\/\/mozartdinner.cz\/cs\/wp-json\/wp\/v2\/media?parent=238"}],"curies":[{"name":"wp","href":"https:\/\/api.w.org\/{rel}","templated":true}]}}