{"id":2,"date":"2017-04-07T15:09:21","date_gmt":"2017-04-07T13:09:21","guid":{"rendered":"https:\/\/mozartdinner.cz\/?page_id=2"},"modified":"2024-01-11T09:32:30","modified_gmt":"2024-01-11T08:32:30","slug":"pro-firmy","status":"publish","type":"page","link":"https:\/\/mozartdinner.cz\/cs\/pro-firmy\/","title":{"rendered":"Pro firmy"},"content":{"rendered":"<p>R\u00e1di V\u00e1m uspo\u0159\u00e1d\u00e1me Mozart Dinner pro uzav\u0159enou skupinu a\u017e do po\u010dtu 600 lid\u00ed. Pro v\u00edce informac\u00ed n\u00e1s pros\u00edm kontaktujte na info@livecity.cz, nebo telefonn\u00edm \u010d\u00edsle +420 778 091\u00a0222.<\/p>\n<p><img loading=\"lazy\" decoding=\"async\" style=\"display: block; margin-top: 17px;\" src=\"https:\/\/mozartdinner.cz\/wp-content\/uploads\/2024\/01\/MD-webfirm-events-1142x560-1.jpg\" alt=\"\" width=\"1142\" height=\"560\" \/><\/p>\n","protected":false},"excerpt":{"rendered":"<p>R\u00e1di V\u00e1m uspo\u0159\u00e1d\u00e1me Mozart Dinner pro uzav\u0159enou skupinu a\u017e do po\u010dtu 600 lid\u00ed. Pro v\u00edce informac\u00ed n\u00e1s pros\u00edm kontaktujte na info@livecity.cz, nebo telefonn\u00edm \u010d\u00edsle +420 778 091\u00a0222.<\/p>\n","protected":false},"author":1,"featured_media":0,"parent":0,"menu_order":0,"comment_status":"closed","ping_status":"open","template":"","meta":{"footnotes":""},"class_list":["post-2","page","type-page","status-publish","hentry"],"yoast_head":"<!-- This site is optimized with the Yoast SEO plugin v27.2 - https:\/\/yoast.com\/product\/yoast-seo-wordpress\/ -->\n<title>Pro firmy | Ve\u010de\u0159e s Mozartem *****<\/title>\n<meta name=\"robots\" content=\"index, follow, max-snippet:-1, max-image-preview:large, max-video-preview:-1\" \/>\n<link rel=\"canonical\" href=\"https:\/\/mozartdinner.cz\/cs\/pro-firmy\/\" \/>\n<meta property=\"og:locale\" content=\"cs_CZ\" \/>\n<meta property=\"og:type\" content=\"article\" \/>\n<meta property=\"og:title\" content=\"Pro firmy | Ve\u010de\u0159e s Mozartem *****\" \/>\n<meta property=\"og:description\" content=\"R\u00e1di V\u00e1m uspo\u0159\u00e1d\u00e1me Mozart Dinner pro uzav\u0159enou skupinu a\u017e do po\u010dtu 600 lid\u00ed. Pro v\u00edce informac\u00ed n\u00e1s pros\u00edm kontaktujte na info@livecity.cz, nebo telefonn\u00edm \u010d\u00edsle +420 778 091\u00a0222.\" \/>\n<meta property=\"og:url\" content=\"https:\/\/mozartdinner.cz\/cs\/pro-firmy\/\" \/>\n<meta property=\"og:site_name\" content=\"Mozart Dinner *****\" \/>\n<meta property=\"article:modified_time\" content=\"2024-01-11T08:32:30+00:00\" \/>\n<meta property=\"og:image\" content=\"https:\/\/mozartdinner.cz\/wp-content\/uploads\/2024\/01\/MD-webfirm-events-1142x560-1.jpg\" \/>\n<meta name=\"twitter:card\" content=\"summary_large_image\" \/>\n<meta name=\"twitter:label1\" content=\"Odhadovan\u00e1 doba \u010dten\u00ed\" \/>\n\t<meta name=\"twitter:data1\" content=\"1 minuta\" \/>\n<script type=\"application\/ld+json\" class=\"yoast-schema-graph\">{\"@context\":\"https:\/\/schema.org\",\"@graph\":[{\"@type\":\"WebPage\",\"@id\":\"https:\/\/mozartdinner.cz\/cs\/pro-firmy\/\",\"url\":\"https:\/\/mozartdinner.cz\/cs\/pro-firmy\/\",\"name\":\"Pro firmy | Ve\u010de\u0159e s Mozartem *****\",\"isPartOf\":{\"@id\":\"https:\/\/mozartdinner.cz\/#website\"},\"primaryImageOfPage\":{\"@id\":\"https:\/\/mozartdinner.cz\/cs\/pro-firmy\/#primaryimage\"},\"image\":{\"@id\":\"https:\/\/mozartdinner.cz\/cs\/pro-firmy\/#primaryimage\"},\"thumbnailUrl\":\"https:\/\/mozartdinner.cz\/wp-content\/uploads\/2024\/01\/MD-webfirm-events-1142x560-1.jpg\",\"datePublished\":\"2017-04-07T13:09:21+00:00\",\"dateModified\":\"2024-01-11T08:32:30+00:00\",\"breadcrumb\":{\"@id\":\"https:\/\/mozartdinner.cz\/cs\/pro-firmy\/#breadcrumb\"},\"inLanguage\":\"cs\",\"potentialAction\":[{\"@type\":\"ReadAction\",\"target\":[\"https:\/\/mozartdinner.cz\/cs\/pro-firmy\/\"]}]},{\"@type\":\"ImageObject\",\"inLanguage\":\"cs\",\"@id\":\"https:\/\/mozartdinner.cz\/cs\/pro-firmy\/#primaryimage\",\"url\":\"https:\/\/mozartdinner.cz\/wp-content\/uploads\/2024\/01\/MD-webfirm-events-1142x560-1.jpg\",\"contentUrl\":\"https:\/\/mozartdinner.cz\/wp-content\/uploads\/2024\/01\/MD-webfirm-events-1142x560-1.jpg\"},{\"@type\":\"BreadcrumbList\",\"@id\":\"https:\/\/mozartdinner.cz\/cs\/pro-firmy\/#breadcrumb\",\"itemListElement\":[{\"@type\":\"ListItem\",\"position\":1,\"name\":\"Home\",\"item\":\"https:\/\/mozartdinner.cz\/cs\/\"},{\"@type\":\"ListItem\",\"position\":2,\"name\":\"Pro firmy\"}]},{\"@type\":\"WebSite\",\"@id\":\"https:\/\/mozartdinner.cz\/#website\",\"url\":\"https:\/\/mozartdinner.cz\/\",\"name\":\"Mozart Dinner *****\",\"description\":\"Your private opera theater in Prague\",\"potentialAction\":[{\"@type\":\"SearchAction\",\"target\":{\"@type\":\"EntryPoint\",\"urlTemplate\":\"https:\/\/mozartdinner.cz\/?s={search_term_string}\"},\"query-input\":{\"@type\":\"PropertyValueSpecification\",\"valueRequired\":true,\"valueName\":\"search_term_string\"}}],\"inLanguage\":\"cs\"}]}<\/script>\n<!-- \/ Yoast SEO plugin. -->","yoast_head_json":{"title":"Pro firmy | Ve\u010de\u0159e s Mozartem *****","robots":{"index":"index","follow":"follow","max-snippet":"max-snippet:-1","max-image-preview":"max-image-preview:large","max-video-preview":"max-video-preview:-1"},"canonical":"https:\/\/mozartdinner.cz\/cs\/pro-firmy\/","og_locale":"cs_CZ","og_type":"article","og_title":"Pro firmy | Ve\u010de\u0159e s Mozartem *****","og_description":"R\u00e1di V\u00e1m uspo\u0159\u00e1d\u00e1me Mozart Dinner pro uzav\u0159enou skupinu a\u017e do po\u010dtu 600 lid\u00ed. Pro v\u00edce informac\u00ed n\u00e1s pros\u00edm kontaktujte na info@livecity.cz, nebo telefonn\u00edm \u010d\u00edsle +420 778 091\u00a0222.","og_url":"https:\/\/mozartdinner.cz\/cs\/pro-firmy\/","og_site_name":"Mozart Dinner *****","article_modified_time":"2024-01-11T08:32:30+00:00","og_image":[{"url":"https:\/\/mozartdinner.cz\/wp-content\/uploads\/2024\/01\/MD-webfirm-events-1142x560-1.jpg","type":"","width":"","height":""}],"twitter_card":"summary_large_image","twitter_misc":{"Odhadovan\u00e1 doba \u010dten\u00ed":"1 minuta"},"schema":{"@context":"https:\/\/schema.org","@graph":[{"@type":"WebPage","@id":"https:\/\/mozartdinner.cz\/cs\/pro-firmy\/","url":"https:\/\/mozartdinner.cz\/cs\/pro-firmy\/","name":"Pro firmy | Ve\u010de\u0159e s Mozartem *****","isPartOf":{"@id":"https:\/\/mozartdinner.cz\/#website"},"primaryImageOfPage":{"@id":"https:\/\/mozartdinner.cz\/cs\/pro-firmy\/#primaryimage"},"image":{"@id":"https:\/\/mozartdinner.cz\/cs\/pro-firmy\/#primaryimage"},"thumbnailUrl":"https:\/\/mozartdinner.cz\/wp-content\/uploads\/2024\/01\/MD-webfirm-events-1142x560-1.jpg","datePublished":"2017-04-07T13:09:21+00:00","dateModified":"2024-01-11T08:32:30+00:00","breadcrumb":{"@id":"https:\/\/mozartdinner.cz\/cs\/pro-firmy\/#breadcrumb"},"inLanguage":"cs","potentialAction":[{"@type":"ReadAction","target":["https:\/\/mozartdinner.cz\/cs\/pro-firmy\/"]}]},{"@type":"ImageObject","inLanguage":"cs","@id":"https:\/\/mozartdinner.cz\/cs\/pro-firmy\/#primaryimage","url":"https:\/\/mozartdinner.cz\/wp-content\/uploads\/2024\/01\/MD-webfirm-events-1142x560-1.jpg","contentUrl":"https:\/\/mozartdinner.cz\/wp-content\/uploads\/2024\/01\/MD-webfirm-events-1142x560-1.jpg"},{"@type":"BreadcrumbList","@id":"https:\/\/mozartdinner.cz\/cs\/pro-firmy\/#breadcrumb","itemListElement":[{"@type":"ListItem","position":1,"name":"Home","item":"https:\/\/mozartdinner.cz\/cs\/"},{"@type":"ListItem","position":2,"name":"Pro firmy"}]},{"@type":"WebSite","@id":"https:\/\/mozartdinner.cz\/#website","url":"https:\/\/mozartdinner.cz\/","name":"Mozart Dinner *****","description":"Your private opera theater in Prague","potentialAction":[{"@type":"SearchAction","target":{"@type":"EntryPoint","urlTemplate":"https:\/\/mozartdinner.cz\/?s={search_term_string}"},"query-input":{"@type":"PropertyValueSpecification","valueRequired":true,"valueName":"search_term_string"}}],"inLanguage":"cs"}]}},"publishpress_future_workflow_manual_trigger":{"enabledWorkflows":[]},"_links":{"self":[{"href":"https:\/\/mozartdinner.cz\/cs\/wp-json\/wp\/v2\/pages\/2","targetHints":{"allow":["GET"]}}],"collection":[{"href":"https:\/\/mozartdinner.cz\/cs\/wp-json\/wp\/v2\/pages"}],"about":[{"href":"https:\/\/mozartdinner.cz\/cs\/wp-json\/wp\/v2\/types\/page"}],"author":[{"embeddable":true,"href":"https:\/\/mozartdinner.cz\/cs\/wp-json\/wp\/v2\/users\/1"}],"replies":[{"embeddable":true,"href":"https:\/\/mozartdinner.cz\/cs\/wp-json\/wp\/v2\/comments?post=2"}],"version-history":[{"count":8,"href":"https:\/\/mozartdinner.cz\/cs\/wp-json\/wp\/v2\/pages\/2\/revisions"}],"predecessor-version":[{"id":28338,"href":"https:\/\/mozartdinner.cz\/cs\/wp-json\/wp\/v2\/pages\/2\/revisions\/28338"}],"wp:attachment":[{"href":"https:\/\/mozartdinner.cz\/cs\/wp-json\/wp\/v2\/media?parent=2"}],"curies":[{"name":"wp","href":"https:\/\/api.w.org\/{rel}","templated":true}]}}