{"id":162,"date":"2017-04-20T19:03:34","date_gmt":"2017-04-20T17:03:34","guid":{"rendered":"https:\/\/mozartdinner.cz\/o-nas\/"},"modified":"2022-05-24T13:56:51","modified_gmt":"2022-05-24T11:56:51","slug":"o-nas","status":"publish","type":"page","link":"https:\/\/mozartdinner.cz\/cs\/o-nas\/","title":{"rendered":"O n\u00e1s"},"content":{"rendered":"<ul class=\"list-red-dot page-list-16\">\n<li><a href=\"#partners\">Partne\u0159i<\/a><\/li>\n<li><a href=\"#we-support\">Podporujeme<\/a><\/li>\n<\/ul>\n<h1 class=\"nadpisDrinks\"><a id=\"partners\" name=\"partners\"><\/a>Partne\u0159i<\/h1>\n<div class=\"row\">\n<div class=\"col-xs-12 col-sm-12 col-md-6\">\n<div class=\"about-us-partners-box\" style=\"margin-left: 15px; min-height: 180px; border-bottom: 1px solid #cccccc; padding-bottom: 10px; margin-bottom: 20px; margin-right: 15px;\">\n<p class=\"alignright\"><img loading=\"lazy\" decoding=\"async\" class=\"alignright size-full wp-image-251\" src=\"https:\/\/mozartdinner.cz\/wp-content\/uploads\/2017\/04\/logo-fashion-arena.png\" alt=\"\" width=\"170\" height=\"125\" \/><\/p>\n<h3 class=\"nadpis-odrazka\" style=\"margin-bottom: 0px; display: inline-block;\">Fashion Arena Prague Outlet<\/h3>\n<p class=\"partners-page-subcontent\"><a href=\"https:\/\/www.fashion-arena.cz\" target=\"_blank\" rel=\"nofollow noopener noreferrer\">www.fashion-arena.cz<\/a><\/p>\n<\/div>\n<\/div>\n<div class=\"row\">\n<div class=\"col-xs-12 col-sm-12 col-md-6\">\n<div class=\"about-us-partners-box\" style=\"margin-left: 15px; margin-right: 15px; min-height: 180px; border-bottom: 1px solid #cccccc; padding-bottom: 10px; margin-bottom: 20px;\">\n<p class=\"alignright\"><img loading=\"lazy\" decoding=\"async\" class=\"alignright wp-image-17440 \" src=\"https:\/\/mozartdinner.cz\/wp-content\/uploads\/2021\/11\/logo-informuji.jpg\" alt=\"\" width=\"235\" height=\"59\" \/><\/p>\n<h3 class=\"nadpis-odrazka\" style=\"margin-bottom: 0px; display: inline-block;\">Informuji.cz<\/h3>\n<p class=\"partners-page-subcontent\">Kulturn\u00ed kalend\u00e1\u0159, rozcestn\u00edk a r\u00e1dce po cest\u011b za kulturou a v\u00fdlety!<br \/>\n<a href=\"https:\/\/www.informuji.cz\/\" target=\"_blank\" rel=\"nofollow noopener noreferrer\">www.informuji.cz<\/a><\/p>\n<\/div>\n<\/div>\n<div class=\"row\">\n<div class=\"col-xs-12 col-sm-12 col-md-6\">\n<div class=\"about-us-partners-box\" style=\"margin-left: 45px; margin-right: 15px; min-height: 180px; border-bottom: 1px solid #cccccc; padding-bottom: 10px; margin-bottom: 20px;\">\n<h3 class=\"nadpis-odrazka\" style=\"margin-bottom: 0px; display: inline-block;\">VIA MUSICA<\/h3>\n<p class=\"partners-page-subcontent\">PRAGUE TICKET OFFICE<br \/>\n<a href=\"https:\/\/www.pragueticketoffice.com\" target=\"_blank\" rel=\"nofollow noopener noreferrer\">www.pragueticketoffice.com<\/a><\/p>\n<\/div>\n<\/div>\n<div class=\"col-xs-12 col-sm-12 col-md-6\">\n<div class=\"about-us-partners-box\" style=\"margin-left: 15px; min-height: 180px; border-bottom: 1px solid #cccccc; padding-bottom: 10px; margin-bottom: 20px;\">\n<p class=\"alignright\"><img loading=\"lazy\" decoding=\"async\" class=\"alignright size-full wp-image-255\" src=\"https:\/\/mozartdinner.cz\/wp-content\/uploads\/2017\/04\/logo-prague-tickets.png\" alt=\"\" width=\"170\" height=\"45\" \/><\/p>\n<h3 class=\"nadpis-odrazka\" style=\"margin-bottom: 0px; display: inline-block;\">A&amp;A Tickets Online<\/h3>\n<p class=\"partners-page-subcontent\">INTERNATIONAL TICKET PARTNER<br \/>\n<a href=\"https:\/\/www.classicworld.at\" target=\"_blank\" rel=\"nofollow noopener noreferrer\">www.classicworld.at<\/a><br \/>\n<a href=\"https:\/\/www.pragueoperatickets.com\" target=\"_blank\" rel=\"nofollow noopener noreferrer\">www.pragueoperatickets.com<\/a><\/p>\n<\/div>\n<\/div>\n<\/div>\n<div class=\"row\">\n<div class=\"col-xs-12 col-sm-12 col-md-6\">\n<div class=\"about-us-partners-box\" style=\"margin-left: 45px; margin-right: 15px; min-height: 180px; border-bottom: 1px solid #cccccc; padding-bottom: 10px; margin-bottom: 20px;\">\n<h3 class=\"nadpis-odrazka\" style=\"margin-bottom: 0px; display: inline-block;\">Prague-stay.com<\/h3>\n<p class=\"partners-page-subcontent\">Prague Apartment Accommodation<br \/>\n<a href=\"https:\/\/cz.prague-stay.com\/apartmany\/\">cz.prague-stay.com\/apartmany<\/a><\/p>\n<\/div>\n<\/div>\n<div class=\"col-xs-12 col-sm-12 col-md-6\">\n<div class=\"about-us-partners-box\" style=\"margin-left: 15px; min-height: 180px; border-bottom: 1px solid #cccccc; padding-bottom: 10px; margin-bottom: 20px;\">\n<p class=\"alignright\"><img loading=\"lazy\" decoding=\"async\" class=\"alignright wp-image-13483 size-full\" src=\"https:\/\/mozartdinner.cz\/wp-content\/uploads\/2017\/04\/logo-luxus.png\" alt=\"\" width=\"170\" height=\"101\" \/><\/p>\n<h3 class=\"nadpis-odrazka\" style=\"margin-bottom: 0px; display: inline-block;\">LUXUS.cz<\/h3>\n<p class=\"partners-page-subcontent\"><a href=\"https:\/\/www.luxus.cz\" target=\"_blank\" rel=\"nofollow noopener noreferrer\">www.luxus.cz<\/a><\/p>\n<\/div>\n<\/div>\n<\/div>\n<div class=\"row\">\n<div class=\"col-xs-12 col-sm-12 col-md-6\">\n<div class=\"about-us-partners-box\" style=\"margin-left: 45px; margin-right: 15px; min-height: 180px; border-bottom: 1px solid #cccccc; padding-bottom: 10px; margin-bottom: 20px;\">\n<p class=\"alignright\"><img loading=\"lazy\" decoding=\"async\" class=\"alignnone wp-image-15565 \" src=\"https:\/\/mozartdinner.cz\/wp-content\/uploads\/2020\/06\/Sphere_logo.jpg\" alt=\"\" width=\"159\" height=\"68\" \/><\/p>\n<h3 class=\"nadpis-odrazka\" style=\"margin-bottom: 0px; display: inline-block;\">Sphere<\/h3>\n<p class=\"partners-page-subcontent\">Nejv\u011bt\u0161\u00ed v\u011brnostn\u00ed program v \u010cR a SR<br \/>\n<a href=\"https:\/\/www.sphere.cz\" target=\"_blank\" rel=\"nofollow noopener noreferrer\">www.sphere.cz<\/a><\/p>\n<\/div>\n<\/div>\n<div class=\"col-xs-12 col-sm-12 col-md-6\">\n<div class=\"about-us-partners-box\" style=\"margin-left: 15px; min-height: 180px; border-bottom: 1px solid #cccccc; padding-bottom: 10px; margin-bottom: 20px;\">\n<p class=\"alignright\"><img loading=\"lazy\" decoding=\"async\" class=\"alignnone wp-image-15571 \" src=\"https:\/\/mozartdinner.cz\/wp-content\/uploads\/2020\/06\/kudyznudy-RGB.jpg\" alt=\"\" width=\"257\" height=\"43\" \/><\/p>\n<h3 class=\"nadpis-odrazka\" style=\"margin-bottom: 0px; display: inline-block;\">Kudy z nudy<\/h3>\n<p class=\"partners-page-subcontent\">Tipy na v\u00fdlet<br \/>\n<a href=\"https:\/\/www.kudyznudy.cz\/\" target=\"_blank\" rel=\"nofollow noopener noreferrer\">www.kudyznudy.cz<\/a><\/p>\n<\/div>\n<\/div>\n<\/div>\n<\/div>\n<h1><a id=\"we-support\" name=\"we-support\"><\/a>Podporujeme<\/h1>\n<p><img loading=\"lazy\" decoding=\"async\" class=\"alignleft size-full wp-image-241 hidden-sm hidden-md hidden-lg\" style=\"width: 50vw;\" src=\"https:\/\/mozartdinner.cz\/wp-content\/uploads\/2017\/04\/hvozdy.jpg\" alt=\"\" width=\"300\" height=\"168\" \/><img loading=\"lazy\" decoding=\"async\" class=\"alignleft size-full wp-image-241 hidden-xs\" src=\"https:\/\/mozartdinner.cz\/wp-content\/uploads\/2017\/04\/hvozdy.jpg\" alt=\"\" width=\"300\" height=\"168\" \/>V na\u0161em posl\u00e1n\u00ed mluv\u00edme o tom, \u017ee chceme p\u0159in\u00e1\u0161et radost do \u017eivota. Abychom tohoto c\u00edle mohli skute\u010dn\u011b dos\u00e1hnout, rozhodli jsme se v r\u00e1mci spole\u010densk\u00e9 odpov\u011bdnosti na\u0161\u00ed agentury, \u017ee budeme finan\u010dn\u011b podporovat <a href=\"https:\/\/www.css-hvozdy.cz\/\" target=\"_blank\" rel=\"noopener noreferrer\">Centrum soci\u00e1ln\u00edch slu\u017eeb Hvozdy, o. p. s.<\/a>, kter\u00e9 se v\u011bnuje podpo\u0159e lid\u00ed s ment\u00e1ln\u00edm posti\u017een\u00edm.<\/p>\n<p>T\u011b\u0161\u00ed n\u00e1s, \u017ee jsme mohli nav\u00e1zat dlouhodobou spolupr\u00e1ci s touto organizac\u00ed, a \u017ee tak m\u016f\u017eeme pom\u00e1hat dobr\u00e9 v\u011bci.<\/p>\n<\/div>\n","protected":false},"excerpt":{"rendered":"<p>Partne\u0159i Podporujeme Partne\u0159i Fashion Arena Prague Outlet www.fashion-arena.cz Informuji.cz Kulturn\u00ed kalend\u00e1\u0159, rozcestn\u00edk a r\u00e1dce po cest\u011b za kulturou a v\u00fdlety! www.informuji.cz VIA MUSICA PRAGUE TICKET OFFICE www.pragueticketoffice.com A&amp;A Tickets Online INTERNATIONAL TICKET PARTNER www.classicworld.at www.pragueoperatickets.com Prague-stay.com Prague Apartment Accommodation cz.prague-stay.com\/apartmany LUXUS.cz www.luxus.cz Sphere Nejv\u011bt\u0161\u00ed v\u011brnostn\u00ed program v \u010cR a SR www.sphere.cz Kudy z nudy Tipy [&hellip;]<\/p>\n","protected":false},"author":1,"featured_media":0,"parent":0,"menu_order":0,"comment_status":"closed","ping_status":"closed","template":"page_noheader.php","meta":{"footnotes":""},"class_list":["post-162","page","type-page","status-publish","hentry"],"yoast_head":"<!-- This site is optimized with the Yoast SEO plugin v27.2 - https:\/\/yoast.com\/product\/yoast-seo-wordpress\/ -->\n<title>O n\u00e1s | Ve\u010de\u0159e s Mozartem *****<\/title>\n<meta name=\"description\" content=\"P\u0159edstavujeme v\u00e1m partnery Ve\u010de\u0159e s Mozartem. V r\u00e1mci spole\u010densk\u00e9 odpov\u011bdnosti podporujeme osoby s ment\u00e1ln\u00edm posti\u017een\u00edm.\" \/>\n<meta name=\"robots\" content=\"index, follow, max-snippet:-1, max-image-preview:large, max-video-preview:-1\" \/>\n<link rel=\"canonical\" href=\"https:\/\/mozartdinner.cz\/cs\/o-nas\/\" \/>\n<meta property=\"og:locale\" content=\"cs_CZ\" \/>\n<meta property=\"og:type\" content=\"article\" \/>\n<meta property=\"og:title\" content=\"O n\u00e1s | Ve\u010de\u0159e s Mozartem *****\" \/>\n<meta property=\"og:description\" content=\"P\u0159edstavujeme v\u00e1m partnery Ve\u010de\u0159e s Mozartem. V r\u00e1mci spole\u010densk\u00e9 odpov\u011bdnosti podporujeme osoby s ment\u00e1ln\u00edm posti\u017een\u00edm.\" \/>\n<meta property=\"og:url\" content=\"https:\/\/mozartdinner.cz\/cs\/o-nas\/\" \/>\n<meta property=\"og:site_name\" content=\"Mozart Dinner *****\" \/>\n<meta property=\"article:modified_time\" content=\"2022-05-24T11:56:51+00:00\" \/>\n<meta property=\"og:image\" content=\"https:\/\/mozartdinner.cz\/wp-content\/uploads\/2017\/04\/logo-fashion-arena.png\" \/>\n<meta name=\"twitter:card\" content=\"summary_large_image\" \/>\n<meta name=\"twitter:label1\" content=\"Odhadovan\u00e1 doba \u010dten\u00ed\" \/>\n\t<meta name=\"twitter:data1\" content=\"3 minuty\" \/>\n<script type=\"application\/ld+json\" class=\"yoast-schema-graph\">{\"@context\":\"https:\/\/schema.org\",\"@graph\":[{\"@type\":\"WebPage\",\"@id\":\"https:\/\/mozartdinner.cz\/cs\/o-nas\/\",\"url\":\"https:\/\/mozartdinner.cz\/cs\/o-nas\/\",\"name\":\"O n\u00e1s | Ve\u010de\u0159e s Mozartem *****\",\"isPartOf\":{\"@id\":\"https:\/\/mozartdinner.cz\/#website\"},\"primaryImageOfPage\":{\"@id\":\"https:\/\/mozartdinner.cz\/cs\/o-nas\/#primaryimage\"},\"image\":{\"@id\":\"https:\/\/mozartdinner.cz\/cs\/o-nas\/#primaryimage\"},\"thumbnailUrl\":\"https:\/\/mozartdinner.cz\/wp-content\/uploads\/2017\/04\/logo-fashion-arena.png\",\"datePublished\":\"2017-04-20T17:03:34+00:00\",\"dateModified\":\"2022-05-24T11:56:51+00:00\",\"description\":\"P\u0159edstavujeme v\u00e1m partnery Ve\u010de\u0159e s Mozartem. V r\u00e1mci spole\u010densk\u00e9 odpov\u011bdnosti podporujeme osoby s ment\u00e1ln\u00edm posti\u017een\u00edm.\",\"breadcrumb\":{\"@id\":\"https:\/\/mozartdinner.cz\/cs\/o-nas\/#breadcrumb\"},\"inLanguage\":\"cs\",\"potentialAction\":[{\"@type\":\"ReadAction\",\"target\":[\"https:\/\/mozartdinner.cz\/cs\/o-nas\/\"]}]},{\"@type\":\"ImageObject\",\"inLanguage\":\"cs\",\"@id\":\"https:\/\/mozartdinner.cz\/cs\/o-nas\/#primaryimage\",\"url\":\"https:\/\/mozartdinner.cz\/wp-content\/uploads\/2017\/04\/logo-fashion-arena.png\",\"contentUrl\":\"https:\/\/mozartdinner.cz\/wp-content\/uploads\/2017\/04\/logo-fashion-arena.png\"},{\"@type\":\"BreadcrumbList\",\"@id\":\"https:\/\/mozartdinner.cz\/cs\/o-nas\/#breadcrumb\",\"itemListElement\":[{\"@type\":\"ListItem\",\"position\":1,\"name\":\"Home\",\"item\":\"https:\/\/mozartdinner.cz\/cs\/\"},{\"@type\":\"ListItem\",\"position\":2,\"name\":\"O n\u00e1s\"}]},{\"@type\":\"WebSite\",\"@id\":\"https:\/\/mozartdinner.cz\/#website\",\"url\":\"https:\/\/mozartdinner.cz\/\",\"name\":\"Mozart Dinner *****\",\"description\":\"Your private opera theater in Prague\",\"potentialAction\":[{\"@type\":\"SearchAction\",\"target\":{\"@type\":\"EntryPoint\",\"urlTemplate\":\"https:\/\/mozartdinner.cz\/?s={search_term_string}\"},\"query-input\":{\"@type\":\"PropertyValueSpecification\",\"valueRequired\":true,\"valueName\":\"search_term_string\"}}],\"inLanguage\":\"cs\"}]}<\/script>\n<!-- \/ Yoast SEO plugin. -->","yoast_head_json":{"title":"O n\u00e1s | Ve\u010de\u0159e s Mozartem *****","description":"P\u0159edstavujeme v\u00e1m partnery Ve\u010de\u0159e s Mozartem. V r\u00e1mci spole\u010densk\u00e9 odpov\u011bdnosti podporujeme osoby s ment\u00e1ln\u00edm posti\u017een\u00edm.","robots":{"index":"index","follow":"follow","max-snippet":"max-snippet:-1","max-image-preview":"max-image-preview:large","max-video-preview":"max-video-preview:-1"},"canonical":"https:\/\/mozartdinner.cz\/cs\/o-nas\/","og_locale":"cs_CZ","og_type":"article","og_title":"O n\u00e1s | Ve\u010de\u0159e s Mozartem *****","og_description":"P\u0159edstavujeme v\u00e1m partnery Ve\u010de\u0159e s Mozartem. V r\u00e1mci spole\u010densk\u00e9 odpov\u011bdnosti podporujeme osoby s ment\u00e1ln\u00edm posti\u017een\u00edm.","og_url":"https:\/\/mozartdinner.cz\/cs\/o-nas\/","og_site_name":"Mozart Dinner *****","article_modified_time":"2022-05-24T11:56:51+00:00","og_image":[{"url":"https:\/\/mozartdinner.cz\/wp-content\/uploads\/2017\/04\/logo-fashion-arena.png","type":"","width":"","height":""}],"twitter_card":"summary_large_image","twitter_misc":{"Odhadovan\u00e1 doba \u010dten\u00ed":"3 minuty"},"schema":{"@context":"https:\/\/schema.org","@graph":[{"@type":"WebPage","@id":"https:\/\/mozartdinner.cz\/cs\/o-nas\/","url":"https:\/\/mozartdinner.cz\/cs\/o-nas\/","name":"O n\u00e1s | Ve\u010de\u0159e s Mozartem *****","isPartOf":{"@id":"https:\/\/mozartdinner.cz\/#website"},"primaryImageOfPage":{"@id":"https:\/\/mozartdinner.cz\/cs\/o-nas\/#primaryimage"},"image":{"@id":"https:\/\/mozartdinner.cz\/cs\/o-nas\/#primaryimage"},"thumbnailUrl":"https:\/\/mozartdinner.cz\/wp-content\/uploads\/2017\/04\/logo-fashion-arena.png","datePublished":"2017-04-20T17:03:34+00:00","dateModified":"2022-05-24T11:56:51+00:00","description":"P\u0159edstavujeme v\u00e1m partnery Ve\u010de\u0159e s Mozartem. V r\u00e1mci spole\u010densk\u00e9 odpov\u011bdnosti podporujeme osoby s ment\u00e1ln\u00edm posti\u017een\u00edm.","breadcrumb":{"@id":"https:\/\/mozartdinner.cz\/cs\/o-nas\/#breadcrumb"},"inLanguage":"cs","potentialAction":[{"@type":"ReadAction","target":["https:\/\/mozartdinner.cz\/cs\/o-nas\/"]}]},{"@type":"ImageObject","inLanguage":"cs","@id":"https:\/\/mozartdinner.cz\/cs\/o-nas\/#primaryimage","url":"https:\/\/mozartdinner.cz\/wp-content\/uploads\/2017\/04\/logo-fashion-arena.png","contentUrl":"https:\/\/mozartdinner.cz\/wp-content\/uploads\/2017\/04\/logo-fashion-arena.png"},{"@type":"BreadcrumbList","@id":"https:\/\/mozartdinner.cz\/cs\/o-nas\/#breadcrumb","itemListElement":[{"@type":"ListItem","position":1,"name":"Home","item":"https:\/\/mozartdinner.cz\/cs\/"},{"@type":"ListItem","position":2,"name":"O n\u00e1s"}]},{"@type":"WebSite","@id":"https:\/\/mozartdinner.cz\/#website","url":"https:\/\/mozartdinner.cz\/","name":"Mozart Dinner *****","description":"Your private opera theater in Prague","potentialAction":[{"@type":"SearchAction","target":{"@type":"EntryPoint","urlTemplate":"https:\/\/mozartdinner.cz\/?s={search_term_string}"},"query-input":{"@type":"PropertyValueSpecification","valueRequired":true,"valueName":"search_term_string"}}],"inLanguage":"cs"}]}},"publishpress_future_workflow_manual_trigger":{"enabledWorkflows":[]},"_links":{"self":[{"href":"https:\/\/mozartdinner.cz\/cs\/wp-json\/wp\/v2\/pages\/162","targetHints":{"allow":["GET"]}}],"collection":[{"href":"https:\/\/mozartdinner.cz\/cs\/wp-json\/wp\/v2\/pages"}],"about":[{"href":"https:\/\/mozartdinner.cz\/cs\/wp-json\/wp\/v2\/types\/page"}],"author":[{"embeddable":true,"href":"https:\/\/mozartdinner.cz\/cs\/wp-json\/wp\/v2\/users\/1"}],"replies":[{"embeddable":true,"href":"https:\/\/mozartdinner.cz\/cs\/wp-json\/wp\/v2\/comments?post=162"}],"version-history":[{"count":25,"href":"https:\/\/mozartdinner.cz\/cs\/wp-json\/wp\/v2\/pages\/162\/revisions"}],"predecessor-version":[{"id":19785,"href":"https:\/\/mozartdinner.cz\/cs\/wp-json\/wp\/v2\/pages\/162\/revisions\/19785"}],"wp:attachment":[{"href":"https:\/\/mozartdinner.cz\/cs\/wp-json\/wp\/v2\/media?parent=162"}],"curies":[{"name":"wp","href":"https:\/\/api.w.org\/{rel}","templated":true}]}}