{"id":15811,"date":"2020-08-10T12:57:13","date_gmt":"2020-08-10T10:57:13","guid":{"rendered":"https:\/\/mozartdinner.cz\/?page_id=15811"},"modified":"2026-03-12T14:08:36","modified_gmt":"2026-03-12T13:08:36","slug":"cenik-vecere-s-mozartem","status":"publish","type":"page","link":"https:\/\/mozartdinner.cz\/cs\/cenik-vecere-s-mozartem\/","title":{"rendered":"Cen\u00edk"},"content":{"rendered":"<p><img loading=\"lazy\" decoding=\"async\" class=\"alignnone\" src=\"https:\/\/mozartdinner.cz\/wp-content\/uploads\/2022\/06\/11-2-600x400.jpg\" alt=\"cen\u00edk ve\u010de\u0159e s Mozartem\" width=\"600\" height=\"200\" \/><\/p>\n<h3 class=\"nadpis-odrazka\"><strong>3chodov\u00e9 menu s koncertem a neomezenou konzumac\u00ed n\u00e1poj\u016f (nealkoholick\u00e9 a tepl\u00e9 n\u00e1poje, v\u00edno, pivo)<\/strong> \u2013 Cena za 1 osobu<\/h3>\n<div class=\"row\">\n<div class=\"col-xs-8 col-sm-6 col-md-4 col-lg-4\" style=\"padding-left: 45px;\">\n<p>&nbsp;<\/p>\n<p>&nbsp;<\/p>\n<p>1 osoba u stolu pro 8<\/p>\n<p>1 osoba u stolu pro 2<\/p>\n<p>1 osoba u stolu pro 2 v prvn\u00ed \u0159ad\u011b<\/p>\n<p>1 osoba v exkluzivn\u00ed l\u00f3\u017ei pro 2 \u2013 4 osoby<\/p>\n<p>1 d\u00edt\u011b do 12 let \u2013 st\u016fl dle v\u00fdb\u011bru<\/p>\n<\/div>\n<div class=\"col-xs-4 col-sm-6 col-md-4 col-lg-4\">\n<p><strong>Cena platn\u00e1:<\/strong><\/p>\n<p><strong> do 30. 4. 2026 \/ od 1. 5. 2026<\/strong><\/p>\n<p>2 970 K\u010d \/ 3 590 K\u010d<\/p>\n<p>3 620 K\u010d \/ 4 190 K\u010d<\/p>\n<p>4 620 K\u010d \/ 4 690 K\u010d<\/p>\n<p>4 620 K\u010d \/ 4 690 K\u010d<\/p>\n<p>1 840 K\u010d \/ 1 840 K\u010d<\/p>\n<\/div>\n<\/div>\n<h3 class=\"nadpis-odrazka\"><strong>3chodov\u00e9 menu s koncertem s uv\u00edtac\u00edm n\u00e1pojem<\/strong> &#8211; Cena za 1 osobu<\/h3>\n<div class=\"row\">\n<div class=\"col-xs-8 col-sm-6 col-md-4 col-lg-4\" style=\"padding-left: 45px;\">\n<p>&nbsp;<\/p>\n<p>&nbsp;<\/p>\n<p>1 osoba u stolu pro 8<\/p>\n<p>1 osoba u stolu pro 2<\/p>\n<p>1 osoba u stolu pro 2 v prvn\u00ed \u0159ad\u011b<\/p>\n<p>1 osoba v exkluzivn\u00ed l\u00f3\u017ei pro 2 \u2013 4 osoby<\/p>\n<p>1 d\u00edt\u011b do 12 let \u2013 st\u016fl dle v\u00fdb\u011bru<\/p>\n<\/div>\n<div class=\"col-xs-4 col-sm-6 col-md-4 col-lg-4\">\n<p><strong>Cena platn\u00e1:<\/strong><\/p>\n<p><strong> do 30. 4. 2026 \/ od 1. 5. 2026<\/strong><\/p>\n<p>2 340 K\u010d \/ 2 900 K\u010d<\/p>\n<p>2 990 K\u010d \/ 3 500 K\u010d<\/p>\n<p>3 990 K\u010d \/ 4 000 K\u010d<\/p>\n<p>3 990 K\u010d \/ 4 000 K\u010d<\/p>\n<p>1 590 K\u010d \/ 1 590 K\u010d<\/p>\n<\/div>\n<\/div>\n<h3 class=\"nadpis-odrazka\"><strong>Cen\u00edk speci\u00e1ln\u00edch Ve\u010de\u0159\u00ed s Mozartem<\/strong><\/h3>\n<h3 class=\"nadpis-odrazka\"><strong>Zlat\u00e9 menu s koncertem<\/strong> &#8211; Cena za 1 osobu<\/h3>\n<div style=\"padding-left: 30px; padding-bottom: 25px;\"><span style=\"font-size: 12pt;\"><strong>4 chodov\u00e9 menu s neomezenou konzumac\u00ed n\u00e1poj\u016f (nealkoholick\u00e9 a tepl\u00e9 n\u00e1poje, v\u00edno, pivo)<\/strong><\/span><\/div>\n<div class=\"row\">\n<div class=\"col-xs-8 col-sm-8 col-md-4 col-lg-4\" style=\"padding-left: 45px;\">\n<p>&nbsp;<\/p>\n<p>&nbsp;<\/p>\n<p>1 osoba v exkluzivn\u00ed l\u00f3\u017ei pro 2 \u2013 4 osoby<\/p>\n<\/div>\n<div class=\"col-xs-4 col-sm-4 col-md-4 col-lg-4\">\n<p><strong>Cena platn\u00e1:<\/strong><\/p>\n<p><strong> do 30. 4. 2026 \/ od 1. 5. 2026<\/strong><\/p>\n<p>7 990 K\u010d \/ 8 000 K\u010d<\/p>\n<\/div>\n<\/div>\n<h3 class=\"nadpis-odrazka\"><strong>Pouze koncert<\/strong> &#8211; Cena za 1 osobu<\/h3>\n<div class=\"row\">\n<div class=\"col-xs-8 col-sm-6 col-md-4 col-lg-4\" style=\"padding-left: 45px;\">\n<p>&nbsp;<\/p>\n<p>&nbsp;<\/p>\n<p>1 osoba u stolu pro 8<\/p>\n<p>1 osoba u stolu pro 2<\/p>\n<p>1 osoba u stolu pro 2 v prvn\u00ed \u0159ad\u011b<\/p>\n<p>1 osoba v exkluzivn\u00ed l\u00f3\u017ei pro 2 \u2013 4 osoby<\/p>\n<p>1 d\u00edt\u011b do 12 let \u2013 st\u016fl dle v\u00fdb\u011bru<\/p>\n<\/div>\n<div class=\"col-xs-4 col-sm-6 col-md-4 col-lg-4\">\n<p><strong>Cena platn\u00e1:<\/strong><\/p>\n<p><strong> do 30. 4. 2026 \/ od 1. 5. 2026<\/strong><\/p>\n<p>1 740 K\u010d \/ 2 300 K\u010d<\/p>\n<p>2 390 K\u010d \/ 2 900 K\u010d<\/p>\n<p>3 390 K\u010d \/ 3 400 K\u010d<\/p>\n<p>3 390 K\u010d \/ 3 400 K\u010d<\/p>\n<p>1 290 K\u010d \/ 1 290 K\u010d<\/p>\n<\/div>\n<\/div>\n<div class=\"row\">\n<div class=\"col-xs-4 col-sm-4 col-md-4 col-lg-4\"><a class=\"md-link-cart\" style=\"margin: 51px 0 51px 0;\" href=\"https:\/\/mozartdinner.cz\/cs\/vyber-terminu\/\">Nyn\u00ed rezervovat<\/a><\/div>\n<\/div>\n<h3 class=\"nadpis-odrazka\"><strong>V\u00e1no\u010dn\u00ed term\u00edny (24. \u2013 25. 12.) v Boccaccio s\u00e1le v Grand Hotelu Bohemia<\/strong> &#8211; Cena za 1 osobu<\/h3>\n<div style=\"padding-left: 30px; padding-bottom: 25px;\"><span style=\"font-size: 12pt;\"><strong>s neomezenou konzumac\u00ed n\u00e1poj\u016f<\/strong> (nealkoholick\u00e9 a tepl\u00e9 n\u00e1poje, v\u00edno, pivo), <strong>slavnostn\u00edm menu a prodlou\u017een\u00fdm koncertem<\/strong><\/span><\/div>\n<div class=\"row\">\n<div class=\"col-xs-8 col-sm-6 col-md-4 col-lg-4\" style=\"padding-left: 45px;\">\n<p>1 osoba u stolu pro 8<\/p>\n<p>1 osoba u stolu pro 2<\/p>\n<p>1 osoba u stolu pro 2 v prvn\u00ed \u0159ad\u011b<\/p>\n<p>1 osoba v exkluzivn\u00ed l\u00f3\u017ei pro 2 \u2013 4 osoby<\/p>\n<p>1 d\u00edt\u011b do 12 let \u2013 st\u016fl dle v\u00fdb\u011bru<\/p>\n<\/div>\n<div class=\"col-xs-4 col-sm-6 col-md-4 col-lg-4\">\n<p>5 890 K\u010d<\/p>\n<p>6 890 K\u010d<\/p>\n<p>7 890 K\u010d<\/p>\n<p>7 890 K\u010d<\/p>\n<p>3 590 K\u010d<\/p>\n<\/div>\n<\/div>\n<h3 class=\"nadpis-odrazka\"><strong>Silvestrovsk\u00e1 galave\u010de\u0159e (31. 12.) v Boccaccio s\u00e1le v Grand Hotelu Bohemia<\/strong> &#8211; Cena za 1 osobu<\/h3>\n<div style=\"padding-left: 30px; padding-bottom: 25px;\"><span style=\"font-size: 12pt;\"><strong>s uv\u00edtac\u00edm n\u00e1pojem, 2 kanapky, n\u00e1pojov\u00fdm bal\u00ed\u010dkem<\/strong> (neomezen\u00e1 konzumace vody a nealko n\u00e1poj\u016f, 1 l\u00e1hev v\u00edna, 1 \u0161\u00e1lek \u010daje nebo k\u00e1vy), <strong>silvestrovsk\u00e9 6chodov\u00e9 galave\u010de\u0159e, silvestrovsk\u00e9ho programu a p\u016flno\u010dn\u00edho p\u0159\u00edpitku<\/strong><\/span><\/div>\n<div class=\"row\">\n<div class=\"col-xs-8 col-sm-6 col-md-4 col-lg-4\" style=\"padding-left: 45px;\">\n<p>1 osoba u stolu pro 8<\/p>\n<p>1 osoba u stolu pro 2<\/p>\n<p>1 osoba u stolu pro 2 v prvn\u00ed \u0159ad\u011b<\/p>\n<p>1 osoba v exkluzivn\u00ed l\u00f3\u017ei pro 2 \u2013 4 osoby<\/p>\n<p>1 d\u00edt\u011b do 12 let \u2013 st\u016fl dle v\u00fdb\u011bru<\/p>\n<\/div>\n<div class=\"col-xs-4 col-sm-6 col-md-4 col-lg-4\">\n<p>11 990 K\u010d<\/p>\n<p>13 990 K\u010d<\/p>\n<p>15 990 K\u010d<\/p>\n<p>15 990 K\u010d<\/p>\n<p>9 990 K\u010d<\/p>\n<\/div>\n<\/div>\n<p><!--\n\n\n<div class=\"hell-accordition\"><span style=\"font-size: 14pt;\"><strong>Rozlo\u017een\u00ed stol\u016f najdete na na\u0161em e-shopu.<\/strong><\/span><\/div>\n\n\n--><\/p>\n<div class=\"row\">\n<div class=\"col-xs-4 col-sm-4 col-md-4 col-lg-4\"><a class=\"md-link-cart\" style=\"margin: 21px 0 61px 0;\" href=\"https:\/\/mozartdinner.cz\/cs\/vyber-terminu\/\">Nyn\u00ed rezervovat<\/a><\/div>\n<\/div>\n<p><em><span style=\"font-size: 10pt;\">Cen\u00edk je platn\u00fd do 30. 4. 2026. Nov\u00e9 ceny, kter\u00e9 jsou platn\u00e9 od 1. 5. 2026, jsou uveden\u00e9 v z\u00e1vorce. Tento cen\u00edk m\u016f\u017ee b\u00fdt bez \u200ddal\u0161\u00edho nahrazen v \u200dbudoucnosti vydan\u00fdm nov\u00fdm cen\u00edkem.<\/span><\/em><\/p>\n","protected":false},"excerpt":{"rendered":"<p>3chodov\u00e9 menu s koncertem a neomezenou konzumac\u00ed n\u00e1poj\u016f (nealkoholick\u00e9 a tepl\u00e9 n\u00e1poje, v\u00edno, pivo) \u2013 Cena za 1 osobu &nbsp; &nbsp; 1 osoba u stolu pro 8 1 osoba u stolu pro 2 1 osoba u stolu pro 2 v prvn\u00ed \u0159ad\u011b 1 osoba v exkluzivn\u00ed l\u00f3\u017ei pro 2 \u2013 4 osoby 1 d\u00edt\u011b do [&hellip;]<\/p>\n","protected":false},"author":14,"featured_media":0,"parent":0,"menu_order":0,"comment_status":"closed","ping_status":"closed","template":"","meta":{"footnotes":""},"class_list":["post-15811","page","type-page","status-publish","hentry"],"yoast_head":"<!-- This site is optimized with the Yoast SEO plugin v27.2 - https:\/\/yoast.com\/product\/yoast-seo-wordpress\/ -->\n<title>Cen\u00edk - Mozart Dinner *****<\/title>\n<meta name=\"description\" content=\"Cen\u00edk Ve\u010de\u0159e s Mozartem. Luxusn\u00ed ve\u010de\u0159e a nejzn\u00e1m\u011bj\u0161\u00ed \u00e1rie a duety z Mozartov\u00fdch oper. U\u017eijte si nezapomenuteln\u00fd ve\u010der v Praze.\" \/>\n<meta name=\"robots\" content=\"index, follow, max-snippet:-1, max-image-preview:large, max-video-preview:-1\" \/>\n<link rel=\"canonical\" href=\"https:\/\/mozartdinner.cz\/cs\/cenik-vecere-s-mozartem\/\" \/>\n<meta property=\"og:locale\" content=\"cs_CZ\" \/>\n<meta property=\"og:type\" content=\"article\" \/>\n<meta property=\"og:title\" content=\"Cen\u00edk - Mozart Dinner *****\" \/>\n<meta property=\"og:description\" content=\"Cen\u00edk Ve\u010de\u0159e s Mozartem. Luxusn\u00ed ve\u010de\u0159e a nejzn\u00e1m\u011bj\u0161\u00ed \u00e1rie a duety z Mozartov\u00fdch oper. U\u017eijte si nezapomenuteln\u00fd ve\u010der v Praze.\" \/>\n<meta property=\"og:url\" content=\"https:\/\/mozartdinner.cz\/cs\/cenik-vecere-s-mozartem\/\" \/>\n<meta property=\"og:site_name\" content=\"Mozart Dinner *****\" \/>\n<meta property=\"article:modified_time\" content=\"2026-03-12T13:08:36+00:00\" \/>\n<meta property=\"og:image\" content=\"https:\/\/mozartdinner.cz\/wp-content\/uploads\/2022\/06\/11-2-600x400.jpg\" \/>\n<meta name=\"twitter:card\" content=\"summary_large_image\" \/>\n<meta name=\"twitter:label1\" content=\"Odhadovan\u00e1 doba \u010dten\u00ed\" \/>\n\t<meta name=\"twitter:data1\" content=\"3 minuty\" \/>\n<script type=\"application\/ld+json\" class=\"yoast-schema-graph\">{\"@context\":\"https:\/\/schema.org\",\"@graph\":[{\"@type\":\"WebPage\",\"@id\":\"https:\/\/mozartdinner.cz\/cs\/cenik-vecere-s-mozartem\/\",\"url\":\"https:\/\/mozartdinner.cz\/cs\/cenik-vecere-s-mozartem\/\",\"name\":\"Cen\u00edk - Mozart Dinner *****\",\"isPartOf\":{\"@id\":\"https:\/\/mozartdinner.cz\/#website\"},\"primaryImageOfPage\":{\"@id\":\"https:\/\/mozartdinner.cz\/cs\/cenik-vecere-s-mozartem\/#primaryimage\"},\"image\":{\"@id\":\"https:\/\/mozartdinner.cz\/cs\/cenik-vecere-s-mozartem\/#primaryimage\"},\"thumbnailUrl\":\"https:\/\/mozartdinner.cz\/wp-content\/uploads\/2022\/06\/11-2-600x400.jpg\",\"datePublished\":\"2020-08-10T10:57:13+00:00\",\"dateModified\":\"2026-03-12T13:08:36+00:00\",\"description\":\"Cen\u00edk Ve\u010de\u0159e s Mozartem. Luxusn\u00ed ve\u010de\u0159e a nejzn\u00e1m\u011bj\u0161\u00ed \u00e1rie a duety z Mozartov\u00fdch oper. U\u017eijte si nezapomenuteln\u00fd ve\u010der v Praze.\",\"breadcrumb\":{\"@id\":\"https:\/\/mozartdinner.cz\/cs\/cenik-vecere-s-mozartem\/#breadcrumb\"},\"inLanguage\":\"cs\",\"potentialAction\":[{\"@type\":\"ReadAction\",\"target\":[\"https:\/\/mozartdinner.cz\/cs\/cenik-vecere-s-mozartem\/\"]}]},{\"@type\":\"ImageObject\",\"inLanguage\":\"cs\",\"@id\":\"https:\/\/mozartdinner.cz\/cs\/cenik-vecere-s-mozartem\/#primaryimage\",\"url\":\"https:\/\/mozartdinner.cz\/wp-content\/uploads\/2022\/06\/11-2-600x400.jpg\",\"contentUrl\":\"https:\/\/mozartdinner.cz\/wp-content\/uploads\/2022\/06\/11-2-600x400.jpg\"},{\"@type\":\"BreadcrumbList\",\"@id\":\"https:\/\/mozartdinner.cz\/cs\/cenik-vecere-s-mozartem\/#breadcrumb\",\"itemListElement\":[{\"@type\":\"ListItem\",\"position\":1,\"name\":\"Home\",\"item\":\"https:\/\/mozartdinner.cz\/cs\/\"},{\"@type\":\"ListItem\",\"position\":2,\"name\":\"Cen\u00edk\"}]},{\"@type\":\"WebSite\",\"@id\":\"https:\/\/mozartdinner.cz\/#website\",\"url\":\"https:\/\/mozartdinner.cz\/\",\"name\":\"Mozart Dinner *****\",\"description\":\"Your private opera theater in Prague\",\"potentialAction\":[{\"@type\":\"SearchAction\",\"target\":{\"@type\":\"EntryPoint\",\"urlTemplate\":\"https:\/\/mozartdinner.cz\/?s={search_term_string}\"},\"query-input\":{\"@type\":\"PropertyValueSpecification\",\"valueRequired\":true,\"valueName\":\"search_term_string\"}}],\"inLanguage\":\"cs\"}]}<\/script>\n<!-- \/ Yoast SEO plugin. -->","yoast_head_json":{"title":"Cen\u00edk - Mozart Dinner *****","description":"Cen\u00edk Ve\u010de\u0159e s Mozartem. Luxusn\u00ed ve\u010de\u0159e a nejzn\u00e1m\u011bj\u0161\u00ed \u00e1rie a duety z Mozartov\u00fdch oper. U\u017eijte si nezapomenuteln\u00fd ve\u010der v Praze.","robots":{"index":"index","follow":"follow","max-snippet":"max-snippet:-1","max-image-preview":"max-image-preview:large","max-video-preview":"max-video-preview:-1"},"canonical":"https:\/\/mozartdinner.cz\/cs\/cenik-vecere-s-mozartem\/","og_locale":"cs_CZ","og_type":"article","og_title":"Cen\u00edk - Mozart Dinner *****","og_description":"Cen\u00edk Ve\u010de\u0159e s Mozartem. Luxusn\u00ed ve\u010de\u0159e a nejzn\u00e1m\u011bj\u0161\u00ed \u00e1rie a duety z Mozartov\u00fdch oper. U\u017eijte si nezapomenuteln\u00fd ve\u010der v Praze.","og_url":"https:\/\/mozartdinner.cz\/cs\/cenik-vecere-s-mozartem\/","og_site_name":"Mozart Dinner *****","article_modified_time":"2026-03-12T13:08:36+00:00","og_image":[{"url":"https:\/\/mozartdinner.cz\/wp-content\/uploads\/2022\/06\/11-2-600x400.jpg","type":"","width":"","height":""}],"twitter_card":"summary_large_image","twitter_misc":{"Odhadovan\u00e1 doba \u010dten\u00ed":"3 minuty"},"schema":{"@context":"https:\/\/schema.org","@graph":[{"@type":"WebPage","@id":"https:\/\/mozartdinner.cz\/cs\/cenik-vecere-s-mozartem\/","url":"https:\/\/mozartdinner.cz\/cs\/cenik-vecere-s-mozartem\/","name":"Cen\u00edk - Mozart Dinner *****","isPartOf":{"@id":"https:\/\/mozartdinner.cz\/#website"},"primaryImageOfPage":{"@id":"https:\/\/mozartdinner.cz\/cs\/cenik-vecere-s-mozartem\/#primaryimage"},"image":{"@id":"https:\/\/mozartdinner.cz\/cs\/cenik-vecere-s-mozartem\/#primaryimage"},"thumbnailUrl":"https:\/\/mozartdinner.cz\/wp-content\/uploads\/2022\/06\/11-2-600x400.jpg","datePublished":"2020-08-10T10:57:13+00:00","dateModified":"2026-03-12T13:08:36+00:00","description":"Cen\u00edk Ve\u010de\u0159e s Mozartem. Luxusn\u00ed ve\u010de\u0159e a nejzn\u00e1m\u011bj\u0161\u00ed \u00e1rie a duety z Mozartov\u00fdch oper. U\u017eijte si nezapomenuteln\u00fd ve\u010der v Praze.","breadcrumb":{"@id":"https:\/\/mozartdinner.cz\/cs\/cenik-vecere-s-mozartem\/#breadcrumb"},"inLanguage":"cs","potentialAction":[{"@type":"ReadAction","target":["https:\/\/mozartdinner.cz\/cs\/cenik-vecere-s-mozartem\/"]}]},{"@type":"ImageObject","inLanguage":"cs","@id":"https:\/\/mozartdinner.cz\/cs\/cenik-vecere-s-mozartem\/#primaryimage","url":"https:\/\/mozartdinner.cz\/wp-content\/uploads\/2022\/06\/11-2-600x400.jpg","contentUrl":"https:\/\/mozartdinner.cz\/wp-content\/uploads\/2022\/06\/11-2-600x400.jpg"},{"@type":"BreadcrumbList","@id":"https:\/\/mozartdinner.cz\/cs\/cenik-vecere-s-mozartem\/#breadcrumb","itemListElement":[{"@type":"ListItem","position":1,"name":"Home","item":"https:\/\/mozartdinner.cz\/cs\/"},{"@type":"ListItem","position":2,"name":"Cen\u00edk"}]},{"@type":"WebSite","@id":"https:\/\/mozartdinner.cz\/#website","url":"https:\/\/mozartdinner.cz\/","name":"Mozart Dinner *****","description":"Your private opera theater in Prague","potentialAction":[{"@type":"SearchAction","target":{"@type":"EntryPoint","urlTemplate":"https:\/\/mozartdinner.cz\/?s={search_term_string}"},"query-input":{"@type":"PropertyValueSpecification","valueRequired":true,"valueName":"search_term_string"}}],"inLanguage":"cs"}]}},"publishpress_future_workflow_manual_trigger":{"enabledWorkflows":[]},"_links":{"self":[{"href":"https:\/\/mozartdinner.cz\/cs\/wp-json\/wp\/v2\/pages\/15811","targetHints":{"allow":["GET"]}}],"collection":[{"href":"https:\/\/mozartdinner.cz\/cs\/wp-json\/wp\/v2\/pages"}],"about":[{"href":"https:\/\/mozartdinner.cz\/cs\/wp-json\/wp\/v2\/types\/page"}],"author":[{"embeddable":true,"href":"https:\/\/mozartdinner.cz\/cs\/wp-json\/wp\/v2\/users\/14"}],"replies":[{"embeddable":true,"href":"https:\/\/mozartdinner.cz\/cs\/wp-json\/wp\/v2\/comments?post=15811"}],"version-history":[{"count":65,"href":"https:\/\/mozartdinner.cz\/cs\/wp-json\/wp\/v2\/pages\/15811\/revisions"}],"predecessor-version":[{"id":40188,"href":"https:\/\/mozartdinner.cz\/cs\/wp-json\/wp\/v2\/pages\/15811\/revisions\/40188"}],"wp:attachment":[{"href":"https:\/\/mozartdinner.cz\/cs\/wp-json\/wp\/v2\/media?parent=15811"}],"curies":[{"name":"wp","href":"https:\/\/api.w.org\/{rel}","templated":true}]}}