{"id":15503,"date":"2020-05-31T12:46:02","date_gmt":"2020-05-31T10:46:02","guid":{"rendered":"https:\/\/mozartdinner.cz\/?page_id=15503"},"modified":"2022-02-09T20:39:33","modified_gmt":"2022-02-09T19:39:33","slug":"covid-19","status":"publish","type":"page","link":"https:\/\/mozartdinner.cz\/cs\/covid-19\/","title":{"rendered":"Zv\u00fd\u0161en\u00e1 hygienick\u00e1 opat\u0159en\u00ed a vracen\u00ed vstupn\u00e9ho z d\u016fvodu vl\u00e1dn\u00edch na\u0159\u00edzen\u00ed"},"content":{"rendered":"<p><img loading=\"lazy\" decoding=\"async\" class=\"size-medium wp-image-15504 alignleft\" style=\"margin-right: 3em; margin-bottom: 4em;\" src=\"https:\/\/mozartdinner.cz\/wp-content\/uploads\/2020\/05\/mozart-dinner-prague-interior-web-400x600.jpg\" alt=\"\" width=\"400\" height=\"600\" srcset=\"https:\/\/mozartdinner.cz\/wp-content\/uploads\/2020\/05\/mozart-dinner-prague-interior-web-400x600.jpg 400w, https:\/\/mozartdinner.cz\/wp-content\/uploads\/2020\/05\/mozart-dinner-prague-interior-web.jpg 667w\" sizes=\"auto, (max-width: 400px) 100vw, 400px\" \/><strong><span style=\"font-size: 14pt;\">Zv\u00fd\u0161en\u00e1 hygienick\u00e1 opat\u0159en\u00ed<\/span><\/strong><\/p>\n<ol>\n<li><strong>Po celou dobu eventu je povinn\u00e1 ochrana \u00fast a nosu respir\u00e1torem<\/strong> bez v\u00fddechov\u00e9ho ventilu min. t\u0159\u00eddy FFP2 (KN95 \/ N95). Konzumace j\u00eddla a n\u00e1poj\u016f je mo\u017en\u00e1 pouze b\u011bhem pauzy, kdy neprob\u00edh\u00e1 koncertn\u00ed vystoupen\u00ed.<\/li>\n<li>Pravideln\u011b\u00a0dezinfikujeme plochy a p\u0159edm\u011bty, s kter\u00fdmi p\u0159ijdou host\u00e9 do kontaktu.<\/li>\n<li>Pravideln\u011b v\u011btr\u00e1me prostory tam, kde je to mo\u017en\u00e9 (schodi\u0161t\u011b).<\/li>\n<li>Pravideln\u011b kompletn\u011b dezinfikujeme prostory po uzav\u0159en\u00ed provozovny.<\/li>\n<li>M\u00e1me k\u00a0dispozici dezinfekce rukou pro hosty.<\/li>\n<li>Obsluha v\u010d. event mana\u017eera je v respir\u00e1torech.<\/li>\n<li>Periodicky dezinfikujeme n\u00e1stroje a pom\u016fcky v obslu\u017en\u00e9 \u010d\u00e1sti provozu.<\/li>\n<li>Pravideln\u011b kontrolujeme symptomy a dodr\u017eov\u00e1n\u00ed hygienick\u00fdch pravidel person\u00e1lu. P\u0159edev\u0161\u00edm kontrolujeme symptomy nemoci a pou\u017eit\u00ed dezinfekce na ruce. M\u00e1me standardizovan\u00e9 postupy a pro\u0161kolen\u00fd person\u00e1l.<\/li>\n<li>Dodavatel\u00e9 jsou povinni pou\u017e\u00edvat ochrann\u00e9 pom\u016fcky a maj\u00ed z\u00e1kaz vstupovat do z\u00e1zem\u00ed provozovny.<\/li>\n<li>Doporu\u010dujeme bezkontaktn\u00ed platby.<\/li>\n<li>Mezi stoly jsou minim\u00e1ln\u011b 1,5 metrov\u00e9 rozestupy. Ke stol\u016fm pro osm (deset) usazujeme rodiny nebo skupiny, kter\u00e9 p\u0159i\u0161ly spole\u010dn\u011b, nebo maxim\u00e1ln\u011b 8 osob s 1,5 metrov\u00fdmi rozestupy mezi skupinami (rodinami), kter\u00e9 nep\u0159i\u0161ly spole\u010dn\u011b.<\/li>\n<li>S\u00e1l, ve kter\u00e9m se event odehr\u00e1v\u00e1, m\u00e1 sv\u016fj vchod, kter\u00fd je vyu\u017e\u00edv\u00e1n pouze hosty Ve\u010de\u0159e s\u00a0Mozartem v\u00a0dob\u011b, kdy se Ve\u010de\u0159e s\u00a0Mozartem kon\u00e1.<\/li>\n<\/ol>\n<p>Event Ve\u010de\u0159e s\u00a0Mozartem se kon\u00e1 v\u00a0s\u00e1le, kter\u00fd je um\u00edst\u011bn v\u00a0<strong>p\u011bti hv\u011bzdi\u010dkov\u00e9m hotelu<\/strong>, kde je\u00a0<strong>hygienick\u00fd standard<\/strong> i za b\u011b\u017en\u00fdch okolnost\u00ed velmi vysok\u00fd.<\/p>\n<p><strong><span style=\"font-size: 14pt;\">Vracen\u00ed vstupn\u00e9ho<\/span><\/strong><\/p>\n<p>V p\u0159\u00edpad\u011b omezen\u00ed provozu Ve\u010de\u0159e s Mozartem z d\u016fvodu pandemie COVID-19 na z\u00e1klad\u011b vl\u00e1dn\u00edch opat\u0159en\u00ed, V\u00e1m vr\u00e1t\u00edme vstupn\u00e9 pon\u00ed\u017een\u00e9 o bankovn\u00ed a administrativn\u00ed poplatky, nebo vym\u011bn\u00edme ji\u017e zakoupen\u00e9 vstupenky a vouchery na jin\u00fd term\u00edn, nebo prodlou\u017e\u00edme platnost d\u00e1rkov\u00fdch vstupenek a poukaz\u016f. Tato opat\u0159en\u00ed plat\u00ed na vstupenky zakoupen\u00e9 od term\u00ednu 20. 5. 2020 d\u00e1le.<br \/>\nV\u00edce informac\u00ed najdete v\u00a0<a href=\"https:\/\/mozartdinner.cz\/cs\/obchodni-podminky\/\">obchodn\u00edch podm\u00ednk\u00e1ch<\/a>.<\/p>\n<p><strong><span style=\"font-size: 22px; lihe-height: 22px;\">V\u011b\u0159\u00edme, \u017ee v\u00fd\u0161e popsan\u00e1 opat\u0159en\u00ed p\u0159isp\u011bj\u00ed k\u00a0Va\u0161\u00ed bezpe\u010dnosti a flexibilit\u011b a z\u00e1rove\u0148 V\u00e1m dovol\u00ed pln\u011b si vychutnat Ve\u010de\u0159i s\u00a0Mozartem.<\/span><\/strong><\/p>\n","protected":false},"excerpt":{"rendered":"<p>Zv\u00fd\u0161en\u00e1 hygienick\u00e1 opat\u0159en\u00ed Po celou dobu eventu je povinn\u00e1 ochrana \u00fast a nosu respir\u00e1torem bez v\u00fddechov\u00e9ho ventilu min. t\u0159\u00eddy FFP2 (KN95 \/ N95). Konzumace j\u00eddla a n\u00e1poj\u016f je mo\u017en\u00e1 pouze b\u011bhem pauzy, kdy neprob\u00edh\u00e1 koncertn\u00ed vystoupen\u00ed. Pravideln\u011b\u00a0dezinfikujeme plochy a p\u0159edm\u011bty, s kter\u00fdmi p\u0159ijdou host\u00e9 do kontaktu. Pravideln\u011b v\u011btr\u00e1me prostory tam, kde je to mo\u017en\u00e9 (schodi\u0161t\u011b). [&hellip;]<\/p>\n","protected":false},"author":12,"featured_media":0,"parent":0,"menu_order":0,"comment_status":"closed","ping_status":"closed","template":"","meta":{"footnotes":""},"class_list":["post-15503","page","type-page","status-publish","hentry"],"yoast_head":"<!-- This site is optimized with the Yoast SEO plugin v27.6 - https:\/\/yoast.com\/product\/yoast-seo-wordpress\/ -->\n<title>Zv\u00fd\u0161en\u00e1 hygienick\u00e1 opat\u0159en\u00ed a vracen\u00ed vstupn\u00e9ho z d\u016fvodu vl\u00e1dn\u00edch na\u0159\u00edzen\u00ed - Mozart Dinner *****<\/title>\n<meta name=\"robots\" content=\"index, follow, max-snippet:-1, max-image-preview:large, max-video-preview:-1\" \/>\n<link rel=\"canonical\" href=\"https:\/\/mozartdinner.cz\/cs\/covid-19\/\" \/>\n<meta property=\"og:locale\" content=\"cs_CZ\" \/>\n<meta property=\"og:type\" content=\"article\" \/>\n<meta property=\"og:title\" content=\"Zv\u00fd\u0161en\u00e1 hygienick\u00e1 opat\u0159en\u00ed a vracen\u00ed vstupn\u00e9ho z d\u016fvodu vl\u00e1dn\u00edch na\u0159\u00edzen\u00ed - Mozart Dinner *****\" \/>\n<meta property=\"og:description\" content=\"Zv\u00fd\u0161en\u00e1 hygienick\u00e1 opat\u0159en\u00ed Po celou dobu eventu je povinn\u00e1 ochrana \u00fast a nosu respir\u00e1torem bez v\u00fddechov\u00e9ho ventilu min. t\u0159\u00eddy FFP2 (KN95 \/ N95). Konzumace j\u00eddla a n\u00e1poj\u016f je mo\u017en\u00e1 pouze b\u011bhem pauzy, kdy neprob\u00edh\u00e1 koncertn\u00ed vystoupen\u00ed. Pravideln\u011b\u00a0dezinfikujeme plochy a p\u0159edm\u011bty, s kter\u00fdmi p\u0159ijdou host\u00e9 do kontaktu. Pravideln\u011b v\u011btr\u00e1me prostory tam, kde je to mo\u017en\u00e9 (schodi\u0161t\u011b). [&hellip;]\" \/>\n<meta property=\"og:url\" content=\"https:\/\/mozartdinner.cz\/cs\/covid-19\/\" \/>\n<meta property=\"og:site_name\" content=\"Mozart Dinner *****\" \/>\n<meta property=\"article:modified_time\" content=\"2022-02-09T19:39:33+00:00\" \/>\n<meta property=\"og:image\" content=\"https:\/\/mozartdinner.cz\/wp-content\/uploads\/2020\/05\/mozart-dinner-prague-interior-web-400x600.jpg\" \/>\n<meta name=\"twitter:card\" content=\"summary_large_image\" \/>\n<meta name=\"twitter:label1\" content=\"Odhadovan\u00e1 doba \u010dten\u00ed\" \/>\n\t<meta name=\"twitter:data1\" content=\"2 minuty\" \/>\n<script type=\"application\/ld+json\" class=\"yoast-schema-graph\">{\"@context\":\"https:\\\/\\\/schema.org\",\"@graph\":[{\"@type\":\"WebPage\",\"@id\":\"https:\\\/\\\/mozartdinner.cz\\\/cs\\\/covid-19\\\/\",\"url\":\"https:\\\/\\\/mozartdinner.cz\\\/cs\\\/covid-19\\\/\",\"name\":\"Zv\u00fd\u0161en\u00e1 hygienick\u00e1 opat\u0159en\u00ed a vracen\u00ed vstupn\u00e9ho z d\u016fvodu vl\u00e1dn\u00edch na\u0159\u00edzen\u00ed - Mozart Dinner *****\",\"isPartOf\":{\"@id\":\"https:\\\/\\\/mozartdinner.cz\\\/#website\"},\"primaryImageOfPage\":{\"@id\":\"https:\\\/\\\/mozartdinner.cz\\\/cs\\\/covid-19\\\/#primaryimage\"},\"image\":{\"@id\":\"https:\\\/\\\/mozartdinner.cz\\\/cs\\\/covid-19\\\/#primaryimage\"},\"thumbnailUrl\":\"https:\\\/\\\/mozartdinner.cz\\\/wp-content\\\/uploads\\\/2020\\\/05\\\/mozart-dinner-prague-interior-web-400x600.jpg\",\"datePublished\":\"2020-05-31T10:46:02+00:00\",\"dateModified\":\"2022-02-09T19:39:33+00:00\",\"breadcrumb\":{\"@id\":\"https:\\\/\\\/mozartdinner.cz\\\/cs\\\/covid-19\\\/#breadcrumb\"},\"inLanguage\":\"cs\",\"potentialAction\":[{\"@type\":\"ReadAction\",\"target\":[\"https:\\\/\\\/mozartdinner.cz\\\/cs\\\/covid-19\\\/\"]}]},{\"@type\":\"ImageObject\",\"inLanguage\":\"cs\",\"@id\":\"https:\\\/\\\/mozartdinner.cz\\\/cs\\\/covid-19\\\/#primaryimage\",\"url\":\"https:\\\/\\\/mozartdinner.cz\\\/wp-content\\\/uploads\\\/2020\\\/05\\\/mozart-dinner-prague-interior-web-400x600.jpg\",\"contentUrl\":\"https:\\\/\\\/mozartdinner.cz\\\/wp-content\\\/uploads\\\/2020\\\/05\\\/mozart-dinner-prague-interior-web-400x600.jpg\"},{\"@type\":\"BreadcrumbList\",\"@id\":\"https:\\\/\\\/mozartdinner.cz\\\/cs\\\/covid-19\\\/#breadcrumb\",\"itemListElement\":[{\"@type\":\"ListItem\",\"position\":1,\"name\":\"Home\",\"item\":\"https:\\\/\\\/mozartdinner.cz\\\/cs\\\/\"},{\"@type\":\"ListItem\",\"position\":2,\"name\":\"Zv\u00fd\u0161en\u00e1 hygienick\u00e1 opat\u0159en\u00ed a vracen\u00ed vstupn\u00e9ho z d\u016fvodu vl\u00e1dn\u00edch na\u0159\u00edzen\u00ed\"}]},{\"@type\":\"WebSite\",\"@id\":\"https:\\\/\\\/mozartdinner.cz\\\/#website\",\"url\":\"https:\\\/\\\/mozartdinner.cz\\\/\",\"name\":\"Mozart Dinner *****\",\"description\":\"Your private opera theater in Prague\",\"potentialAction\":[{\"@type\":\"SearchAction\",\"target\":{\"@type\":\"EntryPoint\",\"urlTemplate\":\"https:\\\/\\\/mozartdinner.cz\\\/?s={search_term_string}\"},\"query-input\":{\"@type\":\"PropertyValueSpecification\",\"valueRequired\":true,\"valueName\":\"search_term_string\"}}],\"inLanguage\":\"cs\"}]}<\/script>\n<!-- \/ Yoast SEO plugin. -->","yoast_head_json":{"title":"Zv\u00fd\u0161en\u00e1 hygienick\u00e1 opat\u0159en\u00ed a vracen\u00ed vstupn\u00e9ho z d\u016fvodu vl\u00e1dn\u00edch na\u0159\u00edzen\u00ed - Mozart Dinner *****","robots":{"index":"index","follow":"follow","max-snippet":"max-snippet:-1","max-image-preview":"max-image-preview:large","max-video-preview":"max-video-preview:-1"},"canonical":"https:\/\/mozartdinner.cz\/cs\/covid-19\/","og_locale":"cs_CZ","og_type":"article","og_title":"Zv\u00fd\u0161en\u00e1 hygienick\u00e1 opat\u0159en\u00ed a vracen\u00ed vstupn\u00e9ho z d\u016fvodu vl\u00e1dn\u00edch na\u0159\u00edzen\u00ed - Mozart Dinner *****","og_description":"Zv\u00fd\u0161en\u00e1 hygienick\u00e1 opat\u0159en\u00ed Po celou dobu eventu je povinn\u00e1 ochrana \u00fast a nosu respir\u00e1torem bez v\u00fddechov\u00e9ho ventilu min. t\u0159\u00eddy FFP2 (KN95 \/ N95). Konzumace j\u00eddla a n\u00e1poj\u016f je mo\u017en\u00e1 pouze b\u011bhem pauzy, kdy neprob\u00edh\u00e1 koncertn\u00ed vystoupen\u00ed. Pravideln\u011b\u00a0dezinfikujeme plochy a p\u0159edm\u011bty, s kter\u00fdmi p\u0159ijdou host\u00e9 do kontaktu. Pravideln\u011b v\u011btr\u00e1me prostory tam, kde je to mo\u017en\u00e9 (schodi\u0161t\u011b). [&hellip;]","og_url":"https:\/\/mozartdinner.cz\/cs\/covid-19\/","og_site_name":"Mozart Dinner *****","article_modified_time":"2022-02-09T19:39:33+00:00","og_image":[{"url":"https:\/\/mozartdinner.cz\/wp-content\/uploads\/2020\/05\/mozart-dinner-prague-interior-web-400x600.jpg","type":"","width":"","height":""}],"twitter_card":"summary_large_image","twitter_misc":{"Odhadovan\u00e1 doba \u010dten\u00ed":"2 minuty"},"schema":{"@context":"https:\/\/schema.org","@graph":[{"@type":"WebPage","@id":"https:\/\/mozartdinner.cz\/cs\/covid-19\/","url":"https:\/\/mozartdinner.cz\/cs\/covid-19\/","name":"Zv\u00fd\u0161en\u00e1 hygienick\u00e1 opat\u0159en\u00ed a vracen\u00ed vstupn\u00e9ho z d\u016fvodu vl\u00e1dn\u00edch na\u0159\u00edzen\u00ed - Mozart Dinner *****","isPartOf":{"@id":"https:\/\/mozartdinner.cz\/#website"},"primaryImageOfPage":{"@id":"https:\/\/mozartdinner.cz\/cs\/covid-19\/#primaryimage"},"image":{"@id":"https:\/\/mozartdinner.cz\/cs\/covid-19\/#primaryimage"},"thumbnailUrl":"https:\/\/mozartdinner.cz\/wp-content\/uploads\/2020\/05\/mozart-dinner-prague-interior-web-400x600.jpg","datePublished":"2020-05-31T10:46:02+00:00","dateModified":"2022-02-09T19:39:33+00:00","breadcrumb":{"@id":"https:\/\/mozartdinner.cz\/cs\/covid-19\/#breadcrumb"},"inLanguage":"cs","potentialAction":[{"@type":"ReadAction","target":["https:\/\/mozartdinner.cz\/cs\/covid-19\/"]}]},{"@type":"ImageObject","inLanguage":"cs","@id":"https:\/\/mozartdinner.cz\/cs\/covid-19\/#primaryimage","url":"https:\/\/mozartdinner.cz\/wp-content\/uploads\/2020\/05\/mozart-dinner-prague-interior-web-400x600.jpg","contentUrl":"https:\/\/mozartdinner.cz\/wp-content\/uploads\/2020\/05\/mozart-dinner-prague-interior-web-400x600.jpg"},{"@type":"BreadcrumbList","@id":"https:\/\/mozartdinner.cz\/cs\/covid-19\/#breadcrumb","itemListElement":[{"@type":"ListItem","position":1,"name":"Home","item":"https:\/\/mozartdinner.cz\/cs\/"},{"@type":"ListItem","position":2,"name":"Zv\u00fd\u0161en\u00e1 hygienick\u00e1 opat\u0159en\u00ed a vracen\u00ed vstupn\u00e9ho z d\u016fvodu vl\u00e1dn\u00edch na\u0159\u00edzen\u00ed"}]},{"@type":"WebSite","@id":"https:\/\/mozartdinner.cz\/#website","url":"https:\/\/mozartdinner.cz\/","name":"Mozart Dinner *****","description":"Your private opera theater in Prague","potentialAction":[{"@type":"SearchAction","target":{"@type":"EntryPoint","urlTemplate":"https:\/\/mozartdinner.cz\/?s={search_term_string}"},"query-input":{"@type":"PropertyValueSpecification","valueRequired":true,"valueName":"search_term_string"}}],"inLanguage":"cs"}]}},"publishpress_future_workflow_manual_trigger":{"enabledWorkflows":[]},"_links":{"self":[{"href":"https:\/\/mozartdinner.cz\/cs\/wp-json\/wp\/v2\/pages\/15503","targetHints":{"allow":["GET"]}}],"collection":[{"href":"https:\/\/mozartdinner.cz\/cs\/wp-json\/wp\/v2\/pages"}],"about":[{"href":"https:\/\/mozartdinner.cz\/cs\/wp-json\/wp\/v2\/types\/page"}],"author":[{"embeddable":true,"href":"https:\/\/mozartdinner.cz\/cs\/wp-json\/wp\/v2\/users\/12"}],"replies":[{"embeddable":true,"href":"https:\/\/mozartdinner.cz\/cs\/wp-json\/wp\/v2\/comments?post=15503"}],"version-history":[{"count":34,"href":"https:\/\/mozartdinner.cz\/cs\/wp-json\/wp\/v2\/pages\/15503\/revisions"}],"predecessor-version":[{"id":18545,"href":"https:\/\/mozartdinner.cz\/cs\/wp-json\/wp\/v2\/pages\/15503\/revisions\/18545"}],"wp:attachment":[{"href":"https:\/\/mozartdinner.cz\/cs\/wp-json\/wp\/v2\/media?parent=15503"}],"curies":[{"name":"wp","href":"https:\/\/api.w.org\/{rel}","templated":true}]}}