{"id":147,"date":"2017-04-20T19:00:24","date_gmt":"2017-04-20T17:00:24","guid":{"rendered":"https:\/\/mozartdinner.cz\/boccaccio-sal\/"},"modified":"2026-01-14T10:21:18","modified_gmt":"2026-01-14T09:21:18","slug":"boccaccio-sal","status":"publish","type":"page","link":"https:\/\/mozartdinner.cz\/cs\/boccaccio-sal\/","title":{"rendered":"Boccaccio s\u00e1l"},"content":{"rendered":"<div class=\"row\">\n<div class=\"col-xs-12\">\n<p><img loading=\"lazy\" decoding=\"async\" class=\"hidden-xs alignright wp-image-39423 size-full\" style=\"margin-bottom: 20px; margin-left: 30px; width: 57.2807%; height: auto;\" src=\"https:\/\/mozartdinner.cz\/wp-content\/uploads\/2026\/01\/boccaccio-hall-2026-1-web.jpg\" alt=\"\" width=\"1000\" height=\"667\" srcset=\"https:\/\/mozartdinner.cz\/wp-content\/uploads\/2026\/01\/boccaccio-hall-2026-1-web.jpg 1000w, https:\/\/mozartdinner.cz\/wp-content\/uploads\/2026\/01\/boccaccio-hall-2026-1-web-600x400.jpg 600w, https:\/\/mozartdinner.cz\/wp-content\/uploads\/2026\/01\/boccaccio-hall-2026-1-web-768x512.jpg 768w\" sizes=\"auto, (max-width: 1000px) 100vw, 1000px\" \/>Kulin\u00e1\u0159sk\u00e9 a hudebn\u00ed z\u00e1\u017eitky z Ve\u010de\u0159e s Mozartem si m\u016f\u017eete vychutnat v n\u00e1dhern\u00e9m novobarokn\u00edm tane\u010dn\u00edm s\u00e1le Boccaccio.<\/p>\n<p>Ji\u017e v\u00edce ne\u017e 80 let skr\u00fdv\u00e1 Grand Hotel Bohemia sv\u016fj nejkr\u00e1sn\u011bj\u0161\u00ed poklad pod zem\u00ed. Kdy\u017e otev\u0159el pan Steiner v roce 1927 sv\u016fj hotel, p\u0159edstavil ve\u0159ejnosti tak\u00e9 podzemn\u00ed tane\u010dn\u00ed s\u00e1l Boccaccio. Ten se pak stal jedn\u00edm z nejvyhled\u00e1van\u011bj\u0161\u00edch m\u00edst pra\u017esk\u00e9 smet\u00e1nky. Nap\u0159\u00edklad takzvan\u00e9 tane\u010dn\u00ed ve\u010dery, \u201esoir\u00e9es dansantes\u201c tady byly po\u0159\u00e1d\u00e1ny ka\u017ed\u00fd den a bavit se sem tenkr\u00e1t krom mnoha jin\u00fdch chodily i takov\u00e9 osobnosti, jako byl ministr zahrani\u010d\u00ed Jan Masaryk nebo tehdej\u0161\u00ed velvyslanec Spojen\u00fdch st\u00e1t\u016f.<\/p>\n<div class=\"hell-accordition font-georgia\">\n<p>Jm\u00e9no dostal tane\u010dn\u00ed s\u00e1l po Giovannim Boccacciovi a jeho Dekameronu.<\/p>\n<\/div>\n<p>V roce 1993 byla provedena kompletn\u00ed rekonstrukce s\u00e1lu, kter\u00e1 mu navr\u00e1tila kr\u00e1su z lep\u0161\u00edch \u010das\u016f. Um\u011bl\u00fd mramor byl opraven, n\u00e1st\u011bnn\u00e9 dekorace a malby obnoveny a nov\u011b pozlaceny, so\u0161ky mal\u00fdch amork\u016f dr\u017e\u00edc\u00edch hudebn\u00ed n\u00e1stroje \u010di \u0161\u00edpy l\u00e1sky byly pe\u010dliv\u011b zrekonstruov\u00e1ny, zrcadla a lampy vym\u011bn\u011bny. P\u0159es b\u00eddn\u00fd stav s\u00e1lu p\u0159ed rekonstrukc\u00ed se nakonec zachovala \u010d\u00e1st p\u016fvodn\u00ed v\u00fdzdoby.<\/p>\n<p><img loading=\"lazy\" decoding=\"async\" class=\"hidden-sm hidden-md hidden-lg alignnone wp-image-39423 size-medium\" style=\"margin-bottom: 20px;\" src=\"https:\/\/mozartdinner.cz\/wp-content\/uploads\/2026\/01\/boccaccio-hall-2026-1-web-600x400.jpg\" alt=\"\" width=\"600\" height=\"400\" srcset=\"https:\/\/mozartdinner.cz\/wp-content\/uploads\/2026\/01\/boccaccio-hall-2026-1-web-600x400.jpg 600w, https:\/\/mozartdinner.cz\/wp-content\/uploads\/2026\/01\/boccaccio-hall-2026-1-web-768x512.jpg 768w, https:\/\/mozartdinner.cz\/wp-content\/uploads\/2026\/01\/boccaccio-hall-2026-1-web.jpg 1000w\" sizes=\"auto, (max-width: 600px) 100vw, 600px\" \/><\/p>\n<p>Proto v tomto s\u00e1le dnes m\u016f\u017eete obdivovat p\u016fvodn\u00ed parketovou podlahu poskl\u00e1danou z d\u0159ev\u011bn\u00fdch kazet, z nich\u017e je ka\u017ed\u00e1 z nich slo\u017eena z dev\u00edti druh\u016f orient\u00e1ln\u00edch d\u0159ev. \u010cas a tis\u00edce tane\u010dn\u00edch bot udusaly podlahov\u00e9 d\u0159evo natolik, \u017ee p\u0159e\u017eilo i katastrofick\u00e9 povodn\u011b z roku 2002, kdy se podlaha s\u00e1lu ocitla na t\u0159i dny pod metrovou vrstvou kaln\u00e9 vody a bahna. Podlaha je polo\u017eena na d\u0159ev\u011bn\u00e9 m\u0159\u00ed\u017ece, aby se zajistila jej\u00ed pru\u017enost, nohy p\u0159i tanci tolik nebolely a host\u00e9 mohli z\u016fstat je\u0161t\u011b na jednu skleni\u010dku.<\/p>\n<\/div>\n<\/div>\n<div class=\"row\">\n<div class=\"col-xs-12 col-sm-4 hidden-xs\"><img loading=\"lazy\" decoding=\"async\" class=\"alignnone wp-image-184 size-full\" src=\"https:\/\/mozartdinner.cz\/wp-content\/uploads\/2017\/04\/bbballroom1.jpg\" alt=\"ve\u010de\u0159e s mozartem boccaccio s\u00e1l historie\" width=\"315\" height=\"238\" \/><\/div>\n<div class=\"col-xs-12 col-sm-8\">\n<p><img loading=\"lazy\" decoding=\"async\" class=\"hidden-sm hidden-md hidden-lg hell-special-01 alignleft wp-image-184 size-full\" style=\"margin-right: 30px;\" src=\"https:\/\/mozartdinner.cz\/wp-content\/uploads\/2017\/04\/bbballroom1.jpg\" alt=\"ve\u010de\u0159e s mozartem boccaccio s\u00e1l historie\" width=\"315\" height=\"238\" \/><\/p>\n<div class=\"hell-accordition font-georgia hell-special-02\">Zk\u00e1ze unikl tak\u00e9 centr\u00e1ln\u00ed lustr, kter\u00fd byl p\u0159i rekonstrukci sejmut a jeho\u017e 4000 ru\u010dn\u011b vyroben\u00fdch z\u00e1v\u011bsn\u00fdch d\u00edl\u016f bylo pe\u010dliv\u011b vy\u010di\u0161t\u011bno a n\u00e1sledn\u011b znovu zav\u011b\u0161eno. Nyn\u00ed jej m\u016f\u017eete op\u011bt obdivovat v cel\u00e9 jeho jisk\u0159iv\u00e9 kr\u00e1se.<\/div>\n<p>P\u0159ij\u010fte a vychutnejte si pohled na tento n\u00e1dhern\u00fd s\u00e1l, t\u011bsn\u011b spjat\u00fd s histori\u00ed m\u011bsta Prahy.<\/p>\n<div>Akce je vhodn\u00e1 pro d\u011bti od 6 let (s v\u00fdjimkou exkluzivn\u00edch l\u00f3\u017e\u00ed, kter\u00e9 jsou vhodn\u00e9 pro d\u011bti od 2 let). S\u00e1l disponuje bezbari\u00e9rov\u00fdm p\u0159\u00edstupem z hlavn\u00ed recepce hotelu.<\/div>\n<\/div>\n<\/div>\n","protected":false},"excerpt":{"rendered":"<p>Kulin\u00e1\u0159sk\u00e9 a hudebn\u00ed z\u00e1\u017eitky z Ve\u010de\u0159e s Mozartem si m\u016f\u017eete vychutnat v n\u00e1dhern\u00e9m novobarokn\u00edm tane\u010dn\u00edm s\u00e1le Boccaccio. Ji\u017e v\u00edce ne\u017e 80 let skr\u00fdv\u00e1 Grand Hotel Bohemia sv\u016fj nejkr\u00e1sn\u011bj\u0161\u00ed poklad pod zem\u00ed. Kdy\u017e otev\u0159el pan Steiner v roce 1927 sv\u016fj hotel, p\u0159edstavil ve\u0159ejnosti tak\u00e9 podzemn\u00ed tane\u010dn\u00ed s\u00e1l Boccaccio. Ten se pak stal jedn\u00edm z nejvyhled\u00e1van\u011bj\u0161\u00edch m\u00edst [&hellip;]<\/p>\n","protected":false},"author":1,"featured_media":0,"parent":0,"menu_order":0,"comment_status":"closed","ping_status":"closed","template":"","meta":{"footnotes":""},"class_list":["post-147","page","type-page","status-publish","hentry"],"yoast_head":"<!-- This site is optimized with the Yoast SEO plugin v27.2 - https:\/\/yoast.com\/product\/yoast-seo-wordpress\/ -->\n<title>Boccaccio s\u00e1l | Ve\u010de\u0159e s Mozartem ****<\/title>\n<meta name=\"description\" content=\"Pam\u00e1tkov\u011b chr\u00e1n\u011bn\u00fd novobarokn\u00ed tane\u010dn\u00ed s\u00e1l Boccaccio vytv\u00e1\u0159\u00ed honosnou kulisu pro Ve\u010de\u0159i s Mozartem a umoc\u0148uje tak v\u00fdjime\u010dn\u00fd z\u00e1\u017eitek.\" \/>\n<meta name=\"robots\" content=\"index, follow, max-snippet:-1, max-image-preview:large, max-video-preview:-1\" \/>\n<link rel=\"canonical\" href=\"https:\/\/mozartdinner.cz\/cs\/boccaccio-sal\/\" \/>\n<meta property=\"og:locale\" content=\"cs_CZ\" \/>\n<meta property=\"og:type\" content=\"article\" \/>\n<meta property=\"og:title\" content=\"Boccaccio s\u00e1l | Ve\u010de\u0159e s Mozartem ****\" \/>\n<meta property=\"og:description\" content=\"Pam\u00e1tkov\u011b chr\u00e1n\u011bn\u00fd novobarokn\u00ed tane\u010dn\u00ed s\u00e1l Boccaccio vytv\u00e1\u0159\u00ed honosnou kulisu pro Ve\u010de\u0159i s Mozartem a umoc\u0148uje tak v\u00fdjime\u010dn\u00fd z\u00e1\u017eitek.\" \/>\n<meta property=\"og:url\" content=\"https:\/\/mozartdinner.cz\/cs\/boccaccio-sal\/\" \/>\n<meta property=\"og:site_name\" content=\"Mozart Dinner *****\" \/>\n<meta property=\"article:modified_time\" content=\"2026-01-14T09:21:18+00:00\" \/>\n<meta property=\"og:image\" content=\"https:\/\/mozartdinner.cz\/wp-content\/uploads\/2026\/01\/boccaccio-hall-2026-1-web.jpg\" \/>\n\t<meta property=\"og:image:width\" content=\"1000\" \/>\n\t<meta property=\"og:image:height\" content=\"667\" \/>\n\t<meta property=\"og:image:type\" content=\"image\/jpeg\" \/>\n<meta name=\"twitter:card\" content=\"summary_large_image\" \/>\n<meta name=\"twitter:label1\" content=\"Odhadovan\u00e1 doba \u010dten\u00ed\" \/>\n\t<meta name=\"twitter:data1\" content=\"3 minuty\" \/>\n<script type=\"application\/ld+json\" class=\"yoast-schema-graph\">{\"@context\":\"https:\/\/schema.org\",\"@graph\":[{\"@type\":\"WebPage\",\"@id\":\"https:\/\/mozartdinner.cz\/cs\/boccaccio-sal\/\",\"url\":\"https:\/\/mozartdinner.cz\/cs\/boccaccio-sal\/\",\"name\":\"Boccaccio s\u00e1l | Ve\u010de\u0159e s Mozartem ****\",\"isPartOf\":{\"@id\":\"https:\/\/mozartdinner.cz\/#website\"},\"primaryImageOfPage\":{\"@id\":\"https:\/\/mozartdinner.cz\/cs\/boccaccio-sal\/#primaryimage\"},\"image\":{\"@id\":\"https:\/\/mozartdinner.cz\/cs\/boccaccio-sal\/#primaryimage\"},\"thumbnailUrl\":\"https:\/\/mozartdinner.cz\/wp-content\/uploads\/2026\/01\/boccaccio-hall-2026-1-web.jpg\",\"datePublished\":\"2017-04-20T17:00:24+00:00\",\"dateModified\":\"2026-01-14T09:21:18+00:00\",\"description\":\"Pam\u00e1tkov\u011b chr\u00e1n\u011bn\u00fd novobarokn\u00ed tane\u010dn\u00ed s\u00e1l Boccaccio vytv\u00e1\u0159\u00ed honosnou kulisu pro Ve\u010de\u0159i s Mozartem a umoc\u0148uje tak v\u00fdjime\u010dn\u00fd z\u00e1\u017eitek.\",\"breadcrumb\":{\"@id\":\"https:\/\/mozartdinner.cz\/cs\/boccaccio-sal\/#breadcrumb\"},\"inLanguage\":\"cs\",\"potentialAction\":[{\"@type\":\"ReadAction\",\"target\":[\"https:\/\/mozartdinner.cz\/cs\/boccaccio-sal\/\"]}]},{\"@type\":\"ImageObject\",\"inLanguage\":\"cs\",\"@id\":\"https:\/\/mozartdinner.cz\/cs\/boccaccio-sal\/#primaryimage\",\"url\":\"https:\/\/mozartdinner.cz\/wp-content\/uploads\/2026\/01\/boccaccio-hall-2026-1-web.jpg\",\"contentUrl\":\"https:\/\/mozartdinner.cz\/wp-content\/uploads\/2026\/01\/boccaccio-hall-2026-1-web.jpg\"},{\"@type\":\"BreadcrumbList\",\"@id\":\"https:\/\/mozartdinner.cz\/cs\/boccaccio-sal\/#breadcrumb\",\"itemListElement\":[{\"@type\":\"ListItem\",\"position\":1,\"name\":\"Home\",\"item\":\"https:\/\/mozartdinner.cz\/cs\/\"},{\"@type\":\"ListItem\",\"position\":2,\"name\":\"Boccaccio s\u00e1l\"}]},{\"@type\":\"WebSite\",\"@id\":\"https:\/\/mozartdinner.cz\/#website\",\"url\":\"https:\/\/mozartdinner.cz\/\",\"name\":\"Mozart Dinner *****\",\"description\":\"Your private opera theater in Prague\",\"potentialAction\":[{\"@type\":\"SearchAction\",\"target\":{\"@type\":\"EntryPoint\",\"urlTemplate\":\"https:\/\/mozartdinner.cz\/?s={search_term_string}\"},\"query-input\":{\"@type\":\"PropertyValueSpecification\",\"valueRequired\":true,\"valueName\":\"search_term_string\"}}],\"inLanguage\":\"cs\"}]}<\/script>\n<!-- \/ Yoast SEO plugin. -->","yoast_head_json":{"title":"Boccaccio s\u00e1l | Ve\u010de\u0159e s Mozartem ****","description":"Pam\u00e1tkov\u011b chr\u00e1n\u011bn\u00fd novobarokn\u00ed tane\u010dn\u00ed s\u00e1l Boccaccio vytv\u00e1\u0159\u00ed honosnou kulisu pro Ve\u010de\u0159i s Mozartem a umoc\u0148uje tak v\u00fdjime\u010dn\u00fd z\u00e1\u017eitek.","robots":{"index":"index","follow":"follow","max-snippet":"max-snippet:-1","max-image-preview":"max-image-preview:large","max-video-preview":"max-video-preview:-1"},"canonical":"https:\/\/mozartdinner.cz\/cs\/boccaccio-sal\/","og_locale":"cs_CZ","og_type":"article","og_title":"Boccaccio s\u00e1l | Ve\u010de\u0159e s Mozartem ****","og_description":"Pam\u00e1tkov\u011b chr\u00e1n\u011bn\u00fd novobarokn\u00ed tane\u010dn\u00ed s\u00e1l Boccaccio vytv\u00e1\u0159\u00ed honosnou kulisu pro Ve\u010de\u0159i s Mozartem a umoc\u0148uje tak v\u00fdjime\u010dn\u00fd z\u00e1\u017eitek.","og_url":"https:\/\/mozartdinner.cz\/cs\/boccaccio-sal\/","og_site_name":"Mozart Dinner *****","article_modified_time":"2026-01-14T09:21:18+00:00","og_image":[{"width":1000,"height":667,"url":"https:\/\/mozartdinner.cz\/wp-content\/uploads\/2026\/01\/boccaccio-hall-2026-1-web.jpg","type":"image\/jpeg"}],"twitter_card":"summary_large_image","twitter_misc":{"Odhadovan\u00e1 doba \u010dten\u00ed":"3 minuty"},"schema":{"@context":"https:\/\/schema.org","@graph":[{"@type":"WebPage","@id":"https:\/\/mozartdinner.cz\/cs\/boccaccio-sal\/","url":"https:\/\/mozartdinner.cz\/cs\/boccaccio-sal\/","name":"Boccaccio s\u00e1l | Ve\u010de\u0159e s Mozartem ****","isPartOf":{"@id":"https:\/\/mozartdinner.cz\/#website"},"primaryImageOfPage":{"@id":"https:\/\/mozartdinner.cz\/cs\/boccaccio-sal\/#primaryimage"},"image":{"@id":"https:\/\/mozartdinner.cz\/cs\/boccaccio-sal\/#primaryimage"},"thumbnailUrl":"https:\/\/mozartdinner.cz\/wp-content\/uploads\/2026\/01\/boccaccio-hall-2026-1-web.jpg","datePublished":"2017-04-20T17:00:24+00:00","dateModified":"2026-01-14T09:21:18+00:00","description":"Pam\u00e1tkov\u011b chr\u00e1n\u011bn\u00fd novobarokn\u00ed tane\u010dn\u00ed s\u00e1l Boccaccio vytv\u00e1\u0159\u00ed honosnou kulisu pro Ve\u010de\u0159i s Mozartem a umoc\u0148uje tak v\u00fdjime\u010dn\u00fd z\u00e1\u017eitek.","breadcrumb":{"@id":"https:\/\/mozartdinner.cz\/cs\/boccaccio-sal\/#breadcrumb"},"inLanguage":"cs","potentialAction":[{"@type":"ReadAction","target":["https:\/\/mozartdinner.cz\/cs\/boccaccio-sal\/"]}]},{"@type":"ImageObject","inLanguage":"cs","@id":"https:\/\/mozartdinner.cz\/cs\/boccaccio-sal\/#primaryimage","url":"https:\/\/mozartdinner.cz\/wp-content\/uploads\/2026\/01\/boccaccio-hall-2026-1-web.jpg","contentUrl":"https:\/\/mozartdinner.cz\/wp-content\/uploads\/2026\/01\/boccaccio-hall-2026-1-web.jpg"},{"@type":"BreadcrumbList","@id":"https:\/\/mozartdinner.cz\/cs\/boccaccio-sal\/#breadcrumb","itemListElement":[{"@type":"ListItem","position":1,"name":"Home","item":"https:\/\/mozartdinner.cz\/cs\/"},{"@type":"ListItem","position":2,"name":"Boccaccio s\u00e1l"}]},{"@type":"WebSite","@id":"https:\/\/mozartdinner.cz\/#website","url":"https:\/\/mozartdinner.cz\/","name":"Mozart Dinner *****","description":"Your private opera theater in Prague","potentialAction":[{"@type":"SearchAction","target":{"@type":"EntryPoint","urlTemplate":"https:\/\/mozartdinner.cz\/?s={search_term_string}"},"query-input":{"@type":"PropertyValueSpecification","valueRequired":true,"valueName":"search_term_string"}}],"inLanguage":"cs"}]}},"publishpress_future_workflow_manual_trigger":{"enabledWorkflows":[]},"_links":{"self":[{"href":"https:\/\/mozartdinner.cz\/cs\/wp-json\/wp\/v2\/pages\/147","targetHints":{"allow":["GET"]}}],"collection":[{"href":"https:\/\/mozartdinner.cz\/cs\/wp-json\/wp\/v2\/pages"}],"about":[{"href":"https:\/\/mozartdinner.cz\/cs\/wp-json\/wp\/v2\/types\/page"}],"author":[{"embeddable":true,"href":"https:\/\/mozartdinner.cz\/cs\/wp-json\/wp\/v2\/users\/1"}],"replies":[{"embeddable":true,"href":"https:\/\/mozartdinner.cz\/cs\/wp-json\/wp\/v2\/comments?post=147"}],"version-history":[{"count":25,"href":"https:\/\/mozartdinner.cz\/cs\/wp-json\/wp\/v2\/pages\/147\/revisions"}],"predecessor-version":[{"id":39426,"href":"https:\/\/mozartdinner.cz\/cs\/wp-json\/wp\/v2\/pages\/147\/revisions\/39426"}],"wp:attachment":[{"href":"https:\/\/mozartdinner.cz\/cs\/wp-json\/wp\/v2\/media?parent=147"}],"curies":[{"name":"wp","href":"https:\/\/api.w.org\/{rel}","templated":true}]}}