{"id":1243,"date":"2017-08-18T16:42:54","date_gmt":"2017-08-18T14:42:54","guid":{"rendered":"https:\/\/mozartdinner.cz\/?page_id=1243\/"},"modified":"2022-06-10T11:47:30","modified_gmt":"2022-06-10T09:47:30","slug":"silvestr-menu","status":"publish","type":"page","link":"https:\/\/mozartdinner.cz\/cs\/silvestr-menu\/","title":{"rendered":"Silvestr \u2013 Menu"},"content":{"rendered":"<div class=\"row\">\n<div class=\"col-lg-6 col-sm-6 col-md-6 col-xs-12 no-margin-on-last-p\">\n<p><img loading=\"lazy\" decoding=\"async\" class=\"wp-image-20024 size-medium alignleft\" src=\"https:\/\/mozartdinner.cz\/wp-content\/uploads\/2022\/06\/thumb-silvestr-01-600x192.jpg\" alt=\"\" width=\"600\" height=\"192\" srcset=\"https:\/\/mozartdinner.cz\/wp-content\/uploads\/2022\/06\/thumb-silvestr-01-600x192.jpg 600w, https:\/\/mozartdinner.cz\/wp-content\/uploads\/2022\/06\/thumb-silvestr-01-768x245.jpg 768w, https:\/\/mozartdinner.cz\/wp-content\/uploads\/2022\/06\/thumb-silvestr-01.jpg 805w\" sizes=\"auto, (max-width: 600px) 100vw, 600px\" \/><\/p>\n<h3 class=\"nadpis-odrazka\">Vegetari\u00e1nsk\u00e9 menu<\/h3>\n<p>Amuse-bouche<\/p>\n<p>Sal\u00e1t z poln\u00ed\u010dku s gratinovan\u00fdm koz\u00edm s\u00fdrem, karamelizovan\u00fdmi cherry tom\u00e1tky a om\u00e1\u010dkou z pomeran\u010d\u016f 1, 7<\/p>\n<p>H\u0159\u00edbkov\u00e9 kapu\u010d\u00edno zjemn\u011bn\u00e9 smetanou s ml\u00e9\u010dnou p\u011bnou a krutony 1, 3, 7, 9<\/p>\n<p>Limetkov\u00fd sorbet s kapkou vodky<\/p>\n<p>Gratinovan\u00e9 cukety pln\u011bn\u00e9 zeleninov\u00fdm rag\u016f s ma\u010dkan\u00fdmi brambory a tomatovou salsou 7, 9<\/p>\n<p>Dort\u00edk s \u010dokol\u00e1dovou p\u011bnou, ban\u00e1nov\u00fdm kr\u00e9mem a om\u00e1\u010dkou z malin 1, 3, 7<\/p>\n<\/div>\n<div class=\"col-lg-6 col-sm-6 col-md-6 col-xs-12 no-margin-on-last-p\">\n<p><img loading=\"lazy\" decoding=\"async\" class=\"wp-image-20027 size-medium alignleft\" src=\"https:\/\/mozartdinner.cz\/wp-content\/uploads\/2022\/06\/thumb-silvestr-02-600x192.jpg\" alt=\"\" width=\"600\" height=\"192\" srcset=\"https:\/\/mozartdinner.cz\/wp-content\/uploads\/2022\/06\/thumb-silvestr-02-600x192.jpg 600w, https:\/\/mozartdinner.cz\/wp-content\/uploads\/2022\/06\/thumb-silvestr-02-768x245.jpg 768w, https:\/\/mozartdinner.cz\/wp-content\/uploads\/2022\/06\/thumb-silvestr-02.jpg 805w\" sizes=\"auto, (max-width: 600px) 100vw, 600px\" \/><\/p>\n<h3 class=\"nadpis-odrazka\">D\u011btsk\u00e9 menu<\/h3>\n<p>Siln\u00fd dr\u016fbe\u017e\u00ed v\u00fdvar s ko\u0159enovou zeleninou a raviolkami pln\u011bn\u00fdmi dr\u016fbe\u017e\u00edmi j\u00e1try 1, 3, 7, 9<\/p>\n<p>Jahodov\u00fd sorbet s kousky m\u00e1ty<\/p>\n<p>Medailonky z vep\u0159ov\u00e9 panenky s ma\u010dkan\u00fdmi brambory a m\u00e1slovou karotkou 7<\/p>\n<p>Dort\u00edk s \u010dokol\u00e1dovou p\u011bnou, ban\u00e1nov\u00fdm kr\u00e9mem a om\u00e1\u010dkou z malin 1, 3, 7<\/p>\n<\/div>\n<\/div>\n<p><a class=\"mf-button mf-button-auto-width hell-woo-add-me-cart\" style=\"margin-top: 34px;\" rel=\"nofollow\" data-prdid=\"3771\">REZERVACE VSTUPENEK<\/a><\/p>\n","protected":false},"excerpt":{"rendered":"<p>Vegetari\u00e1nsk\u00e9 menu Amuse-bouche Sal\u00e1t z poln\u00ed\u010dku s gratinovan\u00fdm koz\u00edm s\u00fdrem, karamelizovan\u00fdmi cherry tom\u00e1tky a om\u00e1\u010dkou z pomeran\u010d\u016f 1, 7 H\u0159\u00edbkov\u00e9 kapu\u010d\u00edno zjemn\u011bn\u00e9 smetanou s ml\u00e9\u010dnou p\u011bnou a krutony 1, 3, 7, 9 Limetkov\u00fd sorbet s kapkou vodky Gratinovan\u00e9 cukety pln\u011bn\u00e9 zeleninov\u00fdm rag\u016f s ma\u010dkan\u00fdmi brambory a tomatovou salsou 7, 9 Dort\u00edk s \u010dokol\u00e1dovou p\u011bnou, ban\u00e1nov\u00fdm [&hellip;]<\/p>\n","protected":false},"author":3,"featured_media":0,"parent":0,"menu_order":0,"comment_status":"closed","ping_status":"closed","template":"","meta":{"footnotes":""},"class_list":["post-1243","page","type-page","status-publish","hentry"],"yoast_head":"<!-- This site is optimized with the Yoast SEO plugin v27.2 - https:\/\/yoast.com\/product\/yoast-seo-wordpress\/ -->\n<title>Silvestr \u2013 Menu - Mozart Dinner *****<\/title>\n<meta name=\"robots\" content=\"index, follow, max-snippet:-1, max-image-preview:large, max-video-preview:-1\" \/>\n<link rel=\"canonical\" href=\"https:\/\/mozartdinner.cz\/cs\/silvestr-menu\/\" \/>\n<meta property=\"og:locale\" content=\"cs_CZ\" \/>\n<meta property=\"og:type\" content=\"article\" \/>\n<meta property=\"og:title\" content=\"Silvestr \u2013 Menu - Mozart Dinner *****\" \/>\n<meta property=\"og:description\" content=\"Vegetari\u00e1nsk\u00e9 menu Amuse-bouche Sal\u00e1t z poln\u00ed\u010dku s gratinovan\u00fdm koz\u00edm s\u00fdrem, karamelizovan\u00fdmi cherry tom\u00e1tky a om\u00e1\u010dkou z pomeran\u010d\u016f 1, 7 H\u0159\u00edbkov\u00e9 kapu\u010d\u00edno zjemn\u011bn\u00e9 smetanou s ml\u00e9\u010dnou p\u011bnou a krutony 1, 3, 7, 9 Limetkov\u00fd sorbet s kapkou vodky Gratinovan\u00e9 cukety pln\u011bn\u00e9 zeleninov\u00fdm rag\u016f s ma\u010dkan\u00fdmi brambory a tomatovou salsou 7, 9 Dort\u00edk s \u010dokol\u00e1dovou p\u011bnou, ban\u00e1nov\u00fdm [&hellip;]\" \/>\n<meta property=\"og:url\" content=\"https:\/\/mozartdinner.cz\/cs\/silvestr-menu\/\" \/>\n<meta property=\"og:site_name\" content=\"Mozart Dinner *****\" \/>\n<meta property=\"article:modified_time\" content=\"2022-06-10T09:47:30+00:00\" \/>\n<meta property=\"og:image\" content=\"https:\/\/mozartdinner.cz\/wp-content\/uploads\/2022\/06\/thumb-silvestr-01-600x192.jpg\" \/>\n<meta name=\"twitter:card\" content=\"summary_large_image\" \/>\n<meta name=\"twitter:label1\" content=\"Odhadovan\u00e1 doba \u010dten\u00ed\" \/>\n\t<meta name=\"twitter:data1\" content=\"1 minuta\" \/>\n<script type=\"application\/ld+json\" class=\"yoast-schema-graph\">{\"@context\":\"https:\/\/schema.org\",\"@graph\":[{\"@type\":\"WebPage\",\"@id\":\"https:\/\/mozartdinner.cz\/cs\/silvestr-menu\/\",\"url\":\"https:\/\/mozartdinner.cz\/cs\/silvestr-menu\/\",\"name\":\"Silvestr \u2013 Menu - Mozart Dinner *****\",\"isPartOf\":{\"@id\":\"https:\/\/mozartdinner.cz\/#website\"},\"primaryImageOfPage\":{\"@id\":\"https:\/\/mozartdinner.cz\/cs\/silvestr-menu\/#primaryimage\"},\"image\":{\"@id\":\"https:\/\/mozartdinner.cz\/cs\/silvestr-menu\/#primaryimage\"},\"thumbnailUrl\":\"https:\/\/mozartdinner.cz\/wp-content\/uploads\/2022\/06\/thumb-silvestr-01-600x192.jpg\",\"datePublished\":\"2017-08-18T14:42:54+00:00\",\"dateModified\":\"2022-06-10T09:47:30+00:00\",\"breadcrumb\":{\"@id\":\"https:\/\/mozartdinner.cz\/cs\/silvestr-menu\/#breadcrumb\"},\"inLanguage\":\"cs\",\"potentialAction\":[{\"@type\":\"ReadAction\",\"target\":[\"https:\/\/mozartdinner.cz\/cs\/silvestr-menu\/\"]}]},{\"@type\":\"ImageObject\",\"inLanguage\":\"cs\",\"@id\":\"https:\/\/mozartdinner.cz\/cs\/silvestr-menu\/#primaryimage\",\"url\":\"https:\/\/mozartdinner.cz\/wp-content\/uploads\/2022\/06\/thumb-silvestr-01-600x192.jpg\",\"contentUrl\":\"https:\/\/mozartdinner.cz\/wp-content\/uploads\/2022\/06\/thumb-silvestr-01-600x192.jpg\"},{\"@type\":\"BreadcrumbList\",\"@id\":\"https:\/\/mozartdinner.cz\/cs\/silvestr-menu\/#breadcrumb\",\"itemListElement\":[{\"@type\":\"ListItem\",\"position\":1,\"name\":\"Home\",\"item\":\"https:\/\/mozartdinner.cz\/cs\/\"},{\"@type\":\"ListItem\",\"position\":2,\"name\":\"Silvestr \u2013 Menu\"}]},{\"@type\":\"WebSite\",\"@id\":\"https:\/\/mozartdinner.cz\/#website\",\"url\":\"https:\/\/mozartdinner.cz\/\",\"name\":\"Mozart Dinner *****\",\"description\":\"Your private opera theater in Prague\",\"potentialAction\":[{\"@type\":\"SearchAction\",\"target\":{\"@type\":\"EntryPoint\",\"urlTemplate\":\"https:\/\/mozartdinner.cz\/?s={search_term_string}\"},\"query-input\":{\"@type\":\"PropertyValueSpecification\",\"valueRequired\":true,\"valueName\":\"search_term_string\"}}],\"inLanguage\":\"cs\"}]}<\/script>\n<!-- \/ Yoast SEO plugin. -->","yoast_head_json":{"title":"Silvestr \u2013 Menu - Mozart Dinner *****","robots":{"index":"index","follow":"follow","max-snippet":"max-snippet:-1","max-image-preview":"max-image-preview:large","max-video-preview":"max-video-preview:-1"},"canonical":"https:\/\/mozartdinner.cz\/cs\/silvestr-menu\/","og_locale":"cs_CZ","og_type":"article","og_title":"Silvestr \u2013 Menu - Mozart Dinner *****","og_description":"Vegetari\u00e1nsk\u00e9 menu Amuse-bouche Sal\u00e1t z poln\u00ed\u010dku s gratinovan\u00fdm koz\u00edm s\u00fdrem, karamelizovan\u00fdmi cherry tom\u00e1tky a om\u00e1\u010dkou z pomeran\u010d\u016f 1, 7 H\u0159\u00edbkov\u00e9 kapu\u010d\u00edno zjemn\u011bn\u00e9 smetanou s ml\u00e9\u010dnou p\u011bnou a krutony 1, 3, 7, 9 Limetkov\u00fd sorbet s kapkou vodky Gratinovan\u00e9 cukety pln\u011bn\u00e9 zeleninov\u00fdm rag\u016f s ma\u010dkan\u00fdmi brambory a tomatovou salsou 7, 9 Dort\u00edk s \u010dokol\u00e1dovou p\u011bnou, ban\u00e1nov\u00fdm [&hellip;]","og_url":"https:\/\/mozartdinner.cz\/cs\/silvestr-menu\/","og_site_name":"Mozart Dinner *****","article_modified_time":"2022-06-10T09:47:30+00:00","og_image":[{"url":"https:\/\/mozartdinner.cz\/wp-content\/uploads\/2022\/06\/thumb-silvestr-01-600x192.jpg","type":"","width":"","height":""}],"twitter_card":"summary_large_image","twitter_misc":{"Odhadovan\u00e1 doba \u010dten\u00ed":"1 minuta"},"schema":{"@context":"https:\/\/schema.org","@graph":[{"@type":"WebPage","@id":"https:\/\/mozartdinner.cz\/cs\/silvestr-menu\/","url":"https:\/\/mozartdinner.cz\/cs\/silvestr-menu\/","name":"Silvestr \u2013 Menu - Mozart Dinner *****","isPartOf":{"@id":"https:\/\/mozartdinner.cz\/#website"},"primaryImageOfPage":{"@id":"https:\/\/mozartdinner.cz\/cs\/silvestr-menu\/#primaryimage"},"image":{"@id":"https:\/\/mozartdinner.cz\/cs\/silvestr-menu\/#primaryimage"},"thumbnailUrl":"https:\/\/mozartdinner.cz\/wp-content\/uploads\/2022\/06\/thumb-silvestr-01-600x192.jpg","datePublished":"2017-08-18T14:42:54+00:00","dateModified":"2022-06-10T09:47:30+00:00","breadcrumb":{"@id":"https:\/\/mozartdinner.cz\/cs\/silvestr-menu\/#breadcrumb"},"inLanguage":"cs","potentialAction":[{"@type":"ReadAction","target":["https:\/\/mozartdinner.cz\/cs\/silvestr-menu\/"]}]},{"@type":"ImageObject","inLanguage":"cs","@id":"https:\/\/mozartdinner.cz\/cs\/silvestr-menu\/#primaryimage","url":"https:\/\/mozartdinner.cz\/wp-content\/uploads\/2022\/06\/thumb-silvestr-01-600x192.jpg","contentUrl":"https:\/\/mozartdinner.cz\/wp-content\/uploads\/2022\/06\/thumb-silvestr-01-600x192.jpg"},{"@type":"BreadcrumbList","@id":"https:\/\/mozartdinner.cz\/cs\/silvestr-menu\/#breadcrumb","itemListElement":[{"@type":"ListItem","position":1,"name":"Home","item":"https:\/\/mozartdinner.cz\/cs\/"},{"@type":"ListItem","position":2,"name":"Silvestr \u2013 Menu"}]},{"@type":"WebSite","@id":"https:\/\/mozartdinner.cz\/#website","url":"https:\/\/mozartdinner.cz\/","name":"Mozart Dinner *****","description":"Your private opera theater in Prague","potentialAction":[{"@type":"SearchAction","target":{"@type":"EntryPoint","urlTemplate":"https:\/\/mozartdinner.cz\/?s={search_term_string}"},"query-input":{"@type":"PropertyValueSpecification","valueRequired":true,"valueName":"search_term_string"}}],"inLanguage":"cs"}]}},"publishpress_future_workflow_manual_trigger":{"enabledWorkflows":[]},"_links":{"self":[{"href":"https:\/\/mozartdinner.cz\/cs\/wp-json\/wp\/v2\/pages\/1243","targetHints":{"allow":["GET"]}}],"collection":[{"href":"https:\/\/mozartdinner.cz\/cs\/wp-json\/wp\/v2\/pages"}],"about":[{"href":"https:\/\/mozartdinner.cz\/cs\/wp-json\/wp\/v2\/types\/page"}],"author":[{"embeddable":true,"href":"https:\/\/mozartdinner.cz\/cs\/wp-json\/wp\/v2\/users\/3"}],"replies":[{"embeddable":true,"href":"https:\/\/mozartdinner.cz\/cs\/wp-json\/wp\/v2\/comments?post=1243"}],"version-history":[{"count":17,"href":"https:\/\/mozartdinner.cz\/cs\/wp-json\/wp\/v2\/pages\/1243\/revisions"}],"predecessor-version":[{"id":20029,"href":"https:\/\/mozartdinner.cz\/cs\/wp-json\/wp\/v2\/pages\/1243\/revisions\/20029"}],"wp:attachment":[{"href":"https:\/\/mozartdinner.cz\/cs\/wp-json\/wp\/v2\/media?parent=1243"}],"curies":[{"name":"wp","href":"https:\/\/api.w.org\/{rel}","templated":true}]}}